{"id":1103,"date":"2016-11-20T00:11:37","date_gmt":"2016-11-19T23:11:37","guid":{"rendered":"http:\/\/www.chikudo-bamboo-flutes.com\/?page_id=1103"},"modified":"2019-12-16T11:14:37","modified_gmt":"2019-12-16T10:14:37","slug":"garanties","status":"publish","type":"page","link":"http:\/\/www.chikudo-bamboo-flutes.com\/fr\/atelier\/garanties\/","title":{"rendered":"Garanties"},"content":{"rendered":"\n<style type=\"text\/css\" data-created_by=\"avia_inline_auto\" id=\"style-css-av-qxm57z-efcf3a1f9cc094395423c7acdd9cfef5\">\n.flex_column.av-qxm57z-efcf3a1f9cc094395423c7acdd9cfef5{\nborder-radius:0px 0px 0px 0px;\npadding:0px 0px 0px 0px;\n}\n<\/style>\n<div  class='flex_column av-qxm57z-efcf3a1f9cc094395423c7acdd9cfef5 av_one_full  avia-builder-el-0  el_before_av_one_third  avia-builder-el-first  first flex_column_div av-zero-column-padding  '     ><p>\n<style type=\"text\/css\" data-created_by=\"avia_inline_auto\" id=\"style-css-av-pkxj33-8efc240db4da447acb210929b5b5e5aa\">\n#top .av-special-heading.av-pkxj33-8efc240db4da447acb210929b5b5e5aa{\npadding-bottom:10px;\n}\nbody .av-special-heading.av-pkxj33-8efc240db4da447acb210929b5b5e5aa .av-special-heading-tag .heading-char{\nfont-size:25px;\n}\n.av-special-heading.av-pkxj33-8efc240db4da447acb210929b5b5e5aa .av-subheading{\nfont-size:15px;\n}\n<\/style>\n<div  class='av-special-heading av-pkxj33-8efc240db4da447acb210929b5b5e5aa av-special-heading-h1 blockquote classic-quote  avia-builder-el-1  el_before_av_image  avia-builder-el-first '><h1 class='av-special-heading-tag '  itemprop=\"headline\"  >Les engagements<\/h1><div class='av-subheading av-subheading_below'><p>de l&rsquo;atelier Chikudo<\/p>\n<\/div><div class=\"special-heading-border\"><div class=\"special-heading-inner-border\"><\/div><\/div><\/div><br \/>\n\n<style type=\"text\/css\" data-created_by=\"avia_inline_auto\" id=\"style-css-av-ny3h33-b98d0b528812e7ce8d013a0489e2496c\">\n.avia-image-container.av-ny3h33-b98d0b528812e7ce8d013a0489e2496c img.avia_image{\nbox-shadow:none;\n}\n.avia-image-container.av-ny3h33-b98d0b528812e7ce8d013a0489e2496c .av-image-caption-overlay-center{\ncolor:#ffffff;\n}\n<\/style>\n<div  class='avia-image-container av-ny3h33-b98d0b528812e7ce8d013a0489e2496c av-styling- avia-align-center  avia-builder-el-2  el_after_av_heading  el_before_av_hr '   itemprop=\"image\" itemscope=\"itemscope\" itemtype=\"https:\/\/schema.org\/ImageObject\" ><div class=\"avia-image-container-inner\"><div class=\"avia-image-overlay-wrap\"><img decoding=\"async\" fetchpriority=\"high\" class='wp-image-1148 avia-img-lazy-loading-not-1148 avia_image ' src=\"http:\/\/www.chikudo-bamboo-flutes.com\/wp-content\/uploads\/2016\/06\/trait-pinceau-hz.png\" alt='' title='trait-pinceau-hz'  height=\"108\" width=\"1500\"  itemprop=\"thumbnailUrl\" srcset=\"http:\/\/www.chikudo-bamboo-flutes.com\/wp-content\/uploads\/2016\/06\/trait-pinceau-hz.png 1500w, http:\/\/www.chikudo-bamboo-flutes.com\/wp-content\/uploads\/2016\/06\/trait-pinceau-hz-400x29.png 400w, http:\/\/www.chikudo-bamboo-flutes.com\/wp-content\/uploads\/2016\/06\/trait-pinceau-hz-768x55.png 768w, http:\/\/www.chikudo-bamboo-flutes.com\/wp-content\/uploads\/2016\/06\/trait-pinceau-hz-800x58.png 800w, http:\/\/www.chikudo-bamboo-flutes.com\/wp-content\/uploads\/2016\/06\/trait-pinceau-hz-705x51.png 705w, http:\/\/www.chikudo-bamboo-flutes.com\/wp-content\/uploads\/2016\/06\/trait-pinceau-hz-450x32.png 450w\" sizes=\"(max-width: 1500px) 100vw, 1500px\" \/><\/div><\/div><\/div><br \/>\n\n<style type=\"text\/css\" data-created_by=\"avia_inline_auto\" id=\"style-css-av-muwxrj-ed3c147ea466e6e7072dd47744c919ba\">\n#top .hr.hr-invisible.av-muwxrj-ed3c147ea466e6e7072dd47744c919ba{\nheight:30px;\n}\n<\/style>\n<div  class='hr av-muwxrj-ed3c147ea466e6e7072dd47744c919ba hr-invisible  avia-builder-el-3  el_after_av_image  avia-builder-el-last '><span class='hr-inner '><span class=\"hr-inner-style\"><\/span><\/span><\/div><\/p><\/div>\n<div class='flex_column_table av-l0gqxr-782231778debcb114a844d441d0b3a9a sc-av_one_third av-equal-height-column-flextable'>\n<style type=\"text\/css\" data-created_by=\"avia_inline_auto\" id=\"style-css-av-l0gqxr-782231778debcb114a844d441d0b3a9a\">\n.flex_column.av-l0gqxr-782231778debcb114a844d441d0b3a9a{\nborder-width:1px;\nborder-color:#80442a;\nborder-style:solid;\nborder-radius:5px 5px 5px 5px;\npadding:15px 10px 15px 10px;\nbackground:url(http:\/\/www.chikudo-bamboo-flutes.com\/wp-content\/uploads\/2016\/06\/texture-kraft-transparent-1.png) 0% 0% no-repeat scroll ;\n}\n<\/style>\n<div  class='flex_column av-l0gqxr-782231778debcb114a844d441d0b3a9a av_one_third  avia-builder-el-4  el_after_av_one_full  el_before_av_one_third  first flex_column_table_cell av-equal-height-column av-align-top  column-top-margin'     ><p>\n<style type=\"text\/css\" data-created_by=\"avia_inline_auto\" id=\"style-css-av-av_heading-14c6be9e1ab5b6f501ea085db41eebec\">\n#top .av-special-heading.av-av_heading-14c6be9e1ab5b6f501ea085db41eebec{\npadding-bottom:10px;\nfont-size:25px;\n}\nbody .av-special-heading.av-av_heading-14c6be9e1ab5b6f501ea085db41eebec .av-special-heading-tag .heading-char{\nfont-size:25px;\n}\n#top #wrap_all .av-special-heading.av-av_heading-14c6be9e1ab5b6f501ea085db41eebec .av-special-heading-tag{\nfont-size:25px;\n}\n.av-special-heading.av-av_heading-14c6be9e1ab5b6f501ea085db41eebec .av-subheading{\nfont-size:15px;\n}\n\n@media only screen and (min-width: 480px) and (max-width: 767px){ \n#top #wrap_all .av-special-heading.av-av_heading-14c6be9e1ab5b6f501ea085db41eebec .av-special-heading-tag{\nfont-size:0.8em;\n}\n}\n\n@media only screen and (max-width: 479px){ \n#top #wrap_all .av-special-heading.av-av_heading-14c6be9e1ab5b6f501ea085db41eebec .av-special-heading-tag{\nfont-size:0.8em;\n}\n}\n<\/style>\n<div  class='av-special-heading av-av_heading-14c6be9e1ab5b6f501ea085db41eebec av-special-heading-h3 blockquote classic-quote  avia-builder-el-5  el_before_av_hr  avia-builder-el-first  av-inherit-size'><h3 class='av-special-heading-tag '  itemprop=\"headline\"  >Garantie<\/h3><div class=\"special-heading-border\"><div class=\"special-heading-inner-border\"><\/div><\/div><\/div><br \/>\n\n<style type=\"text\/css\" data-created_by=\"avia_inline_auto\" id=\"style-css-av-h4bqkf-1ec9d230954387482e955cf69a69177c\">\n#top .hr.av-h4bqkf-1ec9d230954387482e955cf69a69177c{\nmargin-top:5px;\nmargin-bottom:5px;\n}\n.hr.av-h4bqkf-1ec9d230954387482e955cf69a69177c .hr-inner{\nwidth:40px;\nborder-color:#80442a;\nmax-width:45%;\n}\n.hr.av-h4bqkf-1ec9d230954387482e955cf69a69177c .av-seperator-icon{\ncolor:#246604;\n}\n<\/style>\n<div  class='hr av-h4bqkf-1ec9d230954387482e955cf69a69177c hr-custom  avia-builder-el-6  el_after_av_heading  el_before_av_textblock  hr-center hr-icon-yes'><span class='hr-inner inner-border-av-border-fat'><span class=\"hr-inner-style\"><\/span><\/span><span class='av-seperator-icon' aria-hidden='true' data-av_icon='\ue8b8' data-av_iconfont='entypo-fontello'><\/span><span class='hr-inner inner-border-av-border-fat'><span class=\"hr-inner-style\"><\/span><\/span><\/div><br \/>\n<section  class='av_textblock_section av-ga1mqn-d490f2a356a94ee9638b58c8b470e6f7 '   itemscope=\"itemscope\" itemtype=\"https:\/\/schema.org\/CreativeWork\" ><div class='avia_textblock'  itemprop=\"text\" ><p>Mon objectif \u00e9tant que mes flutes soient jou\u00e9es et vous apportent une pleine satisfaction,<br \/>\nelles sont donc <strong>garanties \u00e0 vie en r\u00e9parations<\/strong> si jamais elles venaient \u00e0 fendre<br \/>\n(ce qui peut arriver sur un petit pourcentage de flutes, le Bambou demeurant un mat\u00e9riau vivant).<br \/>\nDans ce cas, l&rsquo;instrument est toujours r\u00e9parable.<br \/>\n(il ne vous en coute alors que les frais pour me le renvoyer.)<\/p>\n<p>En revanche, si la flute est abim\u00e9e par manque de soins<br \/>\n(\u00ab\u00a0<em>j&rsquo;ai roul\u00e9 avec ma voiture dessus&#8230;<\/em>\u00ab\u00a0, \u00ab\u00a0<em>mon chien l&rsquo;a mang\u00e9e<\/em>\u00a0\u00bb &#8211; d\u00e9j\u00e0 vu !),<br \/>\nla r\u00e9paration -si elle est possible- vous sera factur\u00e9e.<\/p>\n<p style=\"text-align: center;\">&#8230;&#8230;&#8230;&#8230;&#8230;.<\/p>\n<p>Pour les travaux de r\u00e9paration ou de restauration de shakuhachi, la garantie est d&rsquo;un an.<\/p>\n<\/div><\/section><\/p><\/div><div class='av-flex-placeholder'><\/div>\n<style type=\"text\/css\" data-created_by=\"avia_inline_auto\" id=\"style-css-av-dr4qnz-59b0818ccccfc6d2dbebf590f8df9d28\">\n.flex_column.av-dr4qnz-59b0818ccccfc6d2dbebf590f8df9d28{\nborder-width:1px;\nborder-color:#80442a;\nborder-style:solid;\nborder-radius:5px 5px 5px 5px;\npadding:15px 10px 15px 10px;\nbackground:url(http:\/\/www.chikudo-bamboo-flutes.com\/wp-content\/uploads\/2016\/06\/texture-kraft-transparent-1.png) 0% 0% no-repeat scroll ;\n}\n<\/style>\n<div  class='flex_column av-dr4qnz-59b0818ccccfc6d2dbebf590f8df9d28 av_one_third  avia-builder-el-8  el_after_av_one_third  el_before_av_one_third  flex_column_table_cell av-equal-height-column av-align-top  column-top-margin'     ><p>\n<style type=\"text\/css\" data-created_by=\"avia_inline_auto\" id=\"style-css-av-cj7dnj-2e17874d68fad30f86e5442ac696e250\">\n#top .av-special-heading.av-cj7dnj-2e17874d68fad30f86e5442ac696e250{\npadding-bottom:10px;\nfont-size:25px;\n}\nbody .av-special-heading.av-cj7dnj-2e17874d68fad30f86e5442ac696e250 .av-special-heading-tag .heading-char{\nfont-size:25px;\n}\n#top #wrap_all .av-special-heading.av-cj7dnj-2e17874d68fad30f86e5442ac696e250 .av-special-heading-tag{\nfont-size:25px;\n}\n.av-special-heading.av-cj7dnj-2e17874d68fad30f86e5442ac696e250 .av-subheading{\nfont-size:15px;\n}\n\n@media only screen and (min-width: 480px) and (max-width: 767px){ \n#top #wrap_all .av-special-heading.av-cj7dnj-2e17874d68fad30f86e5442ac696e250 .av-special-heading-tag{\nfont-size:0.8em;\n}\n}\n\n@media only screen and (max-width: 479px){ \n#top #wrap_all .av-special-heading.av-cj7dnj-2e17874d68fad30f86e5442ac696e250 .av-special-heading-tag{\nfont-size:0.8em;\n}\n}\n<\/style>\n<div  class='av-special-heading av-cj7dnj-2e17874d68fad30f86e5442ac696e250 av-special-heading-h3 blockquote classic-quote  avia-builder-el-9  el_before_av_hr  avia-builder-el-first  av-inherit-size'><h3 class='av-special-heading-tag '  itemprop=\"headline\"  >R\u00e9tractation<\/h3><div class=\"special-heading-border\"><div class=\"special-heading-inner-border\"><\/div><\/div><\/div><br \/>\n\n<style type=\"text\/css\" data-created_by=\"avia_inline_auto\" id=\"style-css-av-146s6n-0832e676747060ab7c3a4289ec36ecd1\">\n#top .hr.av-146s6n-0832e676747060ab7c3a4289ec36ecd1{\nmargin-top:5px;\nmargin-bottom:5px;\n}\n.hr.av-146s6n-0832e676747060ab7c3a4289ec36ecd1 .hr-inner{\nwidth:40px;\nborder-color:#80442a;\nmax-width:45%;\n}\n.hr.av-146s6n-0832e676747060ab7c3a4289ec36ecd1 .av-seperator-icon{\ncolor:#246604;\n}\n<\/style>\n<div  class='hr av-146s6n-0832e676747060ab7c3a4289ec36ecd1 hr-custom  avia-builder-el-10  el_after_av_heading  el_before_av_textblock  hr-center hr-icon-yes'><span class='hr-inner inner-border-av-border-fat'><span class=\"hr-inner-style\"><\/span><\/span><span class='av-seperator-icon' aria-hidden='true' data-av_icon='\ue8b8' data-av_iconfont='entypo-fontello'><\/span><span class='hr-inner inner-border-av-border-fat'><span class=\"hr-inner-style\"><\/span><\/span><\/div><br \/>\n<section  class='av_textblock_section av-399j3-2b0fb1e7cdb274ab86cb921302913138 '   itemscope=\"itemscope\" itemtype=\"https:\/\/schema.org\/CreativeWork\" ><div class='avia_textblock'  itemprop=\"text\" ><p>Le code de la consommation pr\u00e9voit, pour les achats effectu\u00e9s sur internet un d\u00e9lai de r\u00e9tractation d&rsquo;une semaine.<br \/>\nAcheter un instrument sans l&rsquo;essayer n&rsquo;est jamais chose facile; on peut parfois en \u00eatre d\u00e9\u00e7u.<br \/>\nDans nos vies souvent bien remplies, une semaine \u00e9tant vite pass\u00e9e, je laisse <strong>un mois d&rsquo;essai sur mes flutes avec possibilit\u00e9 d&rsquo;\u00e9change ou remboursement.<\/strong><br \/>\nJ&rsquo;esp\u00e8re r\u00e9pondre toujours \u00e0 vos exigences, prenons le temps de bien se mettre d&rsquo;accord sur la commande.<\/p>\n<\/div><\/section><\/p><\/div><\/p>\n<div class='av-flex-placeholder'><\/div>\n<style type=\"text\/css\" data-created_by=\"avia_inline_auto\" id=\"style-css-av-7nnxnj-11231c943f7ca3995dec861e00043199\">\n.flex_column.av-7nnxnj-11231c943f7ca3995dec861e00043199{\nborder-width:1px;\nborder-color:#80442a;\nborder-style:solid;\nborder-radius:5px 5px 5px 5px;\npadding:15px 10px 15px 10px;\nbackground:url(http:\/\/www.chikudo-bamboo-flutes.com\/wp-content\/uploads\/2016\/06\/texture-kraft-transparent-1.png) 0% 0% no-repeat scroll ;\n}\n<\/style>\n<div  class='flex_column av-7nnxnj-11231c943f7ca3995dec861e00043199 av_one_third  avia-builder-el-12  el_after_av_one_third  avia-builder-el-last  flex_column_table_cell av-equal-height-column av-align-top  column-top-margin'     ><p>\n<style type=\"text\/css\" data-created_by=\"avia_inline_auto\" id=\"style-css-av-5lfly7-9ba8c79a27cf7c67136b17ea2d07db19\">\n#top .av-special-heading.av-5lfly7-9ba8c79a27cf7c67136b17ea2d07db19{\npadding-bottom:10px;\nfont-size:25px;\n}\nbody .av-special-heading.av-5lfly7-9ba8c79a27cf7c67136b17ea2d07db19 .av-special-heading-tag .heading-char{\nfont-size:25px;\n}\n#top #wrap_all .av-special-heading.av-5lfly7-9ba8c79a27cf7c67136b17ea2d07db19 .av-special-heading-tag{\nfont-size:25px;\n}\n.av-special-heading.av-5lfly7-9ba8c79a27cf7c67136b17ea2d07db19 .av-subheading{\nfont-size:15px;\n}\n\n@media only screen and (min-width: 480px) and (max-width: 767px){ \n#top #wrap_all .av-special-heading.av-5lfly7-9ba8c79a27cf7c67136b17ea2d07db19 .av-special-heading-tag{\nfont-size:0.8em;\n}\n}\n\n@media only screen and (max-width: 479px){ \n#top #wrap_all .av-special-heading.av-5lfly7-9ba8c79a27cf7c67136b17ea2d07db19 .av-special-heading-tag{\nfont-size:0.8em;\n}\n}\n<\/style>\n<div  class='av-special-heading av-5lfly7-9ba8c79a27cf7c67136b17ea2d07db19 av-special-heading-h3 blockquote classic-quote  avia-builder-el-13  el_before_av_hr  avia-builder-el-first  av-inherit-size'><h3 class='av-special-heading-tag '  itemprop=\"headline\"  >Echange<\/h3><div class=\"special-heading-border\"><div class=\"special-heading-inner-border\"><\/div><\/div><\/div><br \/>\n\n<style type=\"text\/css\" data-created_by=\"avia_inline_auto\" id=\"style-css-av-40izy7-7d82b94a752544ae4767f061880aba9e\">\n#top .hr.av-40izy7-7d82b94a752544ae4767f061880aba9e{\nmargin-top:5px;\nmargin-bottom:5px;\n}\n.hr.av-40izy7-7d82b94a752544ae4767f061880aba9e .hr-inner{\nwidth:40px;\nborder-color:#80442a;\nmax-width:45%;\n}\n.hr.av-40izy7-7d82b94a752544ae4767f061880aba9e .av-seperator-icon{\ncolor:#246604;\n}\n<\/style>\n<div  class='hr av-40izy7-7d82b94a752544ae4767f061880aba9e hr-custom  avia-builder-el-14  el_after_av_heading  el_before_av_textblock  hr-center hr-icon-yes'><span class='hr-inner inner-border-av-border-fat'><span class=\"hr-inner-style\"><\/span><\/span><span class='av-seperator-icon' aria-hidden='true' data-av_icon='\ue8b8' data-av_iconfont='entypo-fontello'><\/span><span class='hr-inner inner-border-av-border-fat'><span class=\"hr-inner-style\"><\/span><\/span><\/div><br \/>\n<section  class='av_textblock_section av-25ginj-30fd0a60f9cd7e131cbd74a1e75d2f12 '   itemscope=\"itemscope\" itemtype=\"https:\/\/schema.org\/CreativeWork\" ><div class='avia_textblock'  itemprop=\"text\" ><p>Je propose aussi de pouvoir <strong>pendant 1 an<\/strong> apr\u00e8s l&rsquo;achat de votre flute, l&rsquo;<strong>\u00e9changer contre un mod\u00e8le sup\u00e9rieur<\/strong> en en payant la diff\u00e9rence de prix (et les frais d&rsquo;envoi).<\/p>\n<p>Vous pourrez par exemple d\u00e9marrer sur un mod\u00e8le de m\u00e9ditation puis au bout de quelques mois (une fois \u00ab\u00a0accros\u00a0\u00bb &#8211; technique de dealer !) vous pourrez l&rsquo;\u00e9changer contre un mod\u00e8le d&rsquo;\u00e9tude ou un Ji-nashi en ne payant que la diff\u00e9rence entre les deux.<\/p>\n<\/div><\/section><\/p><\/div><\/div><!--close column table wrapper. Autoclose: 1 -->\n","protected":false},"excerpt":{"rendered":"","protected":false},"author":1,"featured_media":0,"parent":1017,"menu_order":0,"comment_status":"closed","ping_status":"closed","template":"","meta":{"footnotes":""},"class_list":["post-1103","page","type-page","status-publish","hentry"],"_links":{"self":[{"href":"http:\/\/www.chikudo-bamboo-flutes.com\/fr\/wp-json\/wp\/v2\/pages\/1103","targetHints":{"allow":["GET"]}}],"collection":[{"href":"http:\/\/www.chikudo-bamboo-flutes.com\/fr\/wp-json\/wp\/v2\/pages"}],"about":[{"href":"http:\/\/www.chikudo-bamboo-flutes.com\/fr\/wp-json\/wp\/v2\/types\/page"}],"author":[{"embeddable":true,"href":"http:\/\/www.chikudo-bamboo-flutes.com\/fr\/wp-json\/wp\/v2\/users\/1"}],"replies":[{"embeddable":true,"href":"http:\/\/www.chikudo-bamboo-flutes.com\/fr\/wp-json\/wp\/v2\/comments?post=1103"}],"version-history":[{"count":17,"href":"http:\/\/www.chikudo-bamboo-flutes.com\/fr\/wp-json\/wp\/v2\/pages\/1103\/revisions"}],"predecessor-version":[{"id":2992,"href":"http:\/\/www.chikudo-bamboo-flutes.com\/fr\/wp-json\/wp\/v2\/pages\/1103\/revisions\/2992"}],"up":[{"embeddable":true,"href":"http:\/\/www.chikudo-bamboo-flutes.com\/fr\/wp-json\/wp\/v2\/pages\/1017"}],"wp:attachment":[{"href":"http:\/\/www.chikudo-bamboo-flutes.com\/fr\/wp-json\/wp\/v2\/media?parent=1103"}],"curies":[{"name":"wp","href":"https:\/\/api.w.org\/{rel}","templated":true}]}}