{"id":131,"date":"2014-08-03T14:25:56","date_gmt":"2014-08-03T13:25:56","guid":{"rendered":"http:\/\/www.chikudo-bamboo-flutes.com\/?page_id=131"},"modified":"2016-01-22T14:22:26","modified_gmt":"2016-01-22T13:22:26","slug":"mes-shakuhachis","status":"publish","type":"page","link":"http:\/\/www.chikudo-bamboo-flutes.com\/fr\/shakuhachi\/mes-shakuhachis\/","title":{"rendered":"Mes Shakuhachis"},"content":{"rendered":"<div  class='flex_column av-av_one_full-2a9015ff38129c418a3f2eafba3e9512 av_one_full  avia-builder-el-0  avia-builder-el-no-sibling  first flex_column_div  '     ><section  class='av_textblock_section av-av_textblock-0366cc7376be6c9e82a3e9cc8987b64f '   itemscope=\"itemscope\" itemtype=\"https:\/\/schema.org\/CreativeWork\" ><div class='avia_textblock'  itemprop=\"text\" ><h1 style=\"text-align: center;\"><span style=\"color: #008000;\">Les Shakuhachis de l&rsquo;atelier Chikudo<\/span><\/h1>\n<\/div><\/section><br \/>\n<div  class='hr av-av_hr-c69e1af1bad63c3964cc522caf796498 hr-short  avia-builder-el-2  el_after_av_textblock  el_before_av_textblock  hr-center'><span class='hr-inner '><span class=\"hr-inner-style\"><\/span><\/span><\/div><br \/>\n<section  class='av_textblock_section av-av_textblock-0366cc7376be6c9e82a3e9cc8987b64f '   itemscope=\"itemscope\" itemtype=\"https:\/\/schema.org\/CreativeWork\" ><div class='avia_textblock'  itemprop=\"text\" ><p><span class='av_dropcap1 av-av_dropcap1-3cd9da5fea0ef5fb27aee617571c39a3'>J<\/span>e propose <strong>3 mod\u00e8les de shakuhachis<\/strong><\/p>\n<ul>\n<li>Le<a href=\"http:\/\/www.chikudo-bamboo-flutes.com\/shakuhachi\/mes-shakuhachis\/shakuhachi-de-meditation\/\"> <strong>Shakuhachi de m\u00e9ditation<\/strong><\/a> : de facture simple, r\u00e9alis\u00e9 dans un <strong>bambou droit<\/strong><\/li>\n<\/ul>\n<ul>\n<li>Le <strong><a href=\"http:\/\/www.chikudo-bamboo-flutes.com\/shakuhachi\/mes-shakuhachis\/shakuhachi-detude\/\">Shakuhachi d&rsquo;\u00e9tude<\/a><\/strong> : plus \u00e9volu\u00e9 en terme de timbre,justesse et finitions ; r\u00e9alis\u00e9 dans <strong>le pied d&rsquo;un<\/strong> <strong>bambou droit <\/strong>(sans les racines)<strong><br \/>\n<\/strong><\/li>\n<\/ul>\n<ul>\n<li>Le <a href=\"http:\/\/www.chikudo-bamboo-flutes.com\/shakuhachi\/mes-shakuhachis\/shakuhachi-ji-nashi\/\"><strong>Shakuhachi traditionnel <em>Ji-nashi<\/em><\/strong><\/a> : fabriqu\u00e9 dans le <strong>pied de bambou<\/strong> avec les racines selon la technique traditionnelle.<\/li>\n<\/ul>\n<p>On peut d\u00e9buter sur n&rsquo;importe lequel de ces mod\u00e8les; le choix est plus fonction de l&rsquo;usage que l&rsquo;on veut en faire.<\/p>\n<p>Les Shakuhachis modernes <em>Ji-ari<\/em> poss\u00e8dent une perce enti\u00e8rement model\u00e9e et laqu\u00e9e pour correspondre aux attentes des joueurs professionnels.<\/p>\n<p>J&rsquo;ai toujours aim\u00e9 dans mon travail l&rsquo;id\u00e9e de devoir m&rsquo;adapter \u00e0 chaque morceau de Bambou.<\/p>\n<p><strong>Ma philosophie<\/strong> dans la facture de mes Shakuhachi me porte ainsi plus vers les <strong>Ji-nashi<\/strong> qui repr\u00e9sentent \u00e0 mes yeux <strong>une approche plus sensitive que technique<\/strong> :<\/p>\n<h2 style=\"text-align: center;\"><strong>chercher le meilleur de chaque pied de Bambou pour conserver le caract\u00e8re unique de son timbre.<\/strong><\/h2>\n<\/div><\/section><\/p><\/div>\n","protected":false},"excerpt":{"rendered":"","protected":false},"author":1,"featured_media":0,"parent":47,"menu_order":0,"comment_status":"closed","ping_status":"open","template":"","meta":{"footnotes":""},"class_list":["post-131","page","type-page","status-publish","hentry"],"_links":{"self":[{"href":"http:\/\/www.chikudo-bamboo-flutes.com\/fr\/wp-json\/wp\/v2\/pages\/131","targetHints":{"allow":["GET"]}}],"collection":[{"href":"http:\/\/www.chikudo-bamboo-flutes.com\/fr\/wp-json\/wp\/v2\/pages"}],"about":[{"href":"http:\/\/www.chikudo-bamboo-flutes.com\/fr\/wp-json\/wp\/v2\/types\/page"}],"author":[{"embeddable":true,"href":"http:\/\/www.chikudo-bamboo-flutes.com\/fr\/wp-json\/wp\/v2\/users\/1"}],"replies":[{"embeddable":true,"href":"http:\/\/www.chikudo-bamboo-flutes.com\/fr\/wp-json\/wp\/v2\/comments?post=131"}],"version-history":[{"count":21,"href":"http:\/\/www.chikudo-bamboo-flutes.com\/fr\/wp-json\/wp\/v2\/pages\/131\/revisions"}],"predecessor-version":[{"id":976,"href":"http:\/\/www.chikudo-bamboo-flutes.com\/fr\/wp-json\/wp\/v2\/pages\/131\/revisions\/976"}],"up":[{"embeddable":true,"href":"http:\/\/www.chikudo-bamboo-flutes.com\/fr\/wp-json\/wp\/v2\/pages\/47"}],"wp:attachment":[{"href":"http:\/\/www.chikudo-bamboo-flutes.com\/fr\/wp-json\/wp\/v2\/media?parent=131"}],"curies":[{"name":"wp","href":"https:\/\/api.w.org\/{rel}","templated":true}]}}