{"id":18,"date":"2014-07-26T14:38:24","date_gmt":"2014-07-26T13:38:24","guid":{"rendered":"http:\/\/www.chikudo-bamboo-flutes.com\/?page_id=18"},"modified":"2024-10-08T17:13:13","modified_gmt":"2024-10-08T16:13:13","slug":"chikudo-shakuhachi-2","status":"publish","type":"page","link":"http:\/\/www.chikudo-bamboo-flutes.com\/fr\/","title":{"rendered":"Accueil &#8211; Chikudo Shakuhachi"},"content":{"rendered":"\n<style type=\"text\/css\" data-created_by=\"avia_inline_auto\" id=\"style-css-av-gh96u-6c53c761f3611c262cbabfd8dbe8b473\">\n.avia-image-container.av-gh96u-6c53c761f3611c262cbabfd8dbe8b473 img.avia_image{\nbox-shadow:none;\n}\n.avia-image-container.av-gh96u-6c53c761f3611c262cbabfd8dbe8b473 .av-image-caption-overlay-center{\ncolor:#ffffff;\n}\n<\/style>\n<div  class='avia-image-container av-gh96u-6c53c761f3611c262cbabfd8dbe8b473 av-styling- avia-align-center  avia-builder-el-0  el_before_av_one_full  avia-builder-el-first '   itemprop=\"image\" itemscope=\"itemscope\" itemtype=\"https:\/\/schema.org\/ImageObject\" ><div class=\"avia-image-container-inner\"><div class=\"avia-image-overlay-wrap\"><img decoding=\"async\" fetchpriority=\"high\" class='wp-image-357 avia-img-lazy-loading-not-357 avia_image ' src=\"http:\/\/www.chikudo-bamboo-flutes.com\/wp-content\/uploads\/2014\/07\/foret-de-bambous.jpg\" alt='' title='foret-de-bambous'  height=\"300\" width=\"800\"  itemprop=\"thumbnailUrl\" srcset=\"http:\/\/www.chikudo-bamboo-flutes.com\/wp-content\/uploads\/2014\/07\/foret-de-bambous.jpg 800w, http:\/\/www.chikudo-bamboo-flutes.com\/wp-content\/uploads\/2014\/07\/foret-de-bambous-400x150.jpg 400w, http:\/\/www.chikudo-bamboo-flutes.com\/wp-content\/uploads\/2014\/07\/foret-de-bambous-705x264.jpg 705w, http:\/\/www.chikudo-bamboo-flutes.com\/wp-content\/uploads\/2014\/07\/foret-de-bambous-450x168.jpg 450w\" sizes=\"(max-width: 800px) 100vw, 800px\" \/><\/div><\/div><\/div>\n<div  class='flex_column av-fxo0q-7623f18834ba993c9e4745e1a24e67cb av_one_full  avia-builder-el-1  el_after_av_image  el_before_av_two_third  first flex_column_div  '     ><style type=\"text\/css\" data-created_by=\"avia_inline_auto\" id=\"style-css-av-ey1ue-dd94765ee60b5526e02f7bb230714ef9\">\n.avia-image-container.av-ey1ue-dd94765ee60b5526e02f7bb230714ef9 img.avia_image{\nbox-shadow:none;\n}\n.avia-image-container.av-ey1ue-dd94765ee60b5526e02f7bb230714ef9 .av-image-caption-overlay-center{\ncolor:#ffffff;\n}\n<\/style>\n<div  class='avia-image-container av-ey1ue-dd94765ee60b5526e02f7bb230714ef9 av-styling- avia-align-center  avia-builder-el-2  avia-builder-el-no-sibling '   itemprop=\"image\" itemscope=\"itemscope\" itemtype=\"https:\/\/schema.org\/ImageObject\" ><div class=\"avia-image-container-inner\"><div class=\"avia-image-overlay-wrap\"><img decoding=\"async\" fetchpriority=\"high\" class='wp-image-4887 avia-img-lazy-loading-not-4887 avia_image ' src=\"http:\/\/www.chikudo-bamboo-flutes.com\/wp-content\/uploads\/2014\/07\/lavoiedu-bambou-400x200.jpg\" alt='' title='lavoiedu bambou'  height=\"200\" width=\"400\"  itemprop=\"thumbnailUrl\"  \/><\/div><\/div><\/div><\/div>\n<div  class='flex_column av-ev2a6-705109d24519e3e2b38e2e634bba2ea7 av_two_third  avia-builder-el-3  el_after_av_one_full  el_before_av_one_third  first flex_column_div  column-top-margin'     ><p><div  class='hr av-1exyq-5db500ae5560bc8fee77bb4b04a2ec43 hr-short  avia-builder-el-4  el_before_av_textblock  avia-builder-el-first  hr-left'><span class='hr-inner '><span class=\"hr-inner-style\"><\/span><\/span><\/div><br \/>\n<section  class='av_textblock_section av-dj5we-8a571a212ec295611336881b28a0ed52 '   itemscope=\"itemscope\" itemtype=\"https:\/\/schema.org\/CreativeWork\" ><div class='avia_textblock'  itemprop=\"text\" ><p><span class='av_dropcap1 av-av_dropcap1-3cd9da5fea0ef5fb27aee617571c39a3'>J<\/span><strong>e fabrique des flutes en Bambou depuis 2003<\/strong>;<\/p>\n<p>Nourri par de nombreux voyages \u00e0 la d\u00e9couverte des musiques traditionnelles plus particuli\u00e8rement Orientales.<\/p>\n<p>Je me suis librement inspir\u00e9 de mod\u00e8les de flutes traditionnelles\u00a0 y apportant parfois ma touche personnelle.<\/p>\n<p>Apr\u00e8s dix ann\u00e9es de recherches sur la fabrication des flutes, je me suis peu \u00e0 peu sp\u00e9cialis\u00e9 dans la <strong>flute Japonaise Shakuhachi<\/strong> \u00e0 laquelle je me d\u00e9die pleinement \u00e0 pr\u00e9sent.<\/p>\n<p>J&rsquo;essaye de fabriquer avec humilit\u00e9 cet instrument merveilleux dans le respect de sa facture traditionnelle d\u00e9velopp\u00e9e au fil du temps.<\/p>\n<p>La fabrication du shakuhachi est \u00e0 la fois tr\u00e8s intuitive voire spirituelle, et scientifique. J&rsquo;aime beaucoup la compl\u00e9mentarit\u00e9 de ces approches.<\/p>\n<\/div><\/section><\/p><\/div>\n<style type=\"text\/css\" data-created_by=\"avia_inline_auto\" id=\"style-css-av-d27my-e15bfd23aaee163a80de1347e4e056d5\">\n.flex_column.av-d27my-e15bfd23aaee163a80de1347e4e056d5{\nborder-radius:0px 0px 0px 0px;\npadding:0px 0px 0px 0px;\n}\n<\/style>\n<div  class='flex_column av-d27my-e15bfd23aaee163a80de1347e4e056d5 av_one_third  avia-builder-el-6  el_after_av_two_third  el_before_av_one_third  flex_column_div av-zero-column-padding  column-top-margin'     ><p>\n<style type=\"text\/css\" data-created_by=\"avia_inline_auto\" id=\"style-css-av-casai-d493fe2e36a615bb18bb564149505749\">\n#top .hr.hr-invisible.av-casai-d493fe2e36a615bb18bb564149505749{\nheight:80px;\n}\n<\/style>\n<div  class='hr av-casai-d493fe2e36a615bb18bb564149505749 hr-invisible  avia-builder-el-7  el_before_av_image  avia-builder-el-first '><span class='hr-inner '><span class=\"hr-inner-style\"><\/span><\/span><\/div><br \/>\n\n<style type=\"text\/css\" data-created_by=\"avia_inline_auto\" id=\"style-css-av-15xw2-d710c76f9433dff1d00a70d0937a9bbd\">\n.avia-image-container.av-15xw2-d710c76f9433dff1d00a70d0937a9bbd img.avia_image{\nbox-shadow:none;\n}\n.avia-image-container.av-15xw2-d710c76f9433dff1d00a70d0937a9bbd .av-image-caption-overlay-center{\ncolor:#ffffff;\n}\n<\/style>\n<div  class='avia-image-container av-15xw2-d710c76f9433dff1d00a70d0937a9bbd av-styling- av-img-linked avia-align-center  avia-builder-el-8  el_after_av_hr  avia-builder-el-last '   itemprop=\"image\" itemscope=\"itemscope\" itemtype=\"https:\/\/schema.org\/ImageObject\" ><div class=\"avia-image-container-inner\"><div class=\"avia-image-overlay-wrap\"><a href=\"http:\/\/www.chikudo-bamboo-flutes.com\/wp-content\/uploads\/2019\/08\/Screenshot_20190804-0206522-800x527.png\" data-srcset=\"http:\/\/www.chikudo-bamboo-flutes.com\/wp-content\/uploads\/2019\/08\/Screenshot_20190804-0206522-800x527.png 800w, http:\/\/www.chikudo-bamboo-flutes.com\/wp-content\/uploads\/2019\/08\/Screenshot_20190804-0206522-400x264.png 400w, http:\/\/www.chikudo-bamboo-flutes.com\/wp-content\/uploads\/2019\/08\/Screenshot_20190804-0206522-768x506.png 768w, http:\/\/www.chikudo-bamboo-flutes.com\/wp-content\/uploads\/2019\/08\/Screenshot_20190804-0206522-1500x989.png 1500w, http:\/\/www.chikudo-bamboo-flutes.com\/wp-content\/uploads\/2019\/08\/Screenshot_20190804-0206522-705x465.png 705w, http:\/\/www.chikudo-bamboo-flutes.com\/wp-content\/uploads\/2019\/08\/Screenshot_20190804-0206522-450x297.png 450w, http:\/\/www.chikudo-bamboo-flutes.com\/wp-content\/uploads\/2019\/08\/Screenshot_20190804-0206522.png 1520w\" data-sizes=\"(max-width: 800px) 100vw, 800px\" class='avia_image '  aria-label='Screenshot_20190804-020652~2'><img decoding=\"async\" fetchpriority=\"high\" class='wp-image-5280 avia-img-lazy-loading-not-5280 avia_image ' src=\"http:\/\/www.chikudo-bamboo-flutes.com\/wp-content\/uploads\/2019\/08\/Screenshot_20190804-0206522-400x264.png\" alt='' title='Screenshot_20190804-020652~2'  height=\"264\" width=\"400\"  itemprop=\"thumbnailUrl\" srcset=\"http:\/\/www.chikudo-bamboo-flutes.com\/wp-content\/uploads\/2019\/08\/Screenshot_20190804-0206522-400x264.png 400w, http:\/\/www.chikudo-bamboo-flutes.com\/wp-content\/uploads\/2019\/08\/Screenshot_20190804-0206522-768x506.png 768w, http:\/\/www.chikudo-bamboo-flutes.com\/wp-content\/uploads\/2019\/08\/Screenshot_20190804-0206522-800x527.png 800w, http:\/\/www.chikudo-bamboo-flutes.com\/wp-content\/uploads\/2019\/08\/Screenshot_20190804-0206522-1500x989.png 1500w, http:\/\/www.chikudo-bamboo-flutes.com\/wp-content\/uploads\/2019\/08\/Screenshot_20190804-0206522-705x465.png 705w, http:\/\/www.chikudo-bamboo-flutes.com\/wp-content\/uploads\/2019\/08\/Screenshot_20190804-0206522-450x297.png 450w, http:\/\/www.chikudo-bamboo-flutes.com\/wp-content\/uploads\/2019\/08\/Screenshot_20190804-0206522.png 1520w\" sizes=\"(max-width: 400px) 100vw, 400px\" \/><\/a><\/div><\/div><\/div><\/p><\/div><\/p>\n<div  class='flex_column av-b8zke-05512c84b6787fe6f6b54bbc12421bf4 av_one_third  avia-builder-el-9  el_after_av_one_third  el_before_av_two_third  first flex_column_div  column-top-margin'     ><p>\n<style type=\"text\/css\" data-created_by=\"avia_inline_auto\" id=\"style-css-av-agkq6-8bdc7228a24d891ddfcec27921182e34\">\n#top .hr.hr-invisible.av-agkq6-8bdc7228a24d891ddfcec27921182e34{\nheight:50px;\n}\n<\/style>\n<div  class='hr av-agkq6-8bdc7228a24d891ddfcec27921182e34 hr-invisible  avia-builder-el-10  el_before_av_textblock  avia-builder-el-first '><span class='hr-inner '><span class=\"hr-inner-style\"><\/span><\/span><\/div><br \/>\n<section  class='av_textblock_section av-9pfke-1ee4cd37a75f1ed7cdc096a575470286 '   itemscope=\"itemscope\" itemtype=\"https:\/\/schema.org\/CreativeWork\" ><div class='avia_textblock'  itemprop=\"text\" ><p><a href=\"http:\/\/www.chikudo-bamboo-flutes.com\/wp-content\/uploads\/2014\/07\/prepa-pied-bambou.jpg\"><img loading=\"lazy\" decoding=\"async\" class=\"size-medium wp-image-86 aligncenter\" src=\"http:\/\/www.chikudo-bamboo-flutes.com\/wp-content\/uploads\/2014\/07\/prepa-pied-bambou-203x300.jpg\" alt=\"prepa-pied-bambou\" width=\"203\" height=\"300\" srcset=\"http:\/\/www.chikudo-bamboo-flutes.com\/wp-content\/uploads\/2014\/07\/prepa-pied-bambou-203x300.jpg 203w, http:\/\/www.chikudo-bamboo-flutes.com\/wp-content\/uploads\/2014\/07\/prepa-pied-bambou-477x705.jpg 477w, http:\/\/www.chikudo-bamboo-flutes.com\/wp-content\/uploads\/2014\/07\/prepa-pied-bambou-450x663.jpg 450w, http:\/\/www.chikudo-bamboo-flutes.com\/wp-content\/uploads\/2014\/07\/prepa-pied-bambou.jpg 600w\" sizes=\"auto, (max-width: 203px) 100vw, 203px\" \/><\/a><\/p>\n<\/div><\/section><\/p><\/div>\n\n<style type=\"text\/css\" data-created_by=\"avia_inline_auto\" id=\"style-css-av-wk8i-266f870fba5428fc88d774926c0e0d1f\">\n.flex_column.av-wk8i-266f870fba5428fc88d774926c0e0d1f{\nborder-radius:0px 0px 0px 0px;\npadding:0px 0px 0px 0px;\n}\n<\/style>\n<div  class='flex_column av-wk8i-266f870fba5428fc88d774926c0e0d1f av_two_third  avia-builder-el-12  el_after_av_one_third  el_before_av_two_third  flex_column_div av-zero-column-padding  column-top-margin'     ><p><div  class='hr av-8oi62-35e6a029ce818b7f25495ee79f4800b0 hr-short  avia-builder-el-13  el_before_av_textblock  avia-builder-el-first  hr-right'><span class='hr-inner '><span class=\"hr-inner-style\"><\/span><\/span><\/div><br \/>\n<section  class='av_textblock_section av-81216-457df02189eb180f6dc9322bfe4fe897 '   itemscope=\"itemscope\" itemtype=\"https:\/\/schema.org\/CreativeWork\" ><div class='avia_textblock'  itemprop=\"text\" ><p><span class='av_dropcap1 av-av_dropcap1-3cd9da5fea0ef5fb27aee617571c39a3'>L<\/span>a sp\u00e9cificit\u00e9 de mon travail est l&rsquo;utilisation de<strong> perces naturelles<\/strong> pour fabriquer mes flutes.<\/p>\n<p>Contrairement aux flutes en bois tourn\u00e9, les tubes de bambou sont naturellement creux et poss\u00e8dent chacun des caract\u00e9ristiques uniques (diam\u00e8tre, longueur, \u00e9paisseur, conicit\u00e9&#8230;)<\/p>\n<p><strong>C&rsquo;est donc \u00e0 moi de m&rsquo;adapter \u00e0 la plante<\/strong> et non le contraire.<\/p>\n<p>Chaque morceau de bambou est soigneusement s\u00e9lectionn\u00e9 afin d&rsquo;en tirer le meilleur possible.<br \/>\nIl en r\u00e9sulte que <strong>chaque instrument est unique<\/strong>.<\/p>\n<p>Lorsqu&rsquo;un bambou pr\u00e9sente naturellement les bonnes caract\u00e9ristiques, il deviendra un ji-nashi;<br \/>\nLorsque je sens le besoin de ma\u00eetriser compl\u00e8tement la perce de l&rsquo;instrument pour optimiser son acoustique, il devient alors un Ji-ari.<\/p>\n<p>J&rsquo;ai, par le pass\u00e9, travaill\u00e9 essentiellement avec des bambous fran\u00e7ais mais \u00e0 mesure que mes exigences ont \u00e9volu\u00e9es, j&rsquo;ai fini par ne travailler plus que des bambous Madake japonais qui sont l&rsquo;esp\u00e8ce privil\u00e9gi\u00e9e pour ces instruments.<\/p>\n<p><strong>Je r\u00e9colte moi-m\u00eame ces bambous au Japon<\/strong> pour les s\u00e9lectionner soigneusement puis les traite en France selon les m\u00e9thodes traditionnelles.<br \/>\nLa r\u00e9colte des bambous est autant excitante que fatigante !<\/p>\n<\/div><\/section><\/p><\/div><div  class='flex_column av-7lbae-4fbbe9e4794e4259d2bcca6b3d5ed76b av_two_third  avia-builder-el-15  el_after_av_two_third  el_before_av_one_third  first flex_column_div  column-top-margin'     ><p><div  class='hr av-6y5vm-fb248b84635a9fa5c1e2aacdbed00aee hr-short  avia-builder-el-16  el_before_av_textblock  avia-builder-el-first  hr-center'><span class='hr-inner '><span class=\"hr-inner-style\"><\/span><\/span><\/div><br \/>\n<section  class='av_textblock_section av-6ca82-6aeaef0277199dc273072e982d433d7c '   itemscope=\"itemscope\" itemtype=\"https:\/\/schema.org\/CreativeWork\" ><div class='avia_textblock'  itemprop=\"text\" ><p><span class='av_dropcap1 av-av_dropcap1-3cd9da5fea0ef5fb27aee617571c39a3'>L<\/span>a fabrication du Shakuhachi est une voie qui n\u00e9cessite de s&rsquo;y d\u00e9dier pleinement. <strong>Il est indispensable d&rsquo;\u00e9tudier en profondeur l&rsquo;instrument, sa musique, sa culture en parall\u00e8le de sa fabrication.<\/strong><\/p>\n<p>C&rsquo;est depuis 2013, apr\u00e8s 3 ann\u00e9es de d\u00e9couverte autodidacte de l&rsquo;instrument, que j&rsquo;ai commenc\u00e9 \u00e0 suivre l&rsquo;enseignement de <strong>mon ma\u00eetre Gunnar Jinmei Linder<\/strong> repr\u00e9sentant en Europe de la branche <em>Chikumeisha<\/em> de l&rsquo;\u00e9cole de <em>Kinko<\/em> issue de la lign\u00e9e du grand <strong>Yamaguchi Goro<\/strong>, \u00ab\u00a0<em>Tr\u00e9sor national vivant<\/em>\u00ab\u00a0.<\/p>\n<p>En me focalisant sur ce style de jeu du Shakuhachi, <strong>je donne une direction pr\u00e9cise \u00e0 la recherche d&rsquo;un type de son dans ma facture instrumentale<\/strong> et n&rsquo;ai de ce fait pas la pr\u00e9tention de pouvoir fabriquer des Shakuhachi correspondant au jeu d&rsquo;autres \u00e9coles.<\/p>\n<p>Je m&rsquo;inscris donc dans la perp\u00e9tuation d&rsquo;une tradition du Shakuhachi remontant au d\u00e9but du XXi\u00e8me si\u00e8cle avec <strong>Yamaguchi Shiro<\/strong> et <strong>Miura Kindo<\/strong> (auteur des notations musicales que j&rsquo;\u00e9tudie) tous deux ma\u00eetres de Shakuhachi et fabricants aussi comme c&rsquo;\u00e9tait souvent le cas anciennement.<\/p>\n<\/div><\/section><\/p><\/div>\n<style type=\"text\/css\" data-created_by=\"avia_inline_auto\" id=\"style-css-av-5kfty-281a30d2439f232bb9c31cd0f122f4a5\">\n.flex_column.av-5kfty-281a30d2439f232bb9c31cd0f122f4a5{\nborder-radius:0px 0px 0px 0px;\npadding:0px 0px 0px 0px;\n}\n<\/style>\n<div  class='flex_column av-5kfty-281a30d2439f232bb9c31cd0f122f4a5 av_one_third  avia-builder-el-18  el_after_av_two_third  el_before_av_one_third  flex_column_div av-zero-column-padding  column-top-margin'     ><p>\n<style type=\"text\/css\" data-created_by=\"avia_inline_auto\" id=\"style-css-av-54b1m-096c7ac9d0f2b234212b2f4e9c0572e5\">\n#top .hr.hr-invisible.av-54b1m-096c7ac9d0f2b234212b2f4e9c0572e5{\nheight:20px;\n}\n<\/style>\n<div  class='hr av-54b1m-096c7ac9d0f2b234212b2f4e9c0572e5 hr-invisible  avia-builder-el-19  el_before_av_image  avia-builder-el-first '><span class='hr-inner '><span class=\"hr-inner-style\"><\/span><\/span><\/div><br \/>\n\n<style type=\"text\/css\" data-created_by=\"avia_inline_auto\" id=\"style-css-av-4jkqy-fcd357ff63065faadc303fcfb6010d9d\">\n.avia-image-container.av-4jkqy-fcd357ff63065faadc303fcfb6010d9d img.avia_image{\nbox-shadow:none;\n}\n.avia-image-container.av-4jkqy-fcd357ff63065faadc303fcfb6010d9d .av-image-caption-overlay-center{\ncolor:#ffffff;\n}\n<\/style>\n<div  class='avia-image-container av-4jkqy-fcd357ff63065faadc303fcfb6010d9d av-styling- avia-align-center  avia-builder-el-20  el_after_av_hr  avia-builder-el-last '   itemprop=\"image\" itemscope=\"itemscope\" itemtype=\"https:\/\/schema.org\/ImageObject\" ><div class=\"avia-image-container-inner\"><div class=\"avia-image-overlay-wrap\"><img decoding=\"async\" fetchpriority=\"high\" class='wp-image-1272 avia-img-lazy-loading-not-1272 avia_image ' src=\"http:\/\/www.chikudo-bamboo-flutes.com\/wp-content\/uploads\/2016\/11\/P1090168-266x400.jpg\" alt='' title='p1090168'  height=\"400\" width=\"266\"  itemprop=\"thumbnailUrl\" srcset=\"http:\/\/www.chikudo-bamboo-flutes.com\/wp-content\/uploads\/2016\/11\/P1090168-266x400.jpg 266w, http:\/\/www.chikudo-bamboo-flutes.com\/wp-content\/uploads\/2016\/11\/P1090168.jpg 531w, http:\/\/www.chikudo-bamboo-flutes.com\/wp-content\/uploads\/2016\/11\/P1090168-468x705.jpg 468w, http:\/\/www.chikudo-bamboo-flutes.com\/wp-content\/uploads\/2016\/11\/P1090168-450x678.jpg 450w\" sizes=\"(max-width: 266px) 100vw, 266px\" \/><\/div><\/div><\/div><\/p><\/div><\/p>\n\n<style type=\"text\/css\" data-created_by=\"avia_inline_auto\" id=\"style-css-av-3zfo6-2db5c4cf7d5570f070bb00f06bdefb99\">\n.flex_column.av-3zfo6-2db5c4cf7d5570f070bb00f06bdefb99{\nborder-radius:0px 0px 0px 0px;\npadding:0px 0px 0px 0px;\n}\n<\/style>\n<div  class='flex_column av-3zfo6-2db5c4cf7d5570f070bb00f06bdefb99 av_one_third  avia-builder-el-21  el_after_av_one_third  el_before_av_one_third  first flex_column_div av-zero-column-padding  column-top-margin'     ><style type=\"text\/css\" data-created_by=\"avia_inline_auto\" id=\"style-css-av-bc9q-bb858db1e5b7ac0d40fd19210dc6dcc1\">\n.avia-image-container.av-bc9q-bb858db1e5b7ac0d40fd19210dc6dcc1 img.avia_image{\nbox-shadow:none;\n}\n.avia-image-container.av-bc9q-bb858db1e5b7ac0d40fd19210dc6dcc1 .av-caption-image-overlay-bg{\nopacity:0.4;\nbackground-color:#000000;\n}\n.avia-image-container.av-bc9q-bb858db1e5b7ac0d40fd19210dc6dcc1 .av-image-caption-overlay-center{\ncolor:#ffffff;\n}\n<\/style>\n<div  class='avia-image-container av-bc9q-bb858db1e5b7ac0d40fd19210dc6dcc1 av-styling- av-img-linked avia-align-center  avia-builder-el-22  avia-builder-el-no-sibling  noHover av-overlay-on-hover'   itemprop=\"image\" itemscope=\"itemscope\" itemtype=\"https:\/\/schema.org\/ImageObject\" ><div class=\"avia-image-container-inner\"><div class=\"avia-image-overlay-wrap\"><a href=\"http:\/\/www.chikudo-bamboo-flutes.com\/wp-content\/uploads\/2017\/04\/gunnar-800x643.jpg\" data-srcset=\"http:\/\/www.chikudo-bamboo-flutes.com\/wp-content\/uploads\/2017\/04\/gunnar-800x643.jpg 800w, http:\/\/www.chikudo-bamboo-flutes.com\/wp-content\/uploads\/2017\/04\/gunnar-400x322.jpg 400w, http:\/\/www.chikudo-bamboo-flutes.com\/wp-content\/uploads\/2017\/04\/gunnar-768x618.jpg 768w, http:\/\/www.chikudo-bamboo-flutes.com\/wp-content\/uploads\/2017\/04\/gunnar-705x567.jpg 705w, http:\/\/www.chikudo-bamboo-flutes.com\/wp-content\/uploads\/2017\/04\/gunnar-450x362.jpg 450w, http:\/\/www.chikudo-bamboo-flutes.com\/wp-content\/uploads\/2017\/04\/gunnar.jpg 1200w\" data-sizes=\"(max-width: 800px) 100vw, 800px\" class='avia_image '  aria-label='gunnar'><div class=\"av-image-caption-overlay\"><div class=\"av-caption-image-overlay-bg\"><\/div><div class=\"av-image-caption-overlay-position\"><div class=\"av-image-caption-overlay-center\"><p>Gunnar Jinmei Linder<\/p>\n<\/div><\/div><\/div><img decoding=\"async\" fetchpriority=\"high\" class='wp-image-1535 avia-img-lazy-loading-not-1535 avia_image ' src=\"http:\/\/www.chikudo-bamboo-flutes.com\/wp-content\/uploads\/2017\/04\/gunnar-180x180.jpg\" alt='' title='gunnar'  height=\"180\" width=\"180\"  itemprop=\"thumbnailUrl\" srcset=\"http:\/\/www.chikudo-bamboo-flutes.com\/wp-content\/uploads\/2017\/04\/gunnar-180x180.jpg 180w, http:\/\/www.chikudo-bamboo-flutes.com\/wp-content\/uploads\/2017\/04\/gunnar-80x80.jpg 80w, http:\/\/www.chikudo-bamboo-flutes.com\/wp-content\/uploads\/2017\/04\/gunnar-36x36.jpg 36w, http:\/\/www.chikudo-bamboo-flutes.com\/wp-content\/uploads\/2017\/04\/gunnar-120x120.jpg 120w, http:\/\/www.chikudo-bamboo-flutes.com\/wp-content\/uploads\/2017\/04\/gunnar-450x450.jpg 450w\" sizes=\"(max-width: 180px) 100vw, 180px\" \/><\/a><\/div><\/div><\/div><\/div>\n\n<style type=\"text\/css\" data-created_by=\"avia_inline_auto\" id=\"style-css-av-8y8i-23885b05af7867d0aa3a92b77a5131c4\">\n.flex_column.av-8y8i-23885b05af7867d0aa3a92b77a5131c4{\nborder-radius:0px 0px 0px 0px;\npadding:0px 0px 0px 0px;\n}\n<\/style>\n<div  class='flex_column av-8y8i-23885b05af7867d0aa3a92b77a5131c4 av_one_third  avia-builder-el-23  el_after_av_one_third  el_before_av_one_third  flex_column_div av-zero-column-padding  column-top-margin'     ><style type=\"text\/css\" data-created_by=\"avia_inline_auto\" id=\"style-css-av-tc2-3562099835bbec6d276e013e479303bc\">\n.avia-image-container.av-tc2-3562099835bbec6d276e013e479303bc img.avia_image{\nbox-shadow:none;\n}\n.avia-image-container.av-tc2-3562099835bbec6d276e013e479303bc .av-caption-image-overlay-bg{\nopacity:0.4;\nbackground-color:#000000;\n}\n.avia-image-container.av-tc2-3562099835bbec6d276e013e479303bc .av-image-caption-overlay-center{\ncolor:#ffffff;\n}\n<\/style>\n<div  class='avia-image-container av-tc2-3562099835bbec6d276e013e479303bc av-styling- av-img-linked avia-align-center  avia-builder-el-24  avia-builder-el-no-sibling  noHover av-overlay-on-hover'   itemprop=\"image\" itemscope=\"itemscope\" itemtype=\"https:\/\/schema.org\/ImageObject\" ><div class=\"avia-image-container-inner\"><div class=\"avia-image-overlay-wrap\"><a href=\"http:\/\/www.chikudo-bamboo-flutes.com\/wp-content\/uploads\/2018\/06\/yamaguchi-goro.jpg\" class='avia_image '  aria-label='yamaguchi-goro'><div class=\"av-image-caption-overlay\"><div class=\"av-caption-image-overlay-bg\"><\/div><div class=\"av-image-caption-overlay-position\"><div class=\"av-image-caption-overlay-center\"><p>Yamaguchi Goro<\/p>\n<\/div><\/div><\/div><img decoding=\"async\" fetchpriority=\"high\" class='wp-image-4960 avia-img-lazy-loading-not-4960 avia_image ' src=\"http:\/\/www.chikudo-bamboo-flutes.com\/wp-content\/uploads\/2018\/06\/yamaguchi-goro-180x180.jpg\" alt='' title='yamaguchi-goro'  height=\"180\" width=\"180\"  itemprop=\"thumbnailUrl\" srcset=\"http:\/\/www.chikudo-bamboo-flutes.com\/wp-content\/uploads\/2018\/06\/yamaguchi-goro-180x180.jpg 180w, http:\/\/www.chikudo-bamboo-flutes.com\/wp-content\/uploads\/2018\/06\/yamaguchi-goro-80x80.jpg 80w, http:\/\/www.chikudo-bamboo-flutes.com\/wp-content\/uploads\/2018\/06\/yamaguchi-goro-36x36.jpg 36w, http:\/\/www.chikudo-bamboo-flutes.com\/wp-content\/uploads\/2018\/06\/yamaguchi-goro-120x120.jpg 120w\" sizes=\"(max-width: 180px) 100vw, 180px\" \/><\/a><\/div><\/div><\/div><\/div>\n\n<style type=\"text\/css\" data-created_by=\"avia_inline_auto\" id=\"style-css-av-1n5eu-826a277b9009cd3e5d8755936b955cd3\">\n.flex_column.av-1n5eu-826a277b9009cd3e5d8755936b955cd3{\nborder-radius:0px 0px 0px 0px;\npadding:0px 0px 0px 0px;\n}\n<\/style>\n<div  class='flex_column av-1n5eu-826a277b9009cd3e5d8755936b955cd3 av_one_third  avia-builder-el-25  el_after_av_one_third  avia-builder-el-last  flex_column_div av-zero-column-padding  column-top-margin'     ><style type=\"text\/css\" data-created_by=\"avia_inline_auto\" id=\"style-css-av-vsay-73d66e6e2645710493341b3809778f97\">\n.avia-image-container.av-vsay-73d66e6e2645710493341b3809778f97 img.avia_image{\nbox-shadow:none;\n}\n.avia-image-container.av-vsay-73d66e6e2645710493341b3809778f97 .av-caption-image-overlay-bg{\nopacity:0.4;\nbackground-color:#000000;\n}\n.avia-image-container.av-vsay-73d66e6e2645710493341b3809778f97 .av-image-caption-overlay-center{\ncolor:#ffffff;\n}\n<\/style>\n<div  class='avia-image-container av-vsay-73d66e6e2645710493341b3809778f97 av-styling- av-img-linked avia-align-center  avia-builder-el-26  avia-builder-el-no-sibling  noHover av-overlay-on-hover'   itemprop=\"image\" itemscope=\"itemscope\" itemtype=\"https:\/\/schema.org\/ImageObject\" ><div class=\"avia-image-container-inner\"><div class=\"avia-image-overlay-wrap\"><a href=\"http:\/\/www.chikudo-bamboo-flutes.com\/wp-content\/uploads\/2018\/06\/shiro.jpg\" class='avia_image '  aria-label='shiro'><div class=\"av-image-caption-overlay\"><div class=\"av-caption-image-overlay-bg\"><\/div><div class=\"av-image-caption-overlay-position\"><div class=\"av-image-caption-overlay-center\"><p>Yamaguchi Shiro<\/p>\n<\/div><\/div><\/div><img decoding=\"async\" fetchpriority=\"high\" class='wp-image-4959 avia-img-lazy-loading-not-4959 avia_image ' src=\"http:\/\/www.chikudo-bamboo-flutes.com\/wp-content\/uploads\/2018\/06\/shiro-180x180.jpg\" alt='' title='shiro'  height=\"180\" width=\"180\"  itemprop=\"thumbnailUrl\" srcset=\"http:\/\/www.chikudo-bamboo-flutes.com\/wp-content\/uploads\/2018\/06\/shiro-180x180.jpg 180w, http:\/\/www.chikudo-bamboo-flutes.com\/wp-content\/uploads\/2018\/06\/shiro-80x80.jpg 80w, http:\/\/www.chikudo-bamboo-flutes.com\/wp-content\/uploads\/2018\/06\/shiro-36x36.jpg 36w, http:\/\/www.chikudo-bamboo-flutes.com\/wp-content\/uploads\/2018\/06\/shiro-120x120.jpg 120w\" sizes=\"(max-width: 180px) 100vw, 180px\" \/><\/a><\/div><\/div><\/div><\/div>\n","protected":false},"excerpt":{"rendered":"","protected":false},"author":1,"featured_media":0,"parent":0,"menu_order":0,"comment_status":"closed","ping_status":"open","template":"","meta":{"footnotes":""},"class_list":["post-18","page","type-page","status-publish","hentry"],"_links":{"self":[{"href":"http:\/\/www.chikudo-bamboo-flutes.com\/fr\/wp-json\/wp\/v2\/pages\/18","targetHints":{"allow":["GET"]}}],"collection":[{"href":"http:\/\/www.chikudo-bamboo-flutes.com\/fr\/wp-json\/wp\/v2\/pages"}],"about":[{"href":"http:\/\/www.chikudo-bamboo-flutes.com\/fr\/wp-json\/wp\/v2\/types\/page"}],"author":[{"embeddable":true,"href":"http:\/\/www.chikudo-bamboo-flutes.com\/fr\/wp-json\/wp\/v2\/users\/1"}],"replies":[{"embeddable":true,"href":"http:\/\/www.chikudo-bamboo-flutes.com\/fr\/wp-json\/wp\/v2\/comments?post=18"}],"version-history":[{"count":38,"href":"http:\/\/www.chikudo-bamboo-flutes.com\/fr\/wp-json\/wp\/v2\/pages\/18\/revisions"}],"predecessor-version":[{"id":4480,"href":"http:\/\/www.chikudo-bamboo-flutes.com\/fr\/wp-json\/wp\/v2\/pages\/18\/revisions\/4480"}],"wp:attachment":[{"href":"http:\/\/www.chikudo-bamboo-flutes.com\/fr\/wp-json\/wp\/v2\/media?parent=18"}],"curies":[{"name":"wp","href":"https:\/\/api.w.org\/{rel}","templated":true}]}}