{"id":2746,"date":"2019-06-26T19:23:45","date_gmt":"2019-06-26T18:23:45","guid":{"rendered":"http:\/\/www.chikudo-bamboo-flutes.com\/?page_id=2746"},"modified":"2025-03-20T11:33:24","modified_gmt":"2025-03-20T10:33:24","slug":"manuel-debutant-de-shakuhachi-kinko-ryu","status":"publish","type":"page","link":"http:\/\/www.chikudo-bamboo-flutes.com\/fr\/chikudo-shakuhachi\/manuel-debutant-de-shakuhachi-kinko-ryu\/","title":{"rendered":"Manuel d\u00e9butant de shakuhachi kinko-ry\u016b"},"content":{"rendered":"\n<style type=\"text\/css\" data-created_by=\"avia_inline_auto\" id=\"style-css-av-ht8z31-081f96d326665a2a07ed95118186fd0d\">\n.flex_column.av-ht8z31-081f96d326665a2a07ed95118186fd0d{\nborder-width:2px;\nborder-style:solid;\nborder-radius:10px 10px 10px 10px;\npadding:20px 20px 20px 20px;\nbackground:url(http:\/\/www.chikudo-bamboo-flutes.com\/wp-content\/uploads\/2016\/09\/texture_p_3_by_sirius_sdz.png) 0% 0% no-repeat scroll ;\n}\n<\/style>\n<div  class='flex_column av-ht8z31-081f96d326665a2a07ed95118186fd0d av_one_full  avia-builder-el-0  el_before_av_submenu  avia-builder-el-no-sibling  first flex_column_div  '     ><style type=\"text\/css\" data-created_by=\"avia_inline_auto\" id=\"style-css-av-jxdk0vv3-78d1407fb82495b2eceb0a939b27826d\">\n#top .av-special-heading.av-jxdk0vv3-78d1407fb82495b2eceb0a939b27826d{\npadding-bottom:10px;\n}\nbody .av-special-heading.av-jxdk0vv3-78d1407fb82495b2eceb0a939b27826d .av-special-heading-tag .heading-char{\nfont-size:25px;\n}\n.av-special-heading.av-jxdk0vv3-78d1407fb82495b2eceb0a939b27826d .av-subheading{\nfont-size:15px;\n}\n<\/style>\n<div  class='av-special-heading av-jxdk0vv3-78d1407fb82495b2eceb0a939b27826d av-special-heading-h1 blockquote classic-quote  avia-builder-el-1  avia-builder-el-no-sibling '><h1 class='av-special-heading-tag '  itemprop=\"headline\"  >Manuel d\u00e9butant de shakuhachi kinko-ryu<\/h1><div class='av-subheading av-subheading_below'><p>Gunnar Jinmei Linder<\/p>\n<\/div><div class=\"special-heading-border\"><div class=\"special-heading-inner-border\"><\/div><\/div><\/div><\/div>\n<\/div><\/div><\/div><!-- close content main div --><\/div><\/div><div class='clear'><\/div><div id='sub_menu1'  class='av-submenu-container av-fa9q4t-ba8b52c27d09d16367910edf02fe1b90 main_color  avia-builder-el-2  el_after_av_one_full  el_before_av_one_half  av-sticky-submenu submenu-not-first container_wrap fullsize' style='z-index:301' ><div class='container av-menu-mobile-disabled av-submenu-pos-center'><ul id=\"menu-menu-chikudo-shakuhachi\" class=\"av-subnav-menu\" role=\"menu\"><li role=\"menuitem\" id=\"menu-item-1650\" class=\"menu-item menu-item-type-post_type menu-item-object-page menu-item-top-level menu-item-top-level-1\"><a href=\"http:\/\/www.chikudo-bamboo-flutes.com\/fr\/chikudo-shakuhachi\/les-differents-modeles\/\" itemprop=\"url\" tabindex=\"0\"><span class=\"avia-bullet\"><\/span><span class=\"avia-menu-text\">Les diff\u00e9rents mod\u00e8les<\/span><span class=\"avia-menu-fx\"><span class=\"avia-arrow-wrap\"><span class=\"avia-arrow\"><\/span><\/span><\/span><\/a><\/li>\n<li role=\"menuitem\" id=\"menu-item-2006\" class=\"menu-item menu-item-type-post_type menu-item-object-page menu-item-top-level menu-item-top-level-2\"><a href=\"http:\/\/www.chikudo-bamboo-flutes.com\/fr\/chikudo-shakuhachi\/reparations-shakuhachi\/\" itemprop=\"url\" tabindex=\"0\"><span class=\"avia-bullet\"><\/span><span class=\"avia-menu-text\">R\u00e9parations<\/span><span class=\"avia-menu-fx\"><span class=\"avia-arrow-wrap\"><span class=\"avia-arrow\"><\/span><\/span><\/span><\/a><\/li>\n<li role=\"menuitem\" id=\"menu-item-4421\" class=\"menu-item menu-item-type-post_type menu-item-object-page menu-item-top-level menu-item-top-level-3\"><a href=\"http:\/\/www.chikudo-bamboo-flutes.com\/fr\/chikudo-shakuhachi\/shakuhachi-fabriques-depuis-2013\/\" itemprop=\"url\" tabindex=\"0\"><span class=\"avia-bullet\"><\/span><span class=\"avia-menu-text\">Shakuhachi d\u00e9j\u00e0 vendus<\/span><span class=\"avia-menu-fx\"><span class=\"avia-arrow-wrap\"><span class=\"avia-arrow\"><\/span><\/span><\/span><\/a><\/li>\n<li role=\"menuitem\" id=\"menu-item-2751\" class=\"menu-item menu-item-type-post_type menu-item-object-page menu-item-top-level menu-item-top-level-4\"><a href=\"http:\/\/www.chikudo-bamboo-flutes.com\/fr\/chikudo-shakuhachi\/manuel-debutant-de-shakuhachi-kinko-ryu\/\" itemprop=\"url\" tabindex=\"0\"><span class=\"avia-bullet\"><\/span><span class=\"avia-menu-text\">Manuel de shakuhachi<\/span><span class=\"avia-menu-fx\"><span class=\"avia-arrow-wrap\"><span class=\"avia-arrow\"><\/span><\/span><\/span><\/a><\/li>\n<li role=\"menuitem\" id=\"menu-item-1878\" class=\"menu-item menu-item-type-post_type menu-item-object-page menu-item-top-level menu-item-top-level-5\"><a href=\"http:\/\/www.chikudo-bamboo-flutes.com\/fr\/chikudo-shakuhachi\/accessoires\/\" itemprop=\"url\" tabindex=\"0\"><span class=\"avia-bullet\"><\/span><span class=\"avia-menu-text\">Accessoires<\/span><span class=\"avia-menu-fx\"><span class=\"avia-arrow-wrap\"><span class=\"avia-arrow\"><\/span><\/span><\/span><\/a><\/li>\n<li role=\"menuitem\" id=\"menu-item-1228\" class=\"menu-item menu-item-type-post_type menu-item-object-page menu-item-top-level menu-item-top-level-6\"><a href=\"http:\/\/www.chikudo-bamboo-flutes.com\/fr\/chikudo-shakuhachi\/stages-et-cours\/\" itemprop=\"url\" tabindex=\"0\"><span class=\"avia-bullet\"><\/span><span class=\"avia-menu-text\">Stages et cours<\/span><span class=\"avia-menu-fx\"><span class=\"avia-arrow-wrap\"><span class=\"avia-arrow\"><\/span><\/span><\/span><\/a><\/li>\n<li role=\"menuitem\" id=\"menu-item-3589\" class=\"menu-item menu-item-type-post_type menu-item-object-page menu-item-top-level menu-item-top-level-7\"><a href=\"http:\/\/www.chikudo-bamboo-flutes.com\/fr\/chikudo-shakuhachi\/bambous-pour-shakuhachi\/\" itemprop=\"url\" tabindex=\"0\"><span class=\"avia-bullet\"><\/span><span class=\"avia-menu-text\">Bambous pour shakuhachi<\/span><span class=\"avia-menu-fx\"><span class=\"avia-arrow-wrap\"><span class=\"avia-arrow\"><\/span><\/span><\/span><\/a><\/li>\n<\/ul><\/div><\/div><div class='sticky_placeholder'><\/div><div id='after_submenu_1'  class='main_color av_default_container_wrap container_wrap fullsize'  ><div class='container av-section-cont-open' ><div class='template-page content  av-content-full alpha units'><div class='post-entry post-entry-type-page post-entry-2746'><div class='entry-content-wrapper clearfix'>\n\n<style type=\"text\/css\" data-created_by=\"avia_inline_auto\" id=\"style-css-av-aly9p9-77c24ded4d14543ab4bf3dee790bffd4\">\n.flex_column.av-aly9p9-77c24ded4d14543ab4bf3dee790bffd4{\nborder-radius:0px 0px 0px 0px;\npadding:0px 0px 0px 0px;\n}\n<\/style>\n<div  class='flex_column av-aly9p9-77c24ded4d14543ab4bf3dee790bffd4 av_one_half  avia-builder-el-3  el_after_av_submenu  el_before_av_one_half  avia-builder-el-first  first flex_column_div av-zero-column-padding  '     ><style type=\"text\/css\" data-created_by=\"avia_inline_auto\" id=\"style-css-av-jth1b7z8-64f9fefc2c3e678da6bdbbef13f2a833\">\n.avia-image-container.av-jth1b7z8-64f9fefc2c3e678da6bdbbef13f2a833 img.avia_image{\nbox-shadow:none;\n}\n.avia-image-container.av-jth1b7z8-64f9fefc2c3e678da6bdbbef13f2a833 .av-image-caption-overlay-center{\ncolor:#ffffff;\n}\n<\/style>\n<div  class='avia-image-container av-jth1b7z8-64f9fefc2c3e678da6bdbbef13f2a833 av-styling- av-img-linked avia-align-center  avia-builder-el-4  avia-builder-el-no-sibling '   itemprop=\"image\" itemscope=\"itemscope\" itemtype=\"https:\/\/schema.org\/ImageObject\" ><div class=\"avia-image-container-inner\"><div class=\"avia-image-overlay-wrap\"><a href=\"http:\/\/www.chikudo-bamboo-flutes.com\/wp-content\/uploads\/2019\/06\/manuel-gunnar-574x800.jpg\" data-srcset=\"http:\/\/www.chikudo-bamboo-flutes.com\/wp-content\/uploads\/2019\/06\/manuel-gunnar.jpg 574w, http:\/\/www.chikudo-bamboo-flutes.com\/wp-content\/uploads\/2019\/06\/manuel-gunnar-287x400.jpg 287w, http:\/\/www.chikudo-bamboo-flutes.com\/wp-content\/uploads\/2019\/06\/manuel-gunnar-506x705.jpg 506w, http:\/\/www.chikudo-bamboo-flutes.com\/wp-content\/uploads\/2019\/06\/manuel-gunnar-450x627.jpg 450w\" data-sizes=\"(max-width: 574px) 100vw, 574px\" class='avia_image '  aria-label='manuel-gunnar'><img decoding=\"async\" fetchpriority=\"high\" class='wp-image-5278 avia-img-lazy-loading-not-5278 avia_image ' src=\"http:\/\/www.chikudo-bamboo-flutes.com\/wp-content\/uploads\/2019\/06\/manuel-gunnar-287x400.jpg\" alt='' title='manuel-gunnar'  height=\"400\" width=\"287\"  itemprop=\"thumbnailUrl\" srcset=\"http:\/\/www.chikudo-bamboo-flutes.com\/wp-content\/uploads\/2019\/06\/manuel-gunnar-287x400.jpg 287w, http:\/\/www.chikudo-bamboo-flutes.com\/wp-content\/uploads\/2019\/06\/manuel-gunnar.jpg 574w, http:\/\/www.chikudo-bamboo-flutes.com\/wp-content\/uploads\/2019\/06\/manuel-gunnar-506x705.jpg 506w, http:\/\/www.chikudo-bamboo-flutes.com\/wp-content\/uploads\/2019\/06\/manuel-gunnar-450x627.jpg 450w\" sizes=\"(max-width: 287px) 100vw, 287px\" \/><\/a><\/div><\/div><\/div><\/div>\n\n<style type=\"text\/css\" data-created_by=\"avia_inline_auto\" id=\"style-css-av-8hlfd9-374358aad589a38e01523d6e29f7c56f\">\n.flex_column.av-8hlfd9-374358aad589a38e01523d6e29f7c56f{\nborder-radius:0px 0px 0px 0px;\npadding:0px 0px 0px 0px;\n}\n<\/style>\n<div  class='flex_column av-8hlfd9-374358aad589a38e01523d6e29f7c56f av_one_half  avia-builder-el-5  el_after_av_one_half  el_before_av_three_fourth  flex_column_div av-zero-column-padding  '     ><style type=\"text\/css\" data-created_by=\"avia_inline_auto\" id=\"style-css-av-jth1ce6e-f1bb7b84a8cef2ec5d900741331fd511\">\n.avia-image-container.av-jth1ce6e-f1bb7b84a8cef2ec5d900741331fd511 img.avia_image{\nbox-shadow:none;\n}\n.avia-image-container.av-jth1ce6e-f1bb7b84a8cef2ec5d900741331fd511 .av-image-caption-overlay-center{\ncolor:#ffffff;\n}\n<\/style>\n<div  class='avia-image-container av-jth1ce6e-f1bb7b84a8cef2ec5d900741331fd511 av-styling- av-img-linked avia-align-center  avia-builder-el-6  avia-builder-el-no-sibling '   itemprop=\"image\" itemscope=\"itemscope\" itemtype=\"https:\/\/schema.org\/ImageObject\" ><div class=\"avia-image-container-inner\"><div class=\"avia-image-overlay-wrap\"><a href=\"http:\/\/www.chikudo-bamboo-flutes.com\/wp-content\/uploads\/2019\/03\/gunnar-manual-en-2-800x584.jpg\" data-srcset=\"http:\/\/www.chikudo-bamboo-flutes.com\/wp-content\/uploads\/2019\/03\/gunnar-manual-en-2-800x584.jpg 800w, http:\/\/www.chikudo-bamboo-flutes.com\/wp-content\/uploads\/2019\/03\/gunnar-manual-en-2-400x292.jpg 400w, http:\/\/www.chikudo-bamboo-flutes.com\/wp-content\/uploads\/2019\/03\/gunnar-manual-en-2-768x560.jpg 768w, http:\/\/www.chikudo-bamboo-flutes.com\/wp-content\/uploads\/2019\/03\/gunnar-manual-en-2-1500x1095.jpg 1500w, http:\/\/www.chikudo-bamboo-flutes.com\/wp-content\/uploads\/2019\/03\/gunnar-manual-en-2-705x514.jpg 705w, http:\/\/www.chikudo-bamboo-flutes.com\/wp-content\/uploads\/2019\/03\/gunnar-manual-en-2-450x328.jpg 450w\" data-sizes=\"(max-width: 800px) 100vw, 800px\" class='avia_image '  aria-label='gunnar-manual-en-2'><img decoding=\"async\" fetchpriority=\"high\" class='wp-image-5186 avia-img-lazy-loading-not-5186 avia_image ' src=\"http:\/\/www.chikudo-bamboo-flutes.com\/wp-content\/uploads\/2019\/03\/gunnar-manual-en-2-400x292.jpg\" alt='' title='gunnar-manual-en-2'  height=\"292\" width=\"400\"  itemprop=\"thumbnailUrl\" srcset=\"http:\/\/www.chikudo-bamboo-flutes.com\/wp-content\/uploads\/2019\/03\/gunnar-manual-en-2-400x292.jpg 400w, http:\/\/www.chikudo-bamboo-flutes.com\/wp-content\/uploads\/2019\/03\/gunnar-manual-en-2-768x560.jpg 768w, http:\/\/www.chikudo-bamboo-flutes.com\/wp-content\/uploads\/2019\/03\/gunnar-manual-en-2-800x584.jpg 800w, http:\/\/www.chikudo-bamboo-flutes.com\/wp-content\/uploads\/2019\/03\/gunnar-manual-en-2-1500x1095.jpg 1500w, http:\/\/www.chikudo-bamboo-flutes.com\/wp-content\/uploads\/2019\/03\/gunnar-manual-en-2-705x514.jpg 705w, http:\/\/www.chikudo-bamboo-flutes.com\/wp-content\/uploads\/2019\/03\/gunnar-manual-en-2-450x328.jpg 450w\" sizes=\"(max-width: 400px) 100vw, 400px\" \/><\/a><\/div><\/div><\/div><\/div>\n\n<style type=\"text\/css\" data-created_by=\"avia_inline_auto\" id=\"style-css-av-73bsrh-231baa10e333109e30525f32739d0a0a\">\n.flex_column.av-73bsrh-231baa10e333109e30525f32739d0a0a{\nborder-radius:0px 0px 0px 0px;\npadding:0px 0px 0px 0px;\n}\n<\/style>\n<div  class='flex_column av-73bsrh-231baa10e333109e30525f32739d0a0a av_three_fourth  avia-builder-el-7  el_after_av_one_half  el_before_av_one_fourth  first flex_column_div av-zero-column-padding  column-top-margin'     ><section  class='av_textblock_section av-jth1y22x-d5e75134fc92fb4186ebb3b6dd5f26b5 '   itemscope=\"itemscope\" itemtype=\"https:\/\/schema.org\/CreativeWork\" ><div class='avia_textblock'  itemprop=\"text\" ><blockquote>\n<p>J&rsquo;ai le plaisir de vous pr\u00e9senter le premier manuel de d\u00e9butant du style kinko-ry\u016b Chikumeisha et qui plus est le tout premier manuel d&rsquo;apprentissage du shakuhachi publi\u00e9 en fran\u00e7ais !<\/p>\n<p>Mon professeur Gunnar Jinmei Linder m&rsquo;en a confi\u00e9 l&rsquo;\u00e9dition et la publication sur les bases de son enseignement aux \u00e9l\u00e8ves d\u00e9butants.<\/p>\n<p>Il est accompagn\u00e9 de partitions des pi\u00e8ces propos\u00e9es en notation kinko calligraphi\u00e9es \u00e0 la main et leur transcription en notation occidentale ainsi que d&rsquo;un CD avec tous les enregistrements.<\/p>\n<p>Cet ouvrage est une bonne m\u00e9thode d&rsquo;auto-apprentissage pour ceux qui n&rsquo;ont pas d&rsquo;acc\u00e8s direct \u00e0 un enseignant.<\/p>\n<\/blockquote>\n<\/div><\/section><\/div>\n\n<style type=\"text\/css\" data-created_by=\"avia_inline_auto\" id=\"style-css-av-5lcurx-8bcfee196a70a5c98b8967aa15c82f93\">\n.flex_column.av-5lcurx-8bcfee196a70a5c98b8967aa15c82f93{\nborder-radius:0px 0px 0px 0px;\npadding:0px 0px 0px 0px;\n}\n<\/style>\n<div  class='flex_column av-5lcurx-8bcfee196a70a5c98b8967aa15c82f93 av_one_fourth  avia-builder-el-9  el_after_av_three_fourth  el_before_av_one_third  flex_column_div av-zero-column-padding  column-top-margin'     ><article  class='iconbox iconbox_left av-jth1qmas-9413f6610e926e19096887a79554415f  avia-builder-el-10  avia-builder-el-no-sibling '  itemscope=\"itemscope\" itemtype=\"https:\/\/schema.org\/CreativeWork\" ><div class=\"iconbox_content\"><header class=\"entry-content-header\" aria-label=\"Icon: 20\u20ac\"><div class=\"iconbox_icon heading-color\" aria-hidden='true' data-av_icon='\ue827' data-av_iconfont='entypo-fontello'><\/div><h3 class='iconbox_content_title '  itemprop=\"headline\" >20\u20ac<\/h3><\/header><div class='iconbox_content_container '  itemprop=\"text\" ><h3><strong>Manuel d\u00e9butant :<\/strong><\/h3>\n<p><strong>&#8211; 80 pages<br \/>\n&#8211; Premiers pas avec l&rsquo;instrument<\/strong><br \/>\n<strong> &#8211; 16 pi\u00e8ces d\u00e9butant<\/strong><br \/>\n<strong> &#8211; 1 pi\u00e8ce de niveau interm\u00e9diaire<\/strong><br \/>\n<strong> &#8211; Partitions en notation <em>kinko<\/em> calligraphi\u00e9e<\/strong><br \/>\n<strong> &#8211; Partitions en notation occidentale<\/strong><br \/>\n<strong> &#8211; Fichiers son des pi\u00e8ces \u00e9tudi\u00e9es en t\u00e9l\u00e9chargement<br \/>\n<\/strong><\/p>\n<\/div><\/div><footer class=\"entry-footer\"><\/footer><\/article><\/div>\n\n<style type=\"text\/css\" data-created_by=\"avia_inline_auto\" id=\"style-css-av-40rtkq-52e7133cdd178caf27bfe39769782e27\">\n.flex_column.av-40rtkq-52e7133cdd178caf27bfe39769782e27{\nborder-radius:0px 0px 0px 0px;\npadding:0px 0px 0px 0px;\n}\n<\/style>\n<div  class='flex_column av-40rtkq-52e7133cdd178caf27bfe39769782e27 av_one_third  avia-builder-el-11  el_after_av_one_fourth  el_before_av_one_third  first flex_column_div av-zero-column-padding  column-top-margin'     ><\/div>\n\n<style type=\"text\/css\" data-created_by=\"avia_inline_auto\" id=\"style-css-av-27z03e-0ae040a71e5c09c55743a7c90fa5205a\">\n.flex_column.av-27z03e-0ae040a71e5c09c55743a7c90fa5205a{\nborder-radius:0px 0px 0px 0px;\npadding:0px 0px 0px 0px;\n}\n<\/style>\n<div  class='flex_column av-27z03e-0ae040a71e5c09c55743a7c90fa5205a av_one_third  avia-builder-el-12  el_after_av_one_third  el_before_av_one_third  flex_column_div av-zero-column-padding  column-top-margin'     ><p><div  class='hr av-jth1z1g3-bcb70859f0b33dbea2fd58f5c7da180c hr-short  avia-builder-el-13  el_before_av_button  avia-builder-el-first  hr-center'><span class='hr-inner '><span class=\"hr-inner-style\"><\/span><\/span><\/div><br \/>\n<div  class='avia-button-wrap av-m8h7m06o-b3b13c1146b8b77595a7e896c1b28ad3-wrap avia_animated_button av-animated-when-visible-95 zoom-in avia-button-center  avia-builder-el-14  el_after_av_hr  el_before_av_hr '><a href='https:\/\/www.lulu.com\/fr\/shop\/gunnar-jimei-linder-and-thomas-goulpeau\/manuel-d%C3%A9butant-de-shakuhachi-kinko-ry%C5%AB\/paperback\/product-kvkmrwd.html?q=shakuhachi&amp;page=1&amp;pageSize=4'  class='avia-button av-m8h7m06o-b3b13c1146b8b77595a7e896c1b28ad3 av-link-btn avia-icon_select-yes-left-icon avia-size-large avia-position-center avia-color-green'  target=\"_blank\"  rel=\"noopener noreferrer\"  aria-label=\"Commander\"><span class='avia_button_icon avia_button_icon_left' aria-hidden='true' data-av_icon='\ue859' data-av_iconfont='entypo-fontello'><\/span><span class='avia_iconbox_title' >Commander<\/span><\/a><\/div><br \/>\n<div  class='hr av-56zgd6-fc9cd7cc8480357ccd07dc4f09d05c59 hr-short  avia-builder-el-15  el_after_av_button  avia-builder-el-last  hr-center'><span class='hr-inner '><span class=\"hr-inner-style\"><\/span><\/span><\/div><\/p><\/div>\n<style type=\"text\/css\" data-created_by=\"avia_inline_auto\" id=\"style-css-av-24lh3e-9cccb306d19df3807793bf9dcfe53fdc\">\n.flex_column.av-24lh3e-9cccb306d19df3807793bf9dcfe53fdc{\nborder-radius:0px 0px 0px 0px;\npadding:0px 0px 0px 0px;\n}\n<\/style>\n<div  class='flex_column av-24lh3e-9cccb306d19df3807793bf9dcfe53fdc av_one_third  avia-builder-el-16  el_after_av_one_third  el_before_av_one_half  flex_column_div av-zero-column-padding  column-top-margin'     ><\/div><\/p>\n\n<style type=\"text\/css\" data-created_by=\"avia_inline_auto\" id=\"style-css-av-3lohe2-4b83676bd30b2c7d7e6f18bef80d3ff4\">\n.flex_column.av-3lohe2-4b83676bd30b2c7d7e6f18bef80d3ff4{\nborder-width:1px;\nborder-color:#80442a;\nborder-style:solid;\nborder-radius:5px 5px 5px 5px;\npadding:15px 10px 15px 10px;\nbackground:url(http:\/\/www.chikudo-bamboo-flutes.com\/wp-content\/uploads\/2016\/06\/texture-kraft-transparent-1.png) 0% 0% repeat scroll ;\n}\n<\/style>\n<div  class='flex_column av-3lohe2-4b83676bd30b2c7d7e6f18bef80d3ff4 av_one_half  avia-builder-el-17  el_after_av_one_third  el_before_av_one_half  first flex_column_div  column-top-margin'     ><section  class='av_textblock_section av-jth255jk-208d1cfbf6e85d0c1bd0592f07d77120 '   itemscope=\"itemscope\" itemtype=\"https:\/\/schema.org\/CreativeWork\" ><div class='avia_textblock'  itemprop=\"text\" ><h3><\/h3>\n<h3 style=\"text-align: center;\">Sommaire :<\/h3>\n<ul>\n<li>Introduction &#8211; \u00e0 propos du shakuhachi<\/li>\n<li>Chapitre I\u00a0 : Les bases<\/li>\n<li>Chapitre II : Les doigt\u00e9s<\/li>\n<li>Chapitre III : Techniques ornementales<\/li>\n<li>Chapitre IV : Notation<\/li>\n<li>Chapitre V : Pi\u00e8ces d\u00e9butant<\/li>\n<li>Chapitre VI : Introduction aux techniques du <em>honkyoku<\/em><\/li>\n<\/ul>\n<\/div><\/section><\/div>\n\n<style type=\"text\/css\" data-created_by=\"avia_inline_auto\" id=\"style-css-av-3apgpm-d548edeb18b41718ab4898fe6ae422a8\">\n.flex_column.av-3apgpm-d548edeb18b41718ab4898fe6ae422a8{\nborder-width:1px;\nborder-color:#80442a;\nborder-style:solid;\nborder-radius:5px 5px 5px 5px;\npadding:15px 10px 15px 10px;\nbackground:url(http:\/\/www.chikudo-bamboo-flutes.com\/wp-content\/uploads\/2016\/06\/texture-kraft-transparent-1.png) 0% 0% repeat scroll ;\n}\n<\/style>\n<div  class='flex_column av-3apgpm-d548edeb18b41718ab4898fe6ae422a8 av_one_half  avia-builder-el-19  el_after_av_one_half  el_before_av_hr  flex_column_div  column-top-margin'     ><section  class='av_textblock_section av-jth255jk-4-33662b110404b0695e7b22445fe33e7b '   itemscope=\"itemscope\" itemtype=\"https:\/\/schema.org\/CreativeWork\" ><div class='avia_textblock'  itemprop=\"text\" ><h3 style=\"text-align: center;\">Liste des pi\u00e8ces :<\/h3>\n<ul>\n<li><em>Tsuki<\/em><\/li>\n<li><em>Hi no maru<\/em><\/li>\n<li><em>Momo taro<\/em><\/li>\n<li><em>Hama chidori<\/em><\/li>\n<li><em>Kutsu ga naru<\/em><\/li>\n<li><em>O-uma no oya_ko<\/em><\/li>\n<li><em>Yu-yake ko-yake<\/em><\/li>\n<li><em>Ame-furi o-tsuki-san<\/em><\/li>\n<li><em>Suna-yama<\/em><\/li>\n<li><em>Cha-zumi<\/em><\/li>\n<li><em>Hotaru no hikari<\/em><\/li>\n<li>Haru no ogawa<\/li>\n<li><em>Kira-kira-boshi<\/em><\/li>\n<li><em>Kodjo no tsuki<\/em><\/li>\n<li><em>Sakura sakura<\/em><\/li>\n<li><em>Kuroda-bushi<\/em><\/li>\n<\/ul>\n<p><strong>Pi\u00e8ce niveau interm\u00e9diaire :<\/strong><\/p>\n<p><em>Tsuki<\/em> de Hirokado Reifu<\/p>\n<\/div><\/section><\/div>\n\n<style type=\"text\/css\" data-created_by=\"avia_inline_auto\" id=\"style-css-av-jth1z1g3-5-1f19763654e3f66e6af313201bec2d68\">\n#top .hr.hr-invisible.av-jth1z1g3-5-1f19763654e3f66e6af313201bec2d68{\nheight:50px;\n}\n<\/style>\n<div  class='hr av-jth1z1g3-5-1f19763654e3f66e6af313201bec2d68 hr-invisible  avia-builder-el-21  el_after_av_one_half  el_before_av_hr '><span class='hr-inner '><span class=\"hr-inner-style\"><\/span><\/span><\/div>\n<div  class='hr av-jth1z85s-1af4493ac552d5ee6f7de30714ad47a2 hr-short  avia-builder-el-22  el_after_av_hr  avia-builder-el-last  hr-center'><span class='hr-inner '><span class=\"hr-inner-style\"><\/span><\/span><\/div>\n","protected":false},"excerpt":{"rendered":"","protected":false},"author":1,"featured_media":0,"parent":1113,"menu_order":0,"comment_status":"closed","ping_status":"closed","template":"","meta":{"footnotes":""},"class_list":["post-2746","page","type-page","status-publish","hentry"],"_links":{"self":[{"href":"http:\/\/www.chikudo-bamboo-flutes.com\/fr\/wp-json\/wp\/v2\/pages\/2746","targetHints":{"allow":["GET"]}}],"collection":[{"href":"http:\/\/www.chikudo-bamboo-flutes.com\/fr\/wp-json\/wp\/v2\/pages"}],"about":[{"href":"http:\/\/www.chikudo-bamboo-flutes.com\/fr\/wp-json\/wp\/v2\/types\/page"}],"author":[{"embeddable":true,"href":"http:\/\/www.chikudo-bamboo-flutes.com\/fr\/wp-json\/wp\/v2\/users\/1"}],"replies":[{"embeddable":true,"href":"http:\/\/www.chikudo-bamboo-flutes.com\/fr\/wp-json\/wp\/v2\/comments?post=2746"}],"version-history":[{"count":19,"href":"http:\/\/www.chikudo-bamboo-flutes.com\/fr\/wp-json\/wp\/v2\/pages\/2746\/revisions"}],"predecessor-version":[{"id":5457,"href":"http:\/\/www.chikudo-bamboo-flutes.com\/fr\/wp-json\/wp\/v2\/pages\/2746\/revisions\/5457"}],"up":[{"embeddable":true,"href":"http:\/\/www.chikudo-bamboo-flutes.com\/fr\/wp-json\/wp\/v2\/pages\/1113"}],"wp:attachment":[{"href":"http:\/\/www.chikudo-bamboo-flutes.com\/fr\/wp-json\/wp\/v2\/media?parent=2746"}],"curies":[{"name":"wp","href":"https:\/\/api.w.org\/{rel}","templated":true}]}}