{"id":1017,"date":"2016-06-03T14:48:27","date_gmt":"2016-06-03T13:48:27","guid":{"rendered":"http:\/\/www.chikudo-bamboo-flutes.com\/?page_id=1017"},"modified":"2024-09-10T14:24:21","modified_gmt":"2024-09-10T13:24:21","slug":"atelier","status":"publish","type":"page","link":"https:\/\/www.chikudo-bamboo-flutes.com\/fr\/atelier\/","title":{"rendered":"Atelier"},"content":{"rendered":"\n<style type=\"text\/css\" data-created_by=\"avia_inline_auto\" id=\"style-css-av-kytsyh-5bfa533ad82e0bc246d3367d727adc8b\">\n.flex_column.av-kytsyh-5bfa533ad82e0bc246d3367d727adc8b{\nborder-radius:0px 0px 0px 0px;\npadding:0px 0px 0px 0px;\n}\n<\/style>\n<div  class='flex_column av-kytsyh-5bfa533ad82e0bc246d3367d727adc8b av_one_full  avia-builder-el-0  el_before_av_submenu  avia-builder-el-no-sibling  first flex_column_div av-zero-column-padding  '     ><p>\n<style type=\"text\/css\" data-created_by=\"avia_inline_auto\" id=\"style-css-av-isg361-2f877e855c7338a6795efe1bcbeb78d3\">\n#top .av-special-heading.av-isg361-2f877e855c7338a6795efe1bcbeb78d3{\npadding-bottom:10px;\n}\nbody .av-special-heading.av-isg361-2f877e855c7338a6795efe1bcbeb78d3 .av-special-heading-tag .heading-char{\nfont-size:25px;\n}\n.av-special-heading.av-isg361-2f877e855c7338a6795efe1bcbeb78d3 .av-subheading{\nfont-size:20px;\n}\n<\/style>\n<div  class='av-special-heading av-isg361-2f877e855c7338a6795efe1bcbeb78d3 av-special-heading-h1 blockquote classic-quote  avia-builder-el-1  el_before_av_image  avia-builder-el-first '><h1 class='av-special-heading-tag '  itemprop=\"headline\"  >Atelier Chikudo<\/h1><div class='av-subheading av-subheading_below'><p>Fabrication de flute Japonaise Shakuhachi<\/p>\n<\/div><div class=\"special-heading-border\"><div class=\"special-heading-inner-border\"><\/div><\/div><\/div><br \/>\n\n<style type=\"text\/css\" data-created_by=\"avia_inline_auto\" id=\"style-css-av-i2hl6x-2fff746c3e6018adec00d3931ad0c7f6\">\n.avia-image-container.av-i2hl6x-2fff746c3e6018adec00d3931ad0c7f6 img.avia_image{\nbox-shadow:none;\n}\n.avia-image-container.av-i2hl6x-2fff746c3e6018adec00d3931ad0c7f6 .av-image-caption-overlay-center{\ncolor:#ffffff;\n}\n<\/style>\n<div  class='avia-image-container av-i2hl6x-2fff746c3e6018adec00d3931ad0c7f6 av-styling- avia-align-center  avia-builder-el-2  el_after_av_heading  avia-builder-el-last '   itemprop=\"image\" itemscope=\"itemscope\" itemtype=\"https:\/\/schema.org\/ImageObject\" ><div class=\"avia-image-container-inner\"><div class=\"avia-image-overlay-wrap\"><img decoding=\"async\" fetchpriority=\"high\" class='wp-image-1148 avia-img-lazy-loading-not-1148 avia_image ' src=\"https:\/\/www.chikudo-bamboo-flutes.com\/wp-content\/uploads\/2016\/06\/trait-pinceau-hz-800x58.png\" alt='' title='trait-pinceau-hz'  height=\"58\" width=\"800\"  itemprop=\"thumbnailUrl\" srcset=\"https:\/\/www.chikudo-bamboo-flutes.com\/wp-content\/uploads\/2016\/06\/trait-pinceau-hz-800x58.png 800w, https:\/\/www.chikudo-bamboo-flutes.com\/wp-content\/uploads\/2016\/06\/trait-pinceau-hz-400x29.png 400w, https:\/\/www.chikudo-bamboo-flutes.com\/wp-content\/uploads\/2016\/06\/trait-pinceau-hz-768x55.png 768w, https:\/\/www.chikudo-bamboo-flutes.com\/wp-content\/uploads\/2016\/06\/trait-pinceau-hz.png 1500w, https:\/\/www.chikudo-bamboo-flutes.com\/wp-content\/uploads\/2016\/06\/trait-pinceau-hz-705x51.png 705w, https:\/\/www.chikudo-bamboo-flutes.com\/wp-content\/uploads\/2016\/06\/trait-pinceau-hz-450x32.png 450w\" sizes=\"(max-width: 800px) 100vw, 800px\" \/><\/div><\/div><\/div><\/p><\/div>\n<\/div><\/div><\/div><!-- close content main div --><\/div><\/div><div class='clear'><\/div><div id='sub_menu1'  class='av-submenu-container av-fp1vvt-d708283f4b11b58342af69b781a03fc3 main_color  avia-builder-el-3  el_after_av_one_full  el_before_av_one_fifth  av-sticky-submenu submenu-not-first container_wrap fullsize' style='z-index:301' ><div class='container av-menu-mobile-disabled av-submenu-pos-center'><ul id=\"menu-menu-atelier\" class=\"av-subnav-menu\" role=\"menu\"><li role=\"menuitem\" id=\"menu-item-1136\" class=\"menu-item menu-item-type-post_type menu-item-object-page menu-item-top-level menu-item-top-level-1\"><a href=\"https:\/\/www.chikudo-bamboo-flutes.com\/fr\/atelier\/fabrication-du-shakuhachi\/\" itemprop=\"url\" tabindex=\"0\"><span class=\"avia-bullet\"><\/span><span class=\"avia-menu-text\">Fabrication des Shakuhachi<\/span><span class=\"avia-menu-fx\"><span class=\"avia-arrow-wrap\"><span class=\"avia-arrow\"><\/span><\/span><\/span><\/a><\/li>\n<li role=\"menuitem\" id=\"menu-item-1142\" class=\"menu-item menu-item-type-post_type menu-item-object-page menu-item-top-level menu-item-top-level-2\"><a href=\"https:\/\/www.chikudo-bamboo-flutes.com\/fr\/atelier\/philosophie\/\" itemprop=\"url\" tabindex=\"0\"><span class=\"avia-bullet\"><\/span><span class=\"avia-menu-text\">Philosophie<\/span><span class=\"avia-menu-fx\"><span class=\"avia-arrow-wrap\"><span class=\"avia-arrow\"><\/span><\/span><\/span><\/a><\/li>\n<li role=\"menuitem\" id=\"menu-item-1141\" class=\"menu-item menu-item-type-post_type menu-item-object-page menu-item-top-level menu-item-top-level-3\"><a href=\"https:\/\/www.chikudo-bamboo-flutes.com\/fr\/atelier\/biographie\/\" itemprop=\"url\" tabindex=\"0\"><span class=\"avia-bullet\"><\/span><span class=\"avia-menu-text\">Biographie<\/span><span class=\"avia-menu-fx\"><span class=\"avia-arrow-wrap\"><span class=\"avia-arrow\"><\/span><\/span><\/span><\/a><\/li>\n<li role=\"menuitem\" id=\"menu-item-1138\" class=\"menu-item menu-item-type-post_type menu-item-object-page menu-item-top-level menu-item-top-level-4\"><a href=\"https:\/\/www.chikudo-bamboo-flutes.com\/fr\/atelier\/garanties\/\" itemprop=\"url\" tabindex=\"0\"><span class=\"avia-bullet\"><\/span><span class=\"avia-menu-text\">Garanties<\/span><span class=\"avia-menu-fx\"><span class=\"avia-arrow-wrap\"><span class=\"avia-arrow\"><\/span><\/span><\/span><\/a><\/li>\n<li role=\"menuitem\" id=\"menu-item-1135\" class=\"menu-item menu-item-type-post_type menu-item-object-page menu-item-top-level menu-item-top-level-5\"><a href=\"https:\/\/www.chikudo-bamboo-flutes.com\/fr\/atelier\/commander\/\" itemprop=\"url\" tabindex=\"0\"><span class=\"avia-bullet\"><\/span><span class=\"avia-menu-text\">Commander<\/span><span class=\"avia-menu-fx\"><span class=\"avia-arrow-wrap\"><span class=\"avia-arrow\"><\/span><\/span><\/span><\/a><\/li>\n<li role=\"menuitem\" id=\"menu-item-1140\" class=\"menu-item menu-item-type-post_type menu-item-object-page menu-item-top-level menu-item-top-level-6\"><a href=\"https:\/\/www.chikudo-bamboo-flutes.com\/fr\/atelier\/tarifs\/\" itemprop=\"url\" tabindex=\"0\"><span class=\"avia-bullet\"><\/span><span class=\"avia-menu-text\">Tarifs<\/span><span class=\"avia-menu-fx\"><span class=\"avia-arrow-wrap\"><span class=\"avia-arrow\"><\/span><\/span><\/span><\/a><\/li>\n<li role=\"menuitem\" id=\"menu-item-1137\" class=\"menu-item menu-item-type-post_type menu-item-object-page menu-item-top-level menu-item-top-level-7\"><a href=\"https:\/\/www.chikudo-bamboo-flutes.com\/fr\/atelier\/faq\/\" itemprop=\"url\" tabindex=\"0\"><span class=\"avia-bullet\"><\/span><span class=\"avia-menu-text\">FaQ<\/span><span class=\"avia-menu-fx\"><span class=\"avia-arrow-wrap\"><span class=\"avia-arrow\"><\/span><\/span><\/span><\/a><\/li>\n<li role=\"menuitem\" id=\"menu-item-1139\" class=\"menu-item menu-item-type-post_type menu-item-object-page menu-item-top-level menu-item-top-level-8\"><a href=\"https:\/\/www.chikudo-bamboo-flutes.com\/fr\/atelier\/liens\/\" itemprop=\"url\" tabindex=\"0\"><span class=\"avia-bullet\"><\/span><span class=\"avia-menu-text\">Liens<\/span><span class=\"avia-menu-fx\"><span class=\"avia-arrow-wrap\"><span class=\"avia-arrow\"><\/span><\/span><\/span><\/a><\/li>\n<\/ul><\/div><\/div><div class='sticky_placeholder'><\/div><div id='after_submenu_1'  class='main_color av_default_container_wrap container_wrap fullsize'  ><div class='container av-section-cont-open' ><div class='template-page content  av-content-full alpha units'><div class='post-entry post-entry-type-page post-entry-1017'><div class='entry-content-wrapper clearfix'>\n\n<style type=\"text\/css\" data-created_by=\"avia_inline_auto\" id=\"style-css-av-bdotkp-adc3e68541dea6e9bf8516d9beb743e6\">\n.flex_column.av-bdotkp-adc3e68541dea6e9bf8516d9beb743e6{\nborder-radius:0px 0px 0px 0px;\npadding:0px 0px 0px 0px;\n}\n<\/style>\n<div  class='flex_column av-bdotkp-adc3e68541dea6e9bf8516d9beb743e6 av_one_fifth  avia-builder-el-4  el_after_av_submenu  el_before_av_three_fifth  avia-builder-el-first  first flex_column_div av-zero-column-padding  '     ><\/div>\n\n<style type=\"text\/css\" data-created_by=\"avia_inline_auto\" id=\"style-css-av-x5815-f2b36aab209c2f947069ae0100a56075\">\n.flex_column.av-x5815-f2b36aab209c2f947069ae0100a56075{\nborder-radius:0px 0px 0px 0px;\npadding:0px 0px 0px 0px;\n}\n<\/style>\n<div  class='flex_column av-x5815-f2b36aab209c2f947069ae0100a56075 av_three_fifth  avia-builder-el-5  el_after_av_one_fifth  el_before_av_one_fifth  flex_column_div av-zero-column-padding  '     ><p>\n<style type=\"text\/css\" data-created_by=\"avia_inline_auto\" id=\"style-css-av-88ge15-c2dece77ecb4d9ce5d08ca317b6c8c20\">\n.avia-image-container.av-88ge15-c2dece77ecb4d9ce5d08ca317b6c8c20 img.avia_image{\nbox-shadow:none;\n}\n.avia-image-container.av-88ge15-c2dece77ecb4d9ce5d08ca317b6c8c20 .av-image-caption-overlay-center{\ncolor:#ffffff;\n}\n<\/style>\n<div  class='avia-image-container av-88ge15-c2dece77ecb4d9ce5d08ca317b6c8c20 av-styling- av-img-linked avia-align-center  avia-builder-el-6  el_before_av_textblock  avia-builder-el-first '   itemprop=\"image\" itemscope=\"itemscope\" itemtype=\"https:\/\/schema.org\/ImageObject\" ><div class=\"avia-image-container-inner\"><div class=\"avia-image-overlay-wrap\"><a href=\"https:\/\/www.chikudo-bamboo-flutes.com\/wp-content\/uploads\/2016\/11\/P1090167-800x531.jpg\" data-srcset=\"https:\/\/www.chikudo-bamboo-flutes.com\/wp-content\/uploads\/2016\/11\/P1090167.jpg 800w, https:\/\/www.chikudo-bamboo-flutes.com\/wp-content\/uploads\/2016\/11\/P1090167-400x266.jpg 400w, https:\/\/www.chikudo-bamboo-flutes.com\/wp-content\/uploads\/2016\/11\/P1090167-768x510.jpg 768w, https:\/\/www.chikudo-bamboo-flutes.com\/wp-content\/uploads\/2016\/11\/P1090167-705x468.jpg 705w, https:\/\/www.chikudo-bamboo-flutes.com\/wp-content\/uploads\/2016\/11\/P1090167-450x299.jpg 450w\" data-sizes=\"(max-width: 800px) 100vw, 800px\" class='avia_image '  aria-label='p1090167'><img decoding=\"async\" fetchpriority=\"high\" class='wp-image-1270 avia-img-lazy-loading-not-1270 avia_image ' src=\"https:\/\/www.chikudo-bamboo-flutes.com\/wp-content\/uploads\/2016\/11\/P1090167-400x266.jpg\" alt='' title='p1090167'  height=\"266\" width=\"400\"  itemprop=\"thumbnailUrl\" srcset=\"https:\/\/www.chikudo-bamboo-flutes.com\/wp-content\/uploads\/2016\/11\/P1090167-400x266.jpg 400w, https:\/\/www.chikudo-bamboo-flutes.com\/wp-content\/uploads\/2016\/11\/P1090167-768x510.jpg 768w, https:\/\/www.chikudo-bamboo-flutes.com\/wp-content\/uploads\/2016\/11\/P1090167.jpg 800w, https:\/\/www.chikudo-bamboo-flutes.com\/wp-content\/uploads\/2016\/11\/P1090167-705x468.jpg 705w, https:\/\/www.chikudo-bamboo-flutes.com\/wp-content\/uploads\/2016\/11\/P1090167-450x299.jpg 450w\" sizes=\"(max-width: 400px) 100vw, 400px\" \/><\/a><\/div><\/div><\/div><br \/>\n<section  class='av_textblock_section av-5q003d-f86796d8bae993433a3ca2f2631fab78 '   itemscope=\"itemscope\" itemtype=\"https:\/\/schema.org\/CreativeWork\" ><div class='avia_textblock'  itemprop=\"text\" ><h3 style=\"text-align: center;\">Bienvenue \u00e0 l&rsquo;atelier<\/h3>\n<h4 style=\"text-align: center;\"><em>Mon endroit pr\u00e9f\u00e9r\u00e9 au monde !<\/em><\/h4>\n<p>C&rsquo;est dans un petit vallon sauvage \u00e0 deux pas du centre de Figeac que je fabrique mes Shakuhachi, accompagn\u00e9 par le son de l&rsquo;eau qui coule dans le ruisseau au pied de l&rsquo;atelier.<\/p>\n<p>L&rsquo;atelier, tout en bois, est un espace intime et chaleureux propice \u00e0 la concentration; j&rsquo;aurai plaisir \u00e0 vous y accueillir pour une visite, ou des cours d&rsquo;initiation au jeu du Shakuhachi.<\/p>\n<\/div><\/section><br \/>\n\n<style type=\"text\/css\" data-created_by=\"avia_inline_auto\" id=\"style-css-av-493upl-2dbd3b6af1c0be8d93c8c6bacbf9a581\">\n.avia-image-container.av-493upl-2dbd3b6af1c0be8d93c8c6bacbf9a581 img.avia_image{\nbox-shadow:none;\n}\n.avia-image-container.av-493upl-2dbd3b6af1c0be8d93c8c6bacbf9a581 .av-caption-image-overlay-bg{\nopacity:0.4;\nbackground-color:#000000;\n}\n.avia-image-container.av-493upl-2dbd3b6af1c0be8d93c8c6bacbf9a581 .av-image-caption-overlay-center{\ncolor:#ffffff;\n}\n<\/style>\n<div  class='avia-image-container av-493upl-2dbd3b6af1c0be8d93c8c6bacbf9a581 av-styling- av-img-linked avia-align-center  avia-builder-el-8  el_after_av_textblock  avia-builder-el-last  noHover av-overlay-on-hover'   itemprop=\"image\" itemscope=\"itemscope\" itemtype=\"https:\/\/schema.org\/ImageObject\" ><div class=\"avia-image-container-inner\"><div class=\"avia-image-overlay-wrap\"><a href=\"https:\/\/www.chikudo-bamboo-flutes.com\/wp-content\/uploads\/2016\/06\/P1090078-531x800.jpg\" data-srcset=\"https:\/\/www.chikudo-bamboo-flutes.com\/wp-content\/uploads\/2016\/06\/P1090078-531x800.jpg 531w, https:\/\/www.chikudo-bamboo-flutes.com\/wp-content\/uploads\/2016\/06\/P1090078-266x400.jpg 266w, https:\/\/www.chikudo-bamboo-flutes.com\/wp-content\/uploads\/2016\/06\/P1090078-768x1157.jpg 768w, https:\/\/www.chikudo-bamboo-flutes.com\/wp-content\/uploads\/2016\/06\/P1090078-996x1500.jpg 996w, https:\/\/www.chikudo-bamboo-flutes.com\/wp-content\/uploads\/2016\/06\/P1090078-468x705.jpg 468w, https:\/\/www.chikudo-bamboo-flutes.com\/wp-content\/uploads\/2016\/06\/P1090078-450x678.jpg 450w, https:\/\/www.chikudo-bamboo-flutes.com\/wp-content\/uploads\/2016\/06\/P1090078.jpg 1360w\" data-sizes=\"(max-width: 531px) 100vw, 531px\" class='avia_image '  aria-label='atelier'><div class=\"av-image-caption-overlay\"><div class=\"av-caption-image-overlay-bg\"><\/div><div class=\"av-image-caption-overlay-position\"><div class=\"av-image-caption-overlay-center\"><p>L&rsquo;atelier et la r\u00e9colte de Bambou noir &#8211; D\u00e9cembre 2016<\/p>\n<\/div><\/div><\/div><img decoding=\"async\" fetchpriority=\"high\" class='wp-image-1295 avia-img-lazy-loading-not-1295 avia_image ' src=\"https:\/\/www.chikudo-bamboo-flutes.com\/wp-content\/uploads\/2016\/06\/P1090078-266x400.jpg\" alt='' title='atelier'  height=\"400\" width=\"266\"  itemprop=\"thumbnailUrl\" srcset=\"https:\/\/www.chikudo-bamboo-flutes.com\/wp-content\/uploads\/2016\/06\/P1090078-266x400.jpg 266w, https:\/\/www.chikudo-bamboo-flutes.com\/wp-content\/uploads\/2016\/06\/P1090078-768x1157.jpg 768w, https:\/\/www.chikudo-bamboo-flutes.com\/wp-content\/uploads\/2016\/06\/P1090078-531x800.jpg 531w, https:\/\/www.chikudo-bamboo-flutes.com\/wp-content\/uploads\/2016\/06\/P1090078-996x1500.jpg 996w, https:\/\/www.chikudo-bamboo-flutes.com\/wp-content\/uploads\/2016\/06\/P1090078-468x705.jpg 468w, https:\/\/www.chikudo-bamboo-flutes.com\/wp-content\/uploads\/2016\/06\/P1090078-450x678.jpg 450w, https:\/\/www.chikudo-bamboo-flutes.com\/wp-content\/uploads\/2016\/06\/P1090078.jpg 1360w\" sizes=\"(max-width: 266px) 100vw, 266px\" \/><\/a><\/div><\/div><\/div><\/p><\/div>\n<style type=\"text\/css\" data-created_by=\"avia_inline_auto\" id=\"style-css-av-31rhvd-33b540dbab1eb82205de244b8ccddd5d\">\n.flex_column.av-31rhvd-33b540dbab1eb82205de244b8ccddd5d{\nborder-radius:0px 0px 0px 0px;\npadding:0px 0px 0px 0px;\n}\n<\/style>\n<div  class='flex_column av-31rhvd-33b540dbab1eb82205de244b8ccddd5d av_one_fifth  avia-builder-el-9  el_after_av_three_fifth  avia-builder-el-last  flex_column_div av-zero-column-padding  '     ><\/div><\/p>\n","protected":false},"excerpt":{"rendered":"","protected":false},"author":1,"featured_media":0,"parent":0,"menu_order":0,"comment_status":"closed","ping_status":"closed","template":"","meta":{"footnotes":""},"class_list":["post-1017","page","type-page","status-publish","hentry"],"_links":{"self":[{"href":"https:\/\/www.chikudo-bamboo-flutes.com\/fr\/wp-json\/wp\/v2\/pages\/1017","targetHints":{"allow":["GET"]}}],"collection":[{"href":"https:\/\/www.chikudo-bamboo-flutes.com\/fr\/wp-json\/wp\/v2\/pages"}],"about":[{"href":"https:\/\/www.chikudo-bamboo-flutes.com\/fr\/wp-json\/wp\/v2\/types\/page"}],"author":[{"embeddable":true,"href":"https:\/\/www.chikudo-bamboo-flutes.com\/fr\/wp-json\/wp\/v2\/users\/1"}],"replies":[{"embeddable":true,"href":"https:\/\/www.chikudo-bamboo-flutes.com\/fr\/wp-json\/wp\/v2\/comments?post=1017"}],"version-history":[{"count":25,"href":"https:\/\/www.chikudo-bamboo-flutes.com\/fr\/wp-json\/wp\/v2\/pages\/1017\/revisions"}],"predecessor-version":[{"id":4416,"href":"https:\/\/www.chikudo-bamboo-flutes.com\/fr\/wp-json\/wp\/v2\/pages\/1017\/revisions\/4416"}],"wp:attachment":[{"href":"https:\/\/www.chikudo-bamboo-flutes.com\/fr\/wp-json\/wp\/v2\/media?parent=1017"}],"curies":[{"name":"wp","href":"https:\/\/api.w.org\/{rel}","templated":true}]}}