{"id":1028,"date":"2016-06-03T16:11:19","date_gmt":"2016-06-03T15:11:19","guid":{"rendered":"http:\/\/www.chikudo-bamboo-flutes.com\/?page_id=1028"},"modified":"2017-09-10T16:38:18","modified_gmt":"2017-09-10T15:38:18","slug":"biographie","status":"publish","type":"page","link":"https:\/\/www.chikudo-bamboo-flutes.com\/fr\/atelier\/biographie\/","title":{"rendered":"Biographie"},"content":{"rendered":"\n<style type=\"text\/css\" data-created_by=\"avia_inline_auto\" id=\"style-css-av-av_one_full-6126cab7d8fab8d08143dd2dacdf673c\">\n.flex_column.av-av_one_full-6126cab7d8fab8d08143dd2dacdf673c{\nborder-radius:0px 0px 0px 0px;\npadding:0px 0px 0px 0px;\n}\n<\/style>\n<div  class='flex_column av-av_one_full-6126cab7d8fab8d08143dd2dacdf673c av_one_full  avia-builder-el-0  el_before_av_two_third  avia-builder-el-first  first flex_column_div av-zero-column-padding  '     ><p>\n<style type=\"text\/css\" data-created_by=\"avia_inline_auto\" id=\"style-css-av-av_heading-1ef48eb3e0afeb25680bfd4f44ed9b56\">\n#top .av-special-heading.av-av_heading-1ef48eb3e0afeb25680bfd4f44ed9b56{\npadding-bottom:10px;\n}\nbody .av-special-heading.av-av_heading-1ef48eb3e0afeb25680bfd4f44ed9b56 .av-special-heading-tag .heading-char{\nfont-size:25px;\n}\n.av-special-heading.av-av_heading-1ef48eb3e0afeb25680bfd4f44ed9b56 .av-subheading{\nfont-size:15px;\n}\n<\/style>\n<div  class='av-special-heading av-av_heading-1ef48eb3e0afeb25680bfd4f44ed9b56 av-special-heading-h1 blockquote classic-quote  avia-builder-el-1  el_before_av_image  avia-builder-el-first '><h1 class='av-special-heading-tag '  itemprop=\"headline\"  >Qui suis-je ?<\/h1><div class='av-subheading av-subheading_below'><p>Mon chemin \u00e0 travers les flutes<\/p>\n<\/div><div class=\"special-heading-border\"><div class=\"special-heading-inner-border\"><\/div><\/div><\/div><br \/>\n\n<style type=\"text\/css\" data-created_by=\"avia_inline_auto\" id=\"style-css-av-av_image-7ded83e64218d3fb4e097fd6a3ac7361\">\n.avia-image-container.av-av_image-7ded83e64218d3fb4e097fd6a3ac7361 img.avia_image{\nbox-shadow:none;\n}\n.avia-image-container.av-av_image-7ded83e64218d3fb4e097fd6a3ac7361 .av-image-caption-overlay-center{\ncolor:#ffffff;\n}\n<\/style>\n<div  class='avia-image-container av-av_image-7ded83e64218d3fb4e097fd6a3ac7361 av-styling- avia-align-center  avia-builder-el-2  el_after_av_heading  avia-builder-el-last '   itemprop=\"image\" itemscope=\"itemscope\" itemtype=\"https:\/\/schema.org\/ImageObject\" ><div class=\"avia-image-container-inner\"><div class=\"avia-image-overlay-wrap\"><img decoding=\"async\" fetchpriority=\"high\" class='wp-image-1148 avia-img-lazy-loading-not-1148 avia_image ' src=\"https:\/\/www.chikudo-bamboo-flutes.com\/wp-content\/uploads\/2016\/06\/trait-pinceau-hz.png\" alt='' title='trait-pinceau-hz'  height=\"108\" width=\"1500\"  itemprop=\"thumbnailUrl\" srcset=\"https:\/\/www.chikudo-bamboo-flutes.com\/wp-content\/uploads\/2016\/06\/trait-pinceau-hz.png 1500w, https:\/\/www.chikudo-bamboo-flutes.com\/wp-content\/uploads\/2016\/06\/trait-pinceau-hz-400x29.png 400w, https:\/\/www.chikudo-bamboo-flutes.com\/wp-content\/uploads\/2016\/06\/trait-pinceau-hz-768x55.png 768w, https:\/\/www.chikudo-bamboo-flutes.com\/wp-content\/uploads\/2016\/06\/trait-pinceau-hz-800x58.png 800w, https:\/\/www.chikudo-bamboo-flutes.com\/wp-content\/uploads\/2016\/06\/trait-pinceau-hz-705x51.png 705w, https:\/\/www.chikudo-bamboo-flutes.com\/wp-content\/uploads\/2016\/06\/trait-pinceau-hz-450x32.png 450w\" sizes=\"(max-width: 1500px) 100vw, 1500px\" \/><\/div><\/div><\/div><\/p><\/div>\n\n<style type=\"text\/css\" data-created_by=\"avia_inline_auto\" id=\"style-css-av-av_two_third-9497bbf8bff73ea4c6992cc17fa9ec36\">\n.flex_column.av-av_two_third-9497bbf8bff73ea4c6992cc17fa9ec36{\nborder-radius:0px 0px 0px 0px;\npadding:0px 0px 0px 0px;\n}\n<\/style>\n<div  class='flex_column av-av_two_third-9497bbf8bff73ea4c6992cc17fa9ec36 av_two_third  avia-builder-el-3  el_after_av_one_full  el_before_av_one_third  first flex_column_div av-zero-column-padding  column-top-margin'     ><p><div  class='hr av-av_hr-7baa9936fe5691b53f4ae1c79d4cc23f hr-short  avia-builder-el-4  el_before_av_textblock  avia-builder-el-first  hr-left'><span class='hr-inner '><span class=\"hr-inner-style\"><\/span><\/span><\/div><br \/>\n<section  class='av_textblock_section av-av_textblock-0366cc7376be6c9e82a3e9cc8987b64f '   itemscope=\"itemscope\" itemtype=\"https:\/\/schema.org\/CreativeWork\" ><div class='avia_textblock'  itemprop=\"text\" ><p>Je suis Thomas Goulpeau n\u00e9 en 1981.<\/p>\n<p><strong>C\u2019est le gout du voyage qui m\u2019a emmen\u00e9 aux flutes.<\/strong><\/p>\n<p>tout \u00e0 commenc\u00e9 lors d\u2019un voyage en Inde en <strong>2003<\/strong> o\u00f9 j\u2019ai d\u00e9couvert le <em>Bansuri<\/em>, flute traversi\u00e8re de bambou; instrument que j\u2019ai toujours conserv\u00e9 depuis dans mon sac \u00e0 dos ou mes sacoches de v\u00e9lo; je l&rsquo;ai jou\u00e9 et fabriqu\u00e9 pendant de nombreuses ann\u00e9es.<\/p>\n<p>J\u2019ai d\u2019abord offert mes flutes au gr\u00e9 des rencontres, puis troqu\u00e9 et enfin vendu des flutes pour gagner pitance.<\/p>\n<p>L\u2019envie est alors n\u00e9e de <strong>me plonger plus profond\u00e9ment dans la facture instrumentale<\/strong>. j\u2019ai donc pos\u00e9 mes valises pour quelques ann\u00e9es en Anjou et ai progressivement mis en place l\u2019<strong>Atelier Chikudo<\/strong>.<\/p>\n<p>Les ann\u00e9es passant, j\u2019ai diversifi\u00e9 ma facture, cherchant constamment de nouveaux mod\u00e8les, \u00e0 la <strong>d\u00e9couverte de nouvelles traditions musicales<\/strong> (occasionnant souvent de nouveaux voyages).<\/p>\n<p>Ce chemin m&rsquo;a men\u00e9 \u00e0 <strong>la flute Japonaise Shakuhachi dont j&rsquo;ai d\u00e9couvert la fabrication et le jeu<\/strong> par moi m\u00eame pendant un an avant de commencer \u00e0 l&rsquo;\u00e9tudier plus s\u00e9rieusement.<\/p>\n<\/div><\/section><\/p><\/div>\n\n<style type=\"text\/css\" data-created_by=\"avia_inline_auto\" id=\"style-css-av-av_one_third-9c1d454dc06f7247226bc4e8f931daae\">\n.flex_column.av-av_one_third-9c1d454dc06f7247226bc4e8f931daae{\nborder-radius:0px 0px 0px 0px;\npadding:0px 0px 0px 0px;\n}\n<\/style>\n<div  class='flex_column av-av_one_third-9c1d454dc06f7247226bc4e8f931daae av_one_third  avia-builder-el-6  el_after_av_two_third  el_before_av_one_third  flex_column_div av-zero-column-padding  column-top-margin'     ><p>\n<style type=\"text\/css\" data-created_by=\"avia_inline_auto\" id=\"style-css-av-av_hr-e8c293bc95976d5c6ff9d129b325da64\">\n#top .hr.hr-invisible.av-av_hr-e8c293bc95976d5c6ff9d129b325da64{\nheight:80px;\n}\n<\/style>\n<div  class='hr av-av_hr-e8c293bc95976d5c6ff9d129b325da64 hr-invisible  avia-builder-el-7  el_before_av_image  avia-builder-el-first '><span class='hr-inner '><span class=\"hr-inner-style\"><\/span><\/span><\/div><br \/>\n\n<style type=\"text\/css\" data-created_by=\"avia_inline_auto\" id=\"style-css-av-av_image-dbaff87d76a89d46ade77449275d551b\">\n.avia-image-container.av-av_image-dbaff87d76a89d46ade77449275d551b img.avia_image{\nbox-shadow:none;\n}\n.avia-image-container.av-av_image-dbaff87d76a89d46ade77449275d551b .av-image-caption-overlay-center{\ncolor:#ffffff;\n}\n<\/style>\n<div  class='avia-image-container av-av_image-dbaff87d76a89d46ade77449275d551b av-styling- av-img-linked avia-align-center  avia-builder-el-8  el_after_av_hr  el_before_av_textblock '   itemprop=\"image\" itemscope=\"itemscope\" itemtype=\"https:\/\/schema.org\/ImageObject\" ><div class=\"avia-image-container-inner\"><div class=\"avia-image-overlay-wrap\"><a href=\"https:\/\/www.chikudo-bamboo-flutes.com\/wp-content\/uploads\/2016\/06\/ghat-benares-800x531.jpg\" data-srcset=\"https:\/\/www.chikudo-bamboo-flutes.com\/wp-content\/uploads\/2016\/06\/ghat-benares-800x531.jpg 800w, https:\/\/www.chikudo-bamboo-flutes.com\/wp-content\/uploads\/2016\/06\/ghat-benares-400x266.jpg 400w, https:\/\/www.chikudo-bamboo-flutes.com\/wp-content\/uploads\/2016\/06\/ghat-benares-768x510.jpg 768w, https:\/\/www.chikudo-bamboo-flutes.com\/wp-content\/uploads\/2016\/06\/ghat-benares-705x468.jpg 705w, https:\/\/www.chikudo-bamboo-flutes.com\/wp-content\/uploads\/2016\/06\/ghat-benares-450x299.jpg 450w, https:\/\/www.chikudo-bamboo-flutes.com\/wp-content\/uploads\/2016\/06\/ghat-benares.jpg 1024w\" data-sizes=\"(max-width: 800px) 100vw, 800px\" class='avia_image '  aria-label='ghat-benares'><img decoding=\"async\" fetchpriority=\"high\" class='wp-image-1179 avia-img-lazy-loading-not-1179 avia_image ' src=\"https:\/\/www.chikudo-bamboo-flutes.com\/wp-content\/uploads\/2016\/06\/ghat-benares-400x266.jpg\" alt='' title='ghat-benares'  height=\"266\" width=\"400\"  itemprop=\"thumbnailUrl\" srcset=\"https:\/\/www.chikudo-bamboo-flutes.com\/wp-content\/uploads\/2016\/06\/ghat-benares-400x266.jpg 400w, https:\/\/www.chikudo-bamboo-flutes.com\/wp-content\/uploads\/2016\/06\/ghat-benares-768x510.jpg 768w, https:\/\/www.chikudo-bamboo-flutes.com\/wp-content\/uploads\/2016\/06\/ghat-benares-800x531.jpg 800w, https:\/\/www.chikudo-bamboo-flutes.com\/wp-content\/uploads\/2016\/06\/ghat-benares-705x468.jpg 705w, https:\/\/www.chikudo-bamboo-flutes.com\/wp-content\/uploads\/2016\/06\/ghat-benares-450x299.jpg 450w, https:\/\/www.chikudo-bamboo-flutes.com\/wp-content\/uploads\/2016\/06\/ghat-benares.jpg 1024w\" sizes=\"(max-width: 400px) 100vw, 400px\" \/><\/a><\/div><\/div><\/div><br \/>\n<section  class='av_textblock_section av-av_textblock-0366cc7376be6c9e82a3e9cc8987b64f '   itemscope=\"itemscope\" itemtype=\"https:\/\/schema.org\/CreativeWork\" ><div class='avia_textblock'  itemprop=\"text\" ><h5 style=\"text-align: center;\">B\u00e9nares en Inde<\/h5>\n<p style=\"text-align: center;\">Ma porte d&rsquo;entr\u00e9e dans le monde des flutes<\/p>\n<\/div><\/section><\/p><\/div>\n\n<style type=\"text\/css\" data-created_by=\"avia_inline_auto\" id=\"style-css-av-av_one_third-6126cab7d8fab8d08143dd2dacdf673c\">\n.flex_column.av-av_one_third-6126cab7d8fab8d08143dd2dacdf673c{\nborder-radius:0px 0px 0px 0px;\npadding:0px 0px 0px 0px;\n}\n<\/style>\n<div  class='flex_column av-av_one_third-6126cab7d8fab8d08143dd2dacdf673c av_one_third  avia-builder-el-10  el_after_av_one_third  el_before_av_two_third  first flex_column_div av-zero-column-padding  column-top-margin'     ><p>\n<style type=\"text\/css\" data-created_by=\"avia_inline_auto\" id=\"style-css-av-av_hr-e8c293bc95976d5c6ff9d129b325da64\">\n#top .hr.hr-invisible.av-av_hr-e8c293bc95976d5c6ff9d129b325da64{\nheight:80px;\n}\n<\/style>\n<div  class='hr av-av_hr-e8c293bc95976d5c6ff9d129b325da64 hr-invisible  avia-builder-el-11  el_before_av_image  avia-builder-el-first '><span class='hr-inner '><span class=\"hr-inner-style\"><\/span><\/span><\/div><br \/>\n\n<style type=\"text\/css\" data-created_by=\"avia_inline_auto\" id=\"style-css-av-av_image-4384172805076f6a9fbe43ae6e6f7643\">\n.avia-image-container.av-av_image-4384172805076f6a9fbe43ae6e6f7643 img.avia_image{\nbox-shadow:none;\n}\n.avia-image-container.av-av_image-4384172805076f6a9fbe43ae6e6f7643 .av-image-caption-overlay-center{\ncolor:#ffffff;\n}\n<\/style>\n<div  class='avia-image-container av-av_image-4384172805076f6a9fbe43ae6e6f7643 av-styling- av-img-linked avia-align-center  avia-builder-el-12  el_after_av_hr  el_before_av_textblock '   itemprop=\"image\" itemscope=\"itemscope\" itemtype=\"https:\/\/schema.org\/ImageObject\" ><div class=\"avia-image-container-inner\"><div class=\"avia-image-overlay-wrap\"><a href=\"https:\/\/www.chikudo-bamboo-flutes.com\/wp-content\/uploads\/2016\/06\/japon-velo-800x600.jpg\" data-srcset=\"https:\/\/www.chikudo-bamboo-flutes.com\/wp-content\/uploads\/2016\/06\/japon-velo.jpg 800w, https:\/\/www.chikudo-bamboo-flutes.com\/wp-content\/uploads\/2016\/06\/japon-velo-400x300.jpg 400w, https:\/\/www.chikudo-bamboo-flutes.com\/wp-content\/uploads\/2016\/06\/japon-velo-705x529.jpg 705w, https:\/\/www.chikudo-bamboo-flutes.com\/wp-content\/uploads\/2016\/06\/japon-velo-450x338.jpg 450w\" data-sizes=\"(max-width: 800px) 100vw, 800px\" class='avia_image '  aria-label='japon-velo'><img decoding=\"async\" fetchpriority=\"high\" class='wp-image-1032 avia-img-lazy-loading-not-1032 avia_image ' src=\"https:\/\/www.chikudo-bamboo-flutes.com\/wp-content\/uploads\/2016\/06\/japon-velo-400x300.jpg\" alt='' title='japon-velo'  height=\"300\" width=\"400\"  itemprop=\"thumbnailUrl\" srcset=\"https:\/\/www.chikudo-bamboo-flutes.com\/wp-content\/uploads\/2016\/06\/japon-velo-400x300.jpg 400w, https:\/\/www.chikudo-bamboo-flutes.com\/wp-content\/uploads\/2016\/06\/japon-velo.jpg 800w, https:\/\/www.chikudo-bamboo-flutes.com\/wp-content\/uploads\/2016\/06\/japon-velo-705x529.jpg 705w, https:\/\/www.chikudo-bamboo-flutes.com\/wp-content\/uploads\/2016\/06\/japon-velo-450x338.jpg 450w\" sizes=\"(max-width: 400px) 100vw, 400px\" \/><\/a><\/div><\/div><\/div><br \/>\n<section  class='av_textblock_section av-av_textblock-0366cc7376be6c9e82a3e9cc8987b64f '   itemscope=\"itemscope\" itemtype=\"https:\/\/schema.org\/CreativeWork\" ><div class='avia_textblock'  itemprop=\"text\" ><h5 style=\"text-align: center;\">\u00ab\u00a0Into the wild\u00a0\u00bb<\/h5>\n<p style=\"text-align: center;\">\u00e0 v\u00e9lo au Japon en 2010<\/p>\n<\/div><\/section><\/p><\/div>\n\n<style type=\"text\/css\" data-created_by=\"avia_inline_auto\" id=\"style-css-av-av_two_third-0aa7055fe62c3622faec82866afbaeb2\">\n.flex_column.av-av_two_third-0aa7055fe62c3622faec82866afbaeb2{\nborder-radius:0px 0px 0px 0px;\npadding:0px 0px 0px 0px;\n}\n<\/style>\n<div  class='flex_column av-av_two_third-0aa7055fe62c3622faec82866afbaeb2 av_two_third  avia-builder-el-14  el_after_av_one_third  el_before_av_two_third  flex_column_div av-zero-column-padding  column-top-margin'     ><p><div  class='hr av-av_hr-f6e530a583f264ef4fc495740e4b9613 hr-short  avia-builder-el-15  el_before_av_textblock  avia-builder-el-first  hr-right'><span class='hr-inner '><span class=\"hr-inner-style\"><\/span><\/span><\/div><br \/>\n<section  class='av_textblock_section av-av_textblock-2de302bf1aa3cf4c9157dbe6f50ac7eb '   itemscope=\"itemscope\" itemtype=\"https:\/\/schema.org\/CreativeWork\" ><div class='avia_textblock'  itemprop=\"text\" ><p>S&rsquo;en suivit une p\u00e9riode de <strong>2 ans d&rsquo;apprentissage du jeu du Shakuhachi en autodidacte<\/strong> \u00e0 l&rsquo;aide de divers manuels et en plongeant de plus en plus dans la musique Japonaise. Cette pratique m&rsquo;amenant \u00e0 d\u00e9couvrir la culture Japonaise, je suis parti en 2010 m&rsquo;en impr\u00e9gner lors d&rsquo;un voyage de trois mois \u00e0 v\u00e9lo du nord au sud du Japon.<\/p>\n<p><a href=\"http:\/\/nipponicom.com\" target=\"_blank\" rel=\"noopener\"><img loading=\"lazy\" decoding=\"async\" class=\"alignright\" src=\"http:\/\/nipponicom.com\/shakuhachi\/swfu\/d\/GunnarJinmeiLinder_playing_01.png\" alt=\"gunnar jinmei linder\" width=\"106\" height=\"130\" \/><\/a><\/p>\n<p>C&rsquo;est <strong>en 2013<\/strong> que, confront\u00e9 aux limites de l&rsquo;apprentissage par soi m\u00eame, <strong>j&rsquo;ai commenc\u00e9 \u00e0 suivre l&rsquo;enseignement de mon maitre Gunnar Jinmei Linder<\/strong>, repr\u00e9sentant de la branche <em><strong>Chikumeisha<\/strong> (de Yamaguchi Goro) <\/em>de l&rsquo;<strong>\u00e9cole de <em>Kinko<\/em><\/strong>.<\/p>\n<p><strong>J&rsquo;ai aussi d\u00e9cid\u00e9 \u00e0 partir de cette p\u00e9riode de centrer mon travail de facteur de flute sur la fabrication des Shakuhachi<\/strong> pressentant un besoin de d\u00e9vouement pour p\u00e9n\u00e9trer en profondeur cet art d\u00e9licat. J&rsquo;ai donc d\u00e9laiss\u00e9 peu \u00e0 peu toutes les autres flutes que je fabriquais pour m&rsquo;y consacrer pleinement.<\/p>\n<p>Ce qui me permet aujourd&rsquo;hui d&rsquo;\u00e9tudier plus s\u00e9rieusement le Shakuhachi, sa musique, sa fabrication, son histoire, sa philosophie&#8230;<\/p>\n<\/div><\/section><\/p><\/div>\n<style type=\"text\/css\" data-created_by=\"avia_inline_auto\" id=\"style-css-av-av_two_third-6126cab7d8fab8d08143dd2dacdf673c\">\n.flex_column.av-av_two_third-6126cab7d8fab8d08143dd2dacdf673c{\nborder-radius:0px 0px 0px 0px;\npadding:0px 0px 0px 0px;\n}\n<\/style>\n<div  class='flex_column av-av_two_third-6126cab7d8fab8d08143dd2dacdf673c av_two_third  avia-builder-el-17  el_after_av_two_third  el_before_av_one_third  first flex_column_div av-zero-column-padding  column-top-margin'     ><p><div  class='hr av-av_hr-7baa9936fe5691b53f4ae1c79d4cc23f hr-short  avia-builder-el-18  el_before_av_textblock  avia-builder-el-first  hr-left'><span class='hr-inner '><span class=\"hr-inner-style\"><\/span><\/span><\/div><br \/>\n<section  class='av_textblock_section av-av_textblock-0366cc7376be6c9e82a3e9cc8987b64f '   itemscope=\"itemscope\" itemtype=\"https:\/\/schema.org\/CreativeWork\" ><div class='avia_textblock'  itemprop=\"text\" ><p>L&rsquo;ann\u00e9e suivante, je me suis install\u00e9 avec ma famille dans le Lot \u00e0 Figeac; guid\u00e9 par le besoin de s&rsquo;entourer d&rsquo;un environnement naturel et patrimonial propice \u00e0 la cr\u00e9ation.<\/p>\n<p>La fabrication de flutes en bambou \u00e0 toujours repr\u00e9sent\u00e9 pour moi une forme de chemin spirituel; la recherche de l&rsquo;accord d&rsquo;un instrument \u00e9tant directement li\u00e9e \u00e0 une recherche d&rsquo;harmonisation int\u00e9rieure. Le lien originel du Shakuhachi avec le Bouddhisme Zen prolonge et approfondi mon chemin dans cette direction.<\/p>\n<p>En 2016, je ressens le besoin de sortir de ma pratique solitaire et de partager ma passion. Je commence donc,\u00a0 avec l&rsquo;assentiment de mon ma\u00eetre, \u00e0 proposer de guider des d\u00e9butants au Shakuhachi lors de cours et stages d&rsquo;initiation me pla\u00e7ant alors dans une posture de transmission. Je demeure \u00e0 mes yeux un d\u00e9butant mais ai acquis des bases suffisamment solides pour \u00eatre transmises.<\/p>\n<p><strong>Aujourd\u2019hui, apr\u00e8s plus 10 ans de voyages \u00e0 travers les flutes du monde, j\u2019ai la chance d\u2019exercer un m\u00e9tier qui est avant tout une passion, de travailler \u00e0 un rythme qui me convient et dans le respect de mes valeurs.<\/strong><\/p>\n<p><strong>Je remercie grandement tous ceux et celles qui me soutiennent dans ce chemin.<\/strong><\/p>\n<\/div><\/section><\/p><\/div><\/p>\n\n<style type=\"text\/css\" data-created_by=\"avia_inline_auto\" id=\"style-css-av-av_one_third-0aa7055fe62c3622faec82866afbaeb2\">\n.flex_column.av-av_one_third-0aa7055fe62c3622faec82866afbaeb2{\nborder-radius:0px 0px 0px 0px;\npadding:0px 0px 0px 0px;\n}\n<\/style>\n<div  class='flex_column av-av_one_third-0aa7055fe62c3622faec82866afbaeb2 av_one_third  avia-builder-el-20  el_after_av_two_third  avia-builder-el-last  flex_column_div av-zero-column-padding  column-top-margin'     ><p>\n<style type=\"text\/css\" data-created_by=\"avia_inline_auto\" id=\"style-css-av-av_hr-e8c293bc95976d5c6ff9d129b325da64\">\n#top .hr.hr-invisible.av-av_hr-e8c293bc95976d5c6ff9d129b325da64{\nheight:80px;\n}\n<\/style>\n<div  class='hr av-av_hr-e8c293bc95976d5c6ff9d129b325da64 hr-invisible  avia-builder-el-21  el_before_av_image  avia-builder-el-first '><span class='hr-inner '><span class=\"hr-inner-style\"><\/span><\/span><\/div><br \/>\n\n<style type=\"text\/css\" data-created_by=\"avia_inline_auto\" id=\"style-css-av-av_image-3281a069fbf7552a281aa427d633ccc4\">\n.avia-image-container.av-av_image-3281a069fbf7552a281aa427d633ccc4 img.avia_image{\nbox-shadow:none;\n}\n.avia-image-container.av-av_image-3281a069fbf7552a281aa427d633ccc4 .av-image-caption-overlay-center{\ncolor:#ffffff;\n}\n<\/style>\n<div  class='avia-image-container av-av_image-3281a069fbf7552a281aa427d633ccc4 av-styling- av-img-linked avia-align-center  avia-builder-el-22  el_after_av_hr  el_before_av_textblock '   itemprop=\"image\" itemscope=\"itemscope\" itemtype=\"https:\/\/schema.org\/ImageObject\" ><div class=\"avia-image-container-inner\"><div class=\"avia-image-overlay-wrap\"><a href=\"https:\/\/www.chikudo-bamboo-flutes.com\/wp-content\/uploads\/2014\/07\/Figeac.jpg\" data-srcset=\"https:\/\/www.chikudo-bamboo-flutes.com\/wp-content\/uploads\/2014\/07\/Figeac.jpg 800w, https:\/\/www.chikudo-bamboo-flutes.com\/wp-content\/uploads\/2014\/07\/Figeac-300x202.jpg 300w, https:\/\/www.chikudo-bamboo-flutes.com\/wp-content\/uploads\/2014\/07\/Figeac-705x476.jpg 705w, https:\/\/www.chikudo-bamboo-flutes.com\/wp-content\/uploads\/2014\/07\/Figeac-450x304.jpg 450w\" data-sizes=\"(max-width: 800px) 100vw, 800px\" class='avia_image '  aria-label='Figeac'><img decoding=\"async\" fetchpriority=\"high\" class='wp-image-80 avia-img-lazy-loading-not-80 avia_image ' src=\"https:\/\/www.chikudo-bamboo-flutes.com\/wp-content\/uploads\/2014\/07\/Figeac-300x202.jpg\" alt='' title='Figeac'  height=\"202\" width=\"300\"  itemprop=\"thumbnailUrl\" srcset=\"https:\/\/www.chikudo-bamboo-flutes.com\/wp-content\/uploads\/2014\/07\/Figeac-300x202.jpg 300w, https:\/\/www.chikudo-bamboo-flutes.com\/wp-content\/uploads\/2014\/07\/Figeac-705x476.jpg 705w, https:\/\/www.chikudo-bamboo-flutes.com\/wp-content\/uploads\/2014\/07\/Figeac-450x304.jpg 450w, https:\/\/www.chikudo-bamboo-flutes.com\/wp-content\/uploads\/2014\/07\/Figeac.jpg 800w\" sizes=\"(max-width: 300px) 100vw, 300px\" \/><\/a><\/div><\/div><\/div><br \/>\n<section  class='av_textblock_section av-av_textblock-0366cc7376be6c9e82a3e9cc8987b64f '   itemscope=\"itemscope\" itemtype=\"https:\/\/schema.org\/CreativeWork\" ><div class='avia_textblock'  itemprop=\"text\" ><h5 style=\"text-align: center;\">Figeac dans le Lot<\/h5>\n<p style=\"text-align: center;\">Une belle cit\u00e9 m\u00e9di\u00e9vale<\/p>\n<\/div><\/section><\/p><\/div>\n","protected":false},"excerpt":{"rendered":"","protected":false},"author":1,"featured_media":0,"parent":1017,"menu_order":0,"comment_status":"closed","ping_status":"closed","template":"","meta":{"footnotes":""},"class_list":["post-1028","page","type-page","status-publish","hentry"],"_links":{"self":[{"href":"https:\/\/www.chikudo-bamboo-flutes.com\/fr\/wp-json\/wp\/v2\/pages\/1028","targetHints":{"allow":["GET"]}}],"collection":[{"href":"https:\/\/www.chikudo-bamboo-flutes.com\/fr\/wp-json\/wp\/v2\/pages"}],"about":[{"href":"https:\/\/www.chikudo-bamboo-flutes.com\/fr\/wp-json\/wp\/v2\/types\/page"}],"author":[{"embeddable":true,"href":"https:\/\/www.chikudo-bamboo-flutes.com\/fr\/wp-json\/wp\/v2\/users\/1"}],"replies":[{"embeddable":true,"href":"https:\/\/www.chikudo-bamboo-flutes.com\/fr\/wp-json\/wp\/v2\/comments?post=1028"}],"version-history":[{"count":35,"href":"https:\/\/www.chikudo-bamboo-flutes.com\/fr\/wp-json\/wp\/v2\/pages\/1028\/revisions"}],"predecessor-version":[{"id":1646,"href":"https:\/\/www.chikudo-bamboo-flutes.com\/fr\/wp-json\/wp\/v2\/pages\/1028\/revisions\/1646"}],"up":[{"embeddable":true,"href":"https:\/\/www.chikudo-bamboo-flutes.com\/fr\/wp-json\/wp\/v2\/pages\/1017"}],"wp:attachment":[{"href":"https:\/\/www.chikudo-bamboo-flutes.com\/fr\/wp-json\/wp\/v2\/media?parent=1028"}],"curies":[{"name":"wp","href":"https:\/\/api.w.org\/{rel}","templated":true}]}}