{"id":1105,"date":"2016-11-20T00:12:20","date_gmt":"2016-11-19T23:12:20","guid":{"rendered":"http:\/\/www.chikudo-bamboo-flutes.com\/?page_id=1105"},"modified":"2017-03-05T13:19:57","modified_gmt":"2017-03-05T12:19:57","slug":"philosophie","status":"publish","type":"page","link":"https:\/\/www.chikudo-bamboo-flutes.com\/fr\/atelier\/philosophie\/","title":{"rendered":"Philosophie"},"content":{"rendered":"\n<style type=\"text\/css\" data-created_by=\"avia_inline_auto\" id=\"style-css-av-av_one_full-6126cab7d8fab8d08143dd2dacdf673c\">\n.flex_column.av-av_one_full-6126cab7d8fab8d08143dd2dacdf673c{\nborder-radius:0px 0px 0px 0px;\npadding:0px 0px 0px 0px;\n}\n<\/style>\n<div  class='flex_column av-av_one_full-6126cab7d8fab8d08143dd2dacdf673c av_one_full  avia-builder-el-0  el_before_av_one_third  avia-builder-el-first  first flex_column_div av-zero-column-padding  '     ><p>\n<style type=\"text\/css\" data-created_by=\"avia_inline_auto\" id=\"style-css-av-av_heading-567704e5021b08e064ae3c3dcda8c3a9\">\n#top .av-special-heading.av-av_heading-567704e5021b08e064ae3c3dcda8c3a9{\npadding-bottom:10px;\n}\nbody .av-special-heading.av-av_heading-567704e5021b08e064ae3c3dcda8c3a9 .av-special-heading-tag .heading-char{\nfont-size:25px;\n}\n.av-special-heading.av-av_heading-567704e5021b08e064ae3c3dcda8c3a9 .av-subheading{\nfont-size:15px;\n}\n<\/style>\n<div  class='av-special-heading av-av_heading-567704e5021b08e064ae3c3dcda8c3a9 av-special-heading-h1 blockquote classic-quote  avia-builder-el-1  el_before_av_image  avia-builder-el-first '><h1 class='av-special-heading-tag '  itemprop=\"headline\"  >L\u2019esprit Chikudo<\/h1><div class='av-subheading av-subheading_below'><p>Mon approche de la fabrication de flute en bambou<\/p>\n<\/div><div class=\"special-heading-border\"><div class=\"special-heading-inner-border\"><\/div><\/div><\/div><br \/>\n\n<style type=\"text\/css\" data-created_by=\"avia_inline_auto\" id=\"style-css-av-av_image-7ded83e64218d3fb4e097fd6a3ac7361\">\n.avia-image-container.av-av_image-7ded83e64218d3fb4e097fd6a3ac7361 img.avia_image{\nbox-shadow:none;\n}\n.avia-image-container.av-av_image-7ded83e64218d3fb4e097fd6a3ac7361 .av-image-caption-overlay-center{\ncolor:#ffffff;\n}\n<\/style>\n<div  class='avia-image-container av-av_image-7ded83e64218d3fb4e097fd6a3ac7361 av-styling- avia-align-center  avia-builder-el-2  el_after_av_heading  el_before_av_hr '   itemprop=\"image\" itemscope=\"itemscope\" itemtype=\"https:\/\/schema.org\/ImageObject\" ><div class=\"avia-image-container-inner\"><div class=\"avia-image-overlay-wrap\"><img decoding=\"async\" fetchpriority=\"high\" class='wp-image-1148 avia-img-lazy-loading-not-1148 avia_image ' src=\"https:\/\/www.chikudo-bamboo-flutes.com\/wp-content\/uploads\/2016\/06\/trait-pinceau-hz.png\" alt='' title='trait-pinceau-hz'  height=\"108\" width=\"1500\"  itemprop=\"thumbnailUrl\" srcset=\"https:\/\/www.chikudo-bamboo-flutes.com\/wp-content\/uploads\/2016\/06\/trait-pinceau-hz.png 1500w, https:\/\/www.chikudo-bamboo-flutes.com\/wp-content\/uploads\/2016\/06\/trait-pinceau-hz-400x29.png 400w, https:\/\/www.chikudo-bamboo-flutes.com\/wp-content\/uploads\/2016\/06\/trait-pinceau-hz-768x55.png 768w, https:\/\/www.chikudo-bamboo-flutes.com\/wp-content\/uploads\/2016\/06\/trait-pinceau-hz-800x58.png 800w, https:\/\/www.chikudo-bamboo-flutes.com\/wp-content\/uploads\/2016\/06\/trait-pinceau-hz-705x51.png 705w, https:\/\/www.chikudo-bamboo-flutes.com\/wp-content\/uploads\/2016\/06\/trait-pinceau-hz-450x32.png 450w\" sizes=\"(max-width: 1500px) 100vw, 1500px\" \/><\/div><\/div><\/div><br \/>\n\n<style type=\"text\/css\" data-created_by=\"avia_inline_auto\" id=\"style-css-av-av_hr-5ea7596238ed9f191e6b5e662093052f\">\n#top .hr.hr-invisible.av-av_hr-5ea7596238ed9f191e6b5e662093052f{\nheight:30px;\n}\n<\/style>\n<div  class='hr av-av_hr-5ea7596238ed9f191e6b5e662093052f hr-invisible  avia-builder-el-3  el_after_av_image  el_before_av_textblock '><span class='hr-inner '><span class=\"hr-inner-style\"><\/span><\/span><\/div><br \/>\n<section  class='av_textblock_section av-av_textblock-0366cc7376be6c9e82a3e9cc8987b64f '   itemscope=\"itemscope\" itemtype=\"https:\/\/schema.org\/CreativeWork\" ><div class='avia_textblock'  itemprop=\"text\" ><p><span class='av_dropcap1 av-av_dropcap1-3cd9da5fea0ef5fb27aee617571c39a3'>C<\/span>&lsquo;est une histoire tr\u00e8s ancienne que celle du jour o\u00f9 le vent, soufflant dans les bambous inspira \u00e0 l&rsquo;Homme l&rsquo;un de ses tout premiers instruments.<\/p>\n<\/div><\/section><\/p><\/div>\n\n<style type=\"text\/css\" data-created_by=\"avia_inline_auto\" id=\"style-css-av-av_one_third-6126cab7d8fab8d08143dd2dacdf673c\">\n.flex_column.av-av_one_third-6126cab7d8fab8d08143dd2dacdf673c{\nborder-radius:0px 0px 0px 0px;\npadding:0px 0px 0px 0px;\n}\n<\/style>\n<div  class='flex_column av-av_one_third-6126cab7d8fab8d08143dd2dacdf673c av_one_third  avia-builder-el-5  el_after_av_one_full  el_before_av_two_third  first flex_column_div av-zero-column-padding  column-top-margin'     ><p>\n<style type=\"text\/css\" data-created_by=\"avia_inline_auto\" id=\"style-css-av-av_hr-5ea7596238ed9f191e6b5e662093052f\">\n#top .hr.hr-invisible.av-av_hr-5ea7596238ed9f191e6b5e662093052f{\nheight:30px;\n}\n<\/style>\n<div  class='hr av-av_hr-5ea7596238ed9f191e6b5e662093052f hr-invisible  avia-builder-el-6  el_before_av_textblock  avia-builder-el-first '><span class='hr-inner '><span class=\"hr-inner-style\"><\/span><\/span><\/div><br \/>\n<section  class='av_textblock_section av-av_textblock-0366cc7376be6c9e82a3e9cc8987b64f '   itemscope=\"itemscope\" itemtype=\"https:\/\/schema.org\/CreativeWork\" ><div class='avia_textblock'  itemprop=\"text\" ><p><img loading=\"lazy\" decoding=\"async\" class=\"aligncenter\" src=\"http:\/\/www.chikudo-bamboo-flutes.com\/wp-content\/uploads\/2014\/07\/kokopeli.jpg\" alt=\"kokopeli\" width=\"169\" height=\"233\" \/><\/p>\n<h5 style=\"text-align: center;\"><em>Kokopeli<\/em><\/h5>\n<p style=\"text-align: center;\">Gravure rupestre<\/p>\n<\/div><\/section><\/p><\/div>\n\n<style type=\"text\/css\" data-created_by=\"avia_inline_auto\" id=\"style-css-av-av_two_third-0aa7055fe62c3622faec82866afbaeb2\">\n.flex_column.av-av_two_third-0aa7055fe62c3622faec82866afbaeb2{\nborder-radius:0px 0px 0px 0px;\npadding:0px 0px 0px 0px;\n}\n<\/style>\n<div  class='flex_column av-av_two_third-0aa7055fe62c3622faec82866afbaeb2 av_two_third  avia-builder-el-8  el_after_av_one_third  el_before_av_two_third  flex_column_div av-zero-column-padding  column-top-margin'     ><p><div  class='hr av-av_hr-f6e530a583f264ef4fc495740e4b9613 hr-short  avia-builder-el-9  el_before_av_textblock  avia-builder-el-first  hr-right'><span class='hr-inner '><span class=\"hr-inner-style\"><\/span><\/span><\/div><br \/>\n<section  class='av_textblock_section av-av_textblock-0366cc7376be6c9e82a3e9cc8987b64f '   itemscope=\"itemscope\" itemtype=\"https:\/\/schema.org\/CreativeWork\" ><div class='avia_textblock'  itemprop=\"text\" ><p>Fabriquer des flutes , c&rsquo;est donc<strong> reproduire un geste mill\u00e9naire<\/strong> ;<\/p>\n<p>C&rsquo;est aussi une mani\u00e8re pour moi de <strong>conserver un lien fort \u00e0 la nature<\/strong><\/p>\n<p>accorder des instruments, c&rsquo;est la <strong>recherche\u00a0 de l&rsquo;harmonie<\/strong>.<\/p>\n<p><strong>prendre le temps<\/strong> dans un monde ou tout s&rsquo;acc\u00e9l\u00e8re sans trop savoir pourquoi.<\/p>\n<p><strong>chercher le ravissement des sens<\/strong> : une bonne flute est plaisir pour les yeux, l&rsquo;odorat, le gout, le toucher et l\u2019ou\u00efe bien s\u00fbr.<\/p>\n<\/div><\/section><\/p><\/div>\n\n<style type=\"text\/css\" data-created_by=\"avia_inline_auto\" id=\"style-css-av-av_two_third-6126cab7d8fab8d08143dd2dacdf673c\">\n.flex_column.av-av_two_third-6126cab7d8fab8d08143dd2dacdf673c{\nborder-radius:0px 0px 0px 0px;\npadding:0px 0px 0px 0px;\n}\n<\/style>\n<div  class='flex_column av-av_two_third-6126cab7d8fab8d08143dd2dacdf673c av_two_third  avia-builder-el-11  el_after_av_two_third  el_before_av_one_third  first flex_column_div av-zero-column-padding  column-top-margin'     ><p><div  class='hr av-av_hr-7baa9936fe5691b53f4ae1c79d4cc23f hr-short  avia-builder-el-12  el_before_av_textblock  avia-builder-el-first  hr-left'><span class='hr-inner '><span class=\"hr-inner-style\"><\/span><\/span><\/div><br \/>\n<section  class='av_textblock_section av-av_textblock-0366cc7376be6c9e82a3e9cc8987b64f '   itemscope=\"itemscope\" itemtype=\"https:\/\/schema.org\/CreativeWork\" ><div class='avia_textblock'  itemprop=\"text\" ><h3><strong><em>&#8211; Le premier maitre<\/em><\/strong><\/h3>\n<p>L&rsquo;amour de la nature m&rsquo;a naturellement guid\u00e9 vers une passion qui la respecte.<\/p>\n<p>L&rsquo;esprit dans lequel j&rsquo;avance aujourd&rsquo;hui sur le chemin de la fabrication du Shakuhachi m&rsquo;est directement inspir\u00e9 par la plante elle m\u00eame.<\/p>\n<p><strong>Le bambou, s&rsquo;est rapidement impos\u00e9 dans ma vie comme une voie riche d&rsquo;enseignements<\/strong>; j&rsquo;y puise une forme de spiritualit\u00e9 qui m&rsquo;est propre et que j&rsquo;essaye d&rsquo;appliquer \u00e0 mon m\u00e9tier depuis la r\u00e9colte du bambou jusqu&rsquo;aux moindres finitions.<\/p>\n<p>Je pensais au d\u00e9but faire mon apprentissage de facteur de flute avec le bambou avant de passer \u00e0 des bois plus \u00ab\u00a0nobles\u00a0\u00bb et \u00e0 la facture de flutes en bois tourn\u00e9s; mais plus les ann\u00e9es passaient, plus je r\u00e9alisais \u00e0 quel point m&rsquo;adapter \u00e0 chaque morceau de bambou me pla\u00e7ait dans une posture humble d&rsquo;apprenti.<\/p>\n<p>Puis j&rsquo;ai acquis une exp\u00e9rience, une reconnaissance et une satisfaction de mon travail; sentiments qui m&rsquo;ont pouss\u00e9 \u00e0 \u00ab\u00a0m&rsquo;assoir sur mes acquis\u00a0\u00bb et perdre cette humilit\u00e9.<\/p>\n<p>Le choix de d\u00e9laisser la fabrication de toute autre flute pour me centrer sur l&rsquo;\u00e9tude et l&rsquo;apprentissage du Shakuhachi m&rsquo;a de nouveau ouvert la voie de l&rsquo;apprenant.<\/p>\n<p><strong>Je cherche \u00e0 pr\u00e9sent \u00e0 progresser dans mon art en conservant cet \u00e9tat d&rsquo;esprit d&rsquo;\u00e9ternel d\u00e9butant.<\/strong><\/p>\n<\/div><\/section><\/p><\/div>\n<style type=\"text\/css\" data-created_by=\"avia_inline_auto\" id=\"style-css-av-av_one_third-0aa7055fe62c3622faec82866afbaeb2\">\n.flex_column.av-av_one_third-0aa7055fe62c3622faec82866afbaeb2{\nborder-radius:0px 0px 0px 0px;\npadding:0px 0px 0px 0px;\n}\n<\/style>\n<div  class='flex_column av-av_one_third-0aa7055fe62c3622faec82866afbaeb2 av_one_third  avia-builder-el-14  el_after_av_two_third  el_before_av_one_third  flex_column_div av-zero-column-padding  column-top-margin'     ><p>\n<style type=\"text\/css\" data-created_by=\"avia_inline_auto\" id=\"style-css-av-av_hr-5ea7596238ed9f191e6b5e662093052f\">\n#top .hr.hr-invisible.av-av_hr-5ea7596238ed9f191e6b5e662093052f{\nheight:30px;\n}\n<\/style>\n<div  class='hr av-av_hr-5ea7596238ed9f191e6b5e662093052f hr-invisible  avia-builder-el-15  el_before_av_image  avia-builder-el-first '><span class='hr-inner '><span class=\"hr-inner-style\"><\/span><\/span><\/div><br \/>\n\n<style type=\"text\/css\" data-created_by=\"avia_inline_auto\" id=\"style-css-av-av_image-63540ff4583ea0b0913c0c39615981e1\">\n.avia-image-container.av-av_image-63540ff4583ea0b0913c0c39615981e1 img.avia_image{\nbox-shadow:none;\n}\n.avia-image-container.av-av_image-63540ff4583ea0b0913c0c39615981e1 .av-image-caption-overlay-center{\ncolor:#ffffff;\n}\n<\/style>\n<div  class='avia-image-container av-av_image-63540ff4583ea0b0913c0c39615981e1 av-styling- av-img-linked avia-align-center  avia-builder-el-16  el_after_av_hr  el_before_av_textblock '   itemprop=\"image\" itemscope=\"itemscope\" itemtype=\"https:\/\/schema.org\/ImageObject\" ><div class=\"avia-image-container-inner\"><div class=\"avia-image-overlay-wrap\"><a href=\"https:\/\/www.chikudo-bamboo-flutes.com\/wp-content\/uploads\/2016\/11\/hiroshige-taketori-monogatari-245x800.jpg\" data-srcset=\"https:\/\/www.chikudo-bamboo-flutes.com\/wp-content\/uploads\/2016\/11\/hiroshige-taketori-monogatari-245x800.jpg 245w, https:\/\/www.chikudo-bamboo-flutes.com\/wp-content\/uploads\/2016\/11\/hiroshige-taketori-monogatari.jpg 460w, https:\/\/www.chikudo-bamboo-flutes.com\/wp-content\/uploads\/2016\/11\/hiroshige-taketori-monogatari-216x705.jpg 216w, https:\/\/www.chikudo-bamboo-flutes.com\/wp-content\/uploads\/2016\/11\/hiroshige-taketori-monogatari-306x999.jpg 306w\" data-sizes=\"(max-width: 245px) 100vw, 245px\" class='avia_image '  aria-label='hiroshige-taketori-monogatari'><img decoding=\"async\" fetchpriority=\"high\" class='wp-image-1160 avia-img-lazy-loading-not-1160 avia_image ' src=\"https:\/\/www.chikudo-bamboo-flutes.com\/wp-content\/uploads\/2016\/11\/hiroshige-taketori-monogatari-123x400.jpg\" alt='' title='hiroshige-taketori-monogatari'  height=\"400\" width=\"123\"  itemprop=\"thumbnailUrl\" srcset=\"https:\/\/www.chikudo-bamboo-flutes.com\/wp-content\/uploads\/2016\/11\/hiroshige-taketori-monogatari-123x400.jpg 123w, https:\/\/www.chikudo-bamboo-flutes.com\/wp-content\/uploads\/2016\/11\/hiroshige-taketori-monogatari.jpg 460w, https:\/\/www.chikudo-bamboo-flutes.com\/wp-content\/uploads\/2016\/11\/hiroshige-taketori-monogatari-216x705.jpg 216w\" sizes=\"(max-width: 123px) 100vw, 123px\" \/><\/a><\/div><\/div><\/div><br \/>\n<section  class='av_textblock_section av-av_textblock-0366cc7376be6c9e82a3e9cc8987b64f '   itemscope=\"itemscope\" itemtype=\"https:\/\/schema.org\/CreativeWork\" ><div class='avia_textblock'  itemprop=\"text\" ><h5 style=\"text-align: center;\">Utagawa Hiroshige &#8211; Taketori Okina &#8211; 1852<\/h5>\n<p style=\"text-align: center;\">Tel le vieux coupeur de bambou du conte japonais \u00ab\u00a0<a href=\"https:\/\/fr.wikipedia.org\/wiki\/Kaguya-hime\" target=\"_blank\"><em>Taketori monogatari<\/em><\/a>\u00ab\u00a0, j&rsquo;ai trouv\u00e9, au creux des bambous un tr\u00e9sor.<\/p>\n<\/div><\/section><\/p><\/div><\/p>\n\n<style type=\"text\/css\" data-created_by=\"avia_inline_auto\" id=\"style-css-av-av_one_third-6126cab7d8fab8d08143dd2dacdf673c\">\n.flex_column.av-av_one_third-6126cab7d8fab8d08143dd2dacdf673c{\nborder-radius:0px 0px 0px 0px;\npadding:0px 0px 0px 0px;\n}\n<\/style>\n<div  class='flex_column av-av_one_third-6126cab7d8fab8d08143dd2dacdf673c av_one_third  avia-builder-el-18  el_after_av_one_third  el_before_av_two_third  first flex_column_div av-zero-column-padding  column-top-margin'     ><p>\n<style type=\"text\/css\" data-created_by=\"avia_inline_auto\" id=\"style-css-av-av_hr-5ea7596238ed9f191e6b5e662093052f\">\n#top .hr.hr-invisible.av-av_hr-5ea7596238ed9f191e6b5e662093052f{\nheight:30px;\n}\n<\/style>\n<div  class='hr av-av_hr-5ea7596238ed9f191e6b5e662093052f hr-invisible  avia-builder-el-19  el_before_av_image  avia-builder-el-first '><span class='hr-inner '><span class=\"hr-inner-style\"><\/span><\/span><\/div><br \/>\n\n<style type=\"text\/css\" data-created_by=\"avia_inline_auto\" id=\"style-css-av-av_image-be0373d0c38baf477c622e976b3d4390\">\n.avia-image-container.av-av_image-be0373d0c38baf477c622e976b3d4390 img.avia_image{\nbox-shadow:none;\n}\n.avia-image-container.av-av_image-be0373d0c38baf477c622e976b3d4390 .av-image-caption-overlay-center{\ncolor:#ffffff;\n}\n<\/style>\n<div  class='avia-image-container av-av_image-be0373d0c38baf477c622e976b3d4390 av-styling- avia-align-center  avia-builder-el-20  el_after_av_hr  el_before_av_textblock '   itemprop=\"image\" itemscope=\"itemscope\" itemtype=\"https:\/\/schema.org\/ImageObject\" ><div class=\"avia-image-container-inner\"><div class=\"avia-image-overlay-wrap\"><img decoding=\"async\" fetchpriority=\"high\" class='wp-image-1155 avia-img-lazy-loading-not-1155 avia_image ' src=\"https:\/\/www.chikudo-bamboo-flutes.com\/wp-content\/uploads\/2016\/11\/enso-400x400.png\" alt='' title='enso'  height=\"400\" width=\"400\"  itemprop=\"thumbnailUrl\" srcset=\"https:\/\/www.chikudo-bamboo-flutes.com\/wp-content\/uploads\/2016\/11\/enso-400x400.png 400w, https:\/\/www.chikudo-bamboo-flutes.com\/wp-content\/uploads\/2016\/11\/enso-80x80.png 80w, https:\/\/www.chikudo-bamboo-flutes.com\/wp-content\/uploads\/2016\/11\/enso-36x36.png 36w, https:\/\/www.chikudo-bamboo-flutes.com\/wp-content\/uploads\/2016\/11\/enso-180x180.png 180w, https:\/\/www.chikudo-bamboo-flutes.com\/wp-content\/uploads\/2016\/11\/enso-705x703.png 705w, https:\/\/www.chikudo-bamboo-flutes.com\/wp-content\/uploads\/2016\/11\/enso-120x120.png 120w, https:\/\/www.chikudo-bamboo-flutes.com\/wp-content\/uploads\/2016\/11\/enso-450x449.png 450w, https:\/\/www.chikudo-bamboo-flutes.com\/wp-content\/uploads\/2016\/11\/enso.png 766w\" sizes=\"(max-width: 400px) 100vw, 400px\" \/><\/div><\/div><\/div><br \/>\n<section  class='av_textblock_section av-av_textblock-0366cc7376be6c9e82a3e9cc8987b64f '   itemscope=\"itemscope\" itemtype=\"https:\/\/schema.org\/CreativeWork\" ><div class='avia_textblock'  itemprop=\"text\" ><h5 style=\"text-align: center;\"><i><b>Ens\u014d<\/b><\/i> (<span title=\"Japonais\"><span class=\"lang-ja\" lang=\"ja\" xml:lang=\"ja\">\u5186\u76f8<\/span><\/span>) &#8211; Le cercle<\/h5>\n<p style=\"text-align: center;\">symbole de la vacuit\u00e9 dans le Bouddhisme Zen<\/p>\n<\/div><\/section><\/p><\/div>\n\n<style type=\"text\/css\" data-created_by=\"avia_inline_auto\" id=\"style-css-av-av_two_third-0aa7055fe62c3622faec82866afbaeb2\">\n.flex_column.av-av_two_third-0aa7055fe62c3622faec82866afbaeb2{\nborder-radius:0px 0px 0px 0px;\npadding:0px 0px 0px 0px;\n}\n<\/style>\n<div  class='flex_column av-av_two_third-0aa7055fe62c3622faec82866afbaeb2 av_two_third  avia-builder-el-22  el_after_av_one_third  avia-builder-el-last  flex_column_div av-zero-column-padding  column-top-margin'     ><p><div  class='hr av-av_hr-f6e530a583f264ef4fc495740e4b9613 hr-short  avia-builder-el-23  el_before_av_textblock  avia-builder-el-first  hr-right'><span class='hr-inner '><span class=\"hr-inner-style\"><\/span><\/span><\/div><br \/>\n<section  class='av_textblock_section av-av_textblock-0366cc7376be6c9e82a3e9cc8987b64f '   itemscope=\"itemscope\" itemtype=\"https:\/\/schema.org\/CreativeWork\" ><div class='avia_textblock'  itemprop=\"text\" ><h3><em><strong>&#8211; La musique du silence<\/strong><\/em><\/h3>\n<p>Attir\u00e9 depuis toujours par les musiques du monde et leur si grande vari\u00e9t\u00e9, ce n&rsquo;est que tardivement que j&rsquo;ai d\u00e9couvert la musique japonaise; et c&rsquo;est bien \u00e9videmment la flute Shakuhachi qui m&rsquo;y \u00e0 men\u00e9.<\/p>\n<p>Entrer dans cette musique &#8211; et particuli\u00e8rement le r\u00e9pertoire solo du Shakuhachi &#8211; fut un apprentissage dans lequel j&rsquo;ai du me d\u00e9barrasser de mes notions d&rsquo;esth\u00e9tique musicale et m&rsquo;ouvrir \u00e0 l&rsquo;esprit du Zen dans ce qu&rsquo;il magnifie le vide.<\/p>\n<p>En fabriquant des flutes, j&rsquo;ai port\u00e9 de plus en plus d&rsquo;attention au son et \u00e0 ce qu&rsquo;il provoque en nous. C&rsquo;est donc assez naturellement que le Shakuhachi m&rsquo;a appel\u00e9 plus profond\u00e9ment dans cette qu\u00eate.<\/p>\n<p><strong>La musique du shakuhachi n&rsquo;est pas une histoire de notes ou de rythme. son essence r\u00e9side pour moi dans l&rsquo;espace que l&rsquo;on habite entre les sons.<\/strong><\/p>\n<p>C&rsquo;est le concept du <strong><em>Ma <\/em>(<span title=\"Japonais\"><span class=\"lang-ja\" lang=\"ja\">\u9593<\/span><\/span>)<\/strong> si pr\u00e9sent dans l&rsquo;esth\u00e9tique japonaise; l&rsquo;art de sugg\u00e9rer la pl\u00e9nitude du vide qui s\u00e9pare les choses.<\/p>\n<\/div><\/section><\/p><\/div>\n","protected":false},"excerpt":{"rendered":"","protected":false},"author":1,"featured_media":0,"parent":1017,"menu_order":0,"comment_status":"closed","ping_status":"closed","template":"","meta":{"footnotes":""},"class_list":["post-1105","page","type-page","status-publish","hentry"],"_links":{"self":[{"href":"https:\/\/www.chikudo-bamboo-flutes.com\/fr\/wp-json\/wp\/v2\/pages\/1105","targetHints":{"allow":["GET"]}}],"collection":[{"href":"https:\/\/www.chikudo-bamboo-flutes.com\/fr\/wp-json\/wp\/v2\/pages"}],"about":[{"href":"https:\/\/www.chikudo-bamboo-flutes.com\/fr\/wp-json\/wp\/v2\/types\/page"}],"author":[{"embeddable":true,"href":"https:\/\/www.chikudo-bamboo-flutes.com\/fr\/wp-json\/wp\/v2\/users\/1"}],"replies":[{"embeddable":true,"href":"https:\/\/www.chikudo-bamboo-flutes.com\/fr\/wp-json\/wp\/v2\/comments?post=1105"}],"version-history":[{"count":10,"href":"https:\/\/www.chikudo-bamboo-flutes.com\/fr\/wp-json\/wp\/v2\/pages\/1105\/revisions"}],"predecessor-version":[{"id":1516,"href":"https:\/\/www.chikudo-bamboo-flutes.com\/fr\/wp-json\/wp\/v2\/pages\/1105\/revisions\/1516"}],"up":[{"embeddable":true,"href":"https:\/\/www.chikudo-bamboo-flutes.com\/fr\/wp-json\/wp\/v2\/pages\/1017"}],"wp:attachment":[{"href":"https:\/\/www.chikudo-bamboo-flutes.com\/fr\/wp-json\/wp\/v2\/media?parent=1105"}],"curies":[{"name":"wp","href":"https:\/\/api.w.org\/{rel}","templated":true}]}}