{"id":1113,"date":"2016-11-20T00:18:54","date_gmt":"2016-11-19T23:18:54","guid":{"rendered":"http:\/\/www.chikudo-bamboo-flutes.com\/?page_id=1113"},"modified":"2016-11-26T11:13:54","modified_gmt":"2016-11-26T10:13:54","slug":"chikudo-shakuhachi","status":"publish","type":"page","link":"https:\/\/www.chikudo-bamboo-flutes.com\/fr\/chikudo-shakuhachi\/","title":{"rendered":"Chikudo Shakuhachi"},"content":{"rendered":"\n<style type=\"text\/css\" data-created_by=\"avia_inline_auto\" id=\"style-css-av-av_one_full-69c7629644e7bfc7b18df6277907a5b3\">\n.flex_column.av-av_one_full-69c7629644e7bfc7b18df6277907a5b3{\nborder-width:2px;\nborder-style:solid;\nborder-radius:10px 10px 10px 10px;\npadding:20px 20px 20px 20px;\nbackground:url(https:\/\/www.chikudo-bamboo-flutes.com\/wp-content\/uploads\/2016\/09\/texture_p_3_by_sirius_sdz.png) 0% 0% no-repeat scroll ;\n}\n<\/style>\n<div  class='flex_column av-av_one_full-69c7629644e7bfc7b18df6277907a5b3 av_one_full  avia-builder-el-0  el_before_av_submenu  avia-builder-el-no-sibling  first flex_column_div  '     ><style type=\"text\/css\" data-created_by=\"avia_inline_auto\" id=\"style-css-av-av_heading-ed70069212e7da539650743625a1b67e\">\n#top .av-special-heading.av-av_heading-ed70069212e7da539650743625a1b67e{\npadding-bottom:10px;\n}\nbody .av-special-heading.av-av_heading-ed70069212e7da539650743625a1b67e .av-special-heading-tag .heading-char{\nfont-size:25px;\n}\n.av-special-heading.av-av_heading-ed70069212e7da539650743625a1b67e .av-subheading{\nfont-size:15px;\n}\n<\/style>\n<div  class='av-special-heading av-av_heading-ed70069212e7da539650743625a1b67e av-special-heading-h1 blockquote classic-quote  avia-builder-el-1  avia-builder-el-no-sibling '><h1 class='av-special-heading-tag '  itemprop=\"headline\"  >Les Shakuhachi<\/h1><div class='av-subheading av-subheading_below'><p>de l&rsquo;atelier Chikudo<\/p>\n<\/div><div class=\"special-heading-border\"><div class=\"special-heading-inner-border\"><\/div><\/div><\/div><\/div>\n<\/div><\/div><\/div><!-- close content main div --><\/div><\/div><div class='clear'><\/div><div id='sub_menu1'  class='av-submenu-container av-av_submenu-1df83515b23bda7b067f4d233c1fa049 main_color  avia-builder-el-2  el_after_av_one_full  el_before_av_one_third  av-sticky-submenu submenu-not-first container_wrap fullsize' style='z-index:301' ><div class='container av-menu-mobile-disabled av-submenu-pos-center'><ul id=\"menu-menu-chikudo-shakuhachi\" class=\"av-subnav-menu\" role=\"menu\"><li role=\"menuitem\" id=\"menu-item-1650\" class=\"menu-item menu-item-type-post_type menu-item-object-page menu-item-top-level menu-item-top-level-1\"><a href=\"https:\/\/www.chikudo-bamboo-flutes.com\/fr\/chikudo-shakuhachi\/les-differents-modeles\/\" itemprop=\"url\" tabindex=\"0\"><span class=\"avia-bullet\"><\/span><span class=\"avia-menu-text\">Les diff\u00e9rents mod\u00e8les<\/span><span class=\"avia-menu-fx\"><span class=\"avia-arrow-wrap\"><span class=\"avia-arrow\"><\/span><\/span><\/span><\/a><\/li>\n<li role=\"menuitem\" id=\"menu-item-2006\" class=\"menu-item menu-item-type-post_type menu-item-object-page menu-item-top-level menu-item-top-level-2\"><a href=\"https:\/\/www.chikudo-bamboo-flutes.com\/fr\/chikudo-shakuhachi\/reparations-shakuhachi\/\" itemprop=\"url\" tabindex=\"0\"><span class=\"avia-bullet\"><\/span><span class=\"avia-menu-text\">R\u00e9parations<\/span><span class=\"avia-menu-fx\"><span class=\"avia-arrow-wrap\"><span class=\"avia-arrow\"><\/span><\/span><\/span><\/a><\/li>\n<li role=\"menuitem\" id=\"menu-item-4421\" class=\"menu-item menu-item-type-post_type menu-item-object-page menu-item-top-level menu-item-top-level-3\"><a href=\"https:\/\/www.chikudo-bamboo-flutes.com\/fr\/chikudo-shakuhachi\/shakuhachi-fabriques-depuis-2013\/\" itemprop=\"url\" tabindex=\"0\"><span class=\"avia-bullet\"><\/span><span class=\"avia-menu-text\">Shakuhachi d\u00e9j\u00e0 vendus<\/span><span class=\"avia-menu-fx\"><span class=\"avia-arrow-wrap\"><span class=\"avia-arrow\"><\/span><\/span><\/span><\/a><\/li>\n<li role=\"menuitem\" id=\"menu-item-2751\" class=\"menu-item menu-item-type-post_type menu-item-object-page menu-item-top-level menu-item-top-level-4\"><a href=\"https:\/\/www.chikudo-bamboo-flutes.com\/fr\/chikudo-shakuhachi\/manuel-debutant-de-shakuhachi-kinko-ryu\/\" itemprop=\"url\" tabindex=\"0\"><span class=\"avia-bullet\"><\/span><span class=\"avia-menu-text\">Manuel de shakuhachi<\/span><span class=\"avia-menu-fx\"><span class=\"avia-arrow-wrap\"><span class=\"avia-arrow\"><\/span><\/span><\/span><\/a><\/li>\n<li role=\"menuitem\" id=\"menu-item-1878\" class=\"menu-item menu-item-type-post_type menu-item-object-page menu-item-top-level menu-item-top-level-5\"><a href=\"https:\/\/www.chikudo-bamboo-flutes.com\/fr\/chikudo-shakuhachi\/accessoires\/\" itemprop=\"url\" tabindex=\"0\"><span class=\"avia-bullet\"><\/span><span class=\"avia-menu-text\">Accessoires<\/span><span class=\"avia-menu-fx\"><span class=\"avia-arrow-wrap\"><span class=\"avia-arrow\"><\/span><\/span><\/span><\/a><\/li>\n<li role=\"menuitem\" id=\"menu-item-1228\" class=\"menu-item menu-item-type-post_type menu-item-object-page menu-item-top-level menu-item-top-level-6\"><a href=\"https:\/\/www.chikudo-bamboo-flutes.com\/fr\/chikudo-shakuhachi\/stages-et-cours\/\" itemprop=\"url\" tabindex=\"0\"><span class=\"avia-bullet\"><\/span><span class=\"avia-menu-text\">Stages et cours<\/span><span class=\"avia-menu-fx\"><span class=\"avia-arrow-wrap\"><span class=\"avia-arrow\"><\/span><\/span><\/span><\/a><\/li>\n<li role=\"menuitem\" id=\"menu-item-3589\" class=\"menu-item menu-item-type-post_type menu-item-object-page menu-item-top-level menu-item-top-level-7\"><a href=\"https:\/\/www.chikudo-bamboo-flutes.com\/fr\/chikudo-shakuhachi\/bambous-pour-shakuhachi\/\" itemprop=\"url\" tabindex=\"0\"><span class=\"avia-bullet\"><\/span><span class=\"avia-menu-text\">Bambous pour shakuhachi<\/span><span class=\"avia-menu-fx\"><span class=\"avia-arrow-wrap\"><span class=\"avia-arrow\"><\/span><\/span><\/span><\/a><\/li>\n<\/ul><\/div><\/div><div class='sticky_placeholder'><\/div><div id='after_submenu_1'  class='main_color av_default_container_wrap container_wrap fullsize'  ><div class='container av-section-cont-open' ><div class='template-page content  av-content-full alpha units'><div class='post-entry post-entry-type-page post-entry-1113'><div class='entry-content-wrapper clearfix'>\n\n<style type=\"text\/css\" data-created_by=\"avia_inline_auto\" id=\"style-css-av-av_one_third-6126cab7d8fab8d08143dd2dacdf673c\">\n.flex_column.av-av_one_third-6126cab7d8fab8d08143dd2dacdf673c{\nborder-radius:0px 0px 0px 0px;\npadding:0px 0px 0px 0px;\n}\n<\/style>\n<div  class='flex_column av-av_one_third-6126cab7d8fab8d08143dd2dacdf673c av_one_third  avia-builder-el-3  el_after_av_submenu  el_before_av_two_third  avia-builder-el-first  first flex_column_div av-zero-column-padding  '     ><p>\n<style type=\"text\/css\" data-created_by=\"avia_inline_auto\" id=\"style-css-av-av_hr-e8c293bc95976d5c6ff9d129b325da64\">\n#top .hr.hr-invisible.av-av_hr-e8c293bc95976d5c6ff9d129b325da64{\nheight:80px;\n}\n<\/style>\n<div  class='hr av-av_hr-e8c293bc95976d5c6ff9d129b325da64 hr-invisible  avia-builder-el-4  el_before_av_image  avia-builder-el-first '><span class='hr-inner '><span class=\"hr-inner-style\"><\/span><\/span><\/div><br \/>\n\n<style type=\"text\/css\" data-created_by=\"avia_inline_auto\" id=\"style-css-av-av_image-d49e89af07bbbc705c994695e0790c17\">\n.avia-image-container.av-av_image-d49e89af07bbbc705c994695e0790c17 img.avia_image{\nbox-shadow:none;\n}\n.avia-image-container.av-av_image-d49e89af07bbbc705c994695e0790c17 .av-image-caption-overlay-center{\ncolor:#ffffff;\n}\n<\/style>\n<div  class='avia-image-container av-av_image-d49e89af07bbbc705c994695e0790c17 av-styling- av-img-linked avia-align-center  avia-builder-el-5  el_after_av_hr  avia-builder-el-last '   itemprop=\"image\" itemscope=\"itemscope\" itemtype=\"https:\/\/schema.org\/ImageObject\" ><div class=\"avia-image-container-inner\"><div class=\"avia-image-overlay-wrap\"><a href=\"https:\/\/www.chikudo-bamboo-flutes.com\/wp-content\/uploads\/2016\/11\/DSC03728-626x800.jpg\" data-srcset=\"https:\/\/www.chikudo-bamboo-flutes.com\/wp-content\/uploads\/2016\/11\/DSC03728-626x800.jpg 626w, https:\/\/www.chikudo-bamboo-flutes.com\/wp-content\/uploads\/2016\/11\/DSC03728-313x400.jpg 313w, https:\/\/www.chikudo-bamboo-flutes.com\/wp-content\/uploads\/2016\/11\/DSC03728-768x981.jpg 768w, https:\/\/www.chikudo-bamboo-flutes.com\/wp-content\/uploads\/2016\/11\/DSC03728-1174x1500.jpg 1174w, https:\/\/www.chikudo-bamboo-flutes.com\/wp-content\/uploads\/2016\/11\/DSC03728-552x705.jpg 552w, https:\/\/www.chikudo-bamboo-flutes.com\/wp-content\/uploads\/2016\/11\/DSC03728-450x575.jpg 450w\" data-sizes=\"(max-width: 626px) 100vw, 626px\" class='avia_image '  aria-label='dsc03728'><img decoding=\"async\" fetchpriority=\"high\" class='wp-image-1222 avia-img-lazy-loading-not-1222 avia_image ' src=\"https:\/\/www.chikudo-bamboo-flutes.com\/wp-content\/uploads\/2016\/11\/DSC03728-626x800.jpg\" alt='' title='dsc03728'  height=\"800\" width=\"626\"  itemprop=\"thumbnailUrl\" srcset=\"https:\/\/www.chikudo-bamboo-flutes.com\/wp-content\/uploads\/2016\/11\/DSC03728-626x800.jpg 626w, https:\/\/www.chikudo-bamboo-flutes.com\/wp-content\/uploads\/2016\/11\/DSC03728-313x400.jpg 313w, https:\/\/www.chikudo-bamboo-flutes.com\/wp-content\/uploads\/2016\/11\/DSC03728-768x981.jpg 768w, https:\/\/www.chikudo-bamboo-flutes.com\/wp-content\/uploads\/2016\/11\/DSC03728-1174x1500.jpg 1174w, https:\/\/www.chikudo-bamboo-flutes.com\/wp-content\/uploads\/2016\/11\/DSC03728-552x705.jpg 552w, https:\/\/www.chikudo-bamboo-flutes.com\/wp-content\/uploads\/2016\/11\/DSC03728-450x575.jpg 450w\" sizes=\"(max-width: 626px) 100vw, 626px\" \/><\/a><\/div><\/div><\/div><\/p><\/div>\n\n<style type=\"text\/css\" data-created_by=\"avia_inline_auto\" id=\"style-css-av-av_two_third-0aa7055fe62c3622faec82866afbaeb2\">\n.flex_column.av-av_two_third-0aa7055fe62c3622faec82866afbaeb2{\nborder-radius:0px 0px 0px 0px;\npadding:0px 0px 0px 0px;\n}\n<\/style>\n<div  class='flex_column av-av_two_third-0aa7055fe62c3622faec82866afbaeb2 av_two_third  avia-builder-el-6  el_after_av_one_third  el_before_av_one_full  flex_column_div av-zero-column-padding  '     ><p><div  class='hr av-av_hr-f6e530a583f264ef4fc495740e4b9613 hr-short  avia-builder-el-7  el_before_av_textblock  avia-builder-el-first  hr-right'><span class='hr-inner '><span class=\"hr-inner-style\"><\/span><\/span><\/div><br \/>\n<section  class='av_textblock_section av-av_textblock-0366cc7376be6c9e82a3e9cc8987b64f '   itemscope=\"itemscope\" itemtype=\"https:\/\/schema.org\/CreativeWork\" ><div class='avia_textblock'  itemprop=\"text\" ><p>J&rsquo;ai une <strong>approche personnelle<\/strong> de la fabrication des Shakuhachi.<\/p>\n<p>N&rsquo;ayant \u00e0 ce jour pas re\u00e7u d&rsquo;enseignement d&rsquo;un maitre fabricant japonais et n&rsquo;\u00e9tant pas japonais moi m\u00eame, <strong>je d\u00e9veloppe mon art en \u00e9quilibrant respect de la tradition et libre interpr\u00e9tation<\/strong>. Mais cette approche de r\u00e9appropriation d&rsquo;une tradition s&rsquo;accompagne imp\u00e9rativement d&rsquo;une <strong>\u00e9tude s\u00e9rieuse de l&rsquo;instrument<\/strong>.<\/p>\n<p>L&rsquo;\u00e9tude du Shakuhachi avec mon maitre comprenant les techniques, les r\u00e9pertoires, l&rsquo;histoire et les traditions influence grandement ma facture instrumentale. Le fait particuli\u00e8rement que je demeure centr\u00e9 sur l&rsquo;apprentissage d&rsquo;un seul style (<em>Kinko Chikumeisha<\/em>) d\u00e9veloppe \u00ab\u00a0mon son\u00a0\u00bb dans une direction pr\u00e9cise; <strong>ce son, je le cherche aussi bien en tant que joueur que fabricant.<\/strong><\/p>\n<p>Jusqu&rsquo;au d\u00e9but du XX<sup>\u00e8me<\/sup> si\u00e8cle, la plupart des maitres de Shakuhachi \u00e9taient joueur et fabricant \u00e0 la fois, d\u00e9diant leur vie \u00e0 leur instrument. Ils fabriquaient donc les flutes qui correspondaient \u00e0 leur son et il en r\u00e9sultait une plus grande diversit\u00e9 dans la facture des Shakuhachi qu&rsquo;aujourd&rsquo;hui o\u00f9 l&rsquo;arriv\u00e9e de techniques modernes ont quelque peu standardis\u00e9 les caract\u00e9ristiques acoustiques des Shakuhachi.<\/p>\n<p>C&rsquo;est dans cet \u00e9tat d&rsquo;esprit que je cherche \u00e0 progresser sur mon chemin. Je r\u00e9alise que c&rsquo;est un processus long; une forme de qu\u00eate.<\/p>\n<\/div><\/section><\/p><\/div>\n<style type=\"text\/css\" data-created_by=\"avia_inline_auto\" id=\"style-css-av-av_one_full-6126cab7d8fab8d08143dd2dacdf673c\">\n.flex_column.av-av_one_full-6126cab7d8fab8d08143dd2dacdf673c{\nborder-radius:0px 0px 0px 0px;\npadding:0px 0px 0px 0px;\n}\n<\/style>\n<div  class='flex_column av-av_one_full-6126cab7d8fab8d08143dd2dacdf673c av_one_full  avia-builder-el-9  el_after_av_two_third  avia-builder-el-last  first flex_column_div av-zero-column-padding  column-top-margin'     ><section  class='av_textblock_section av-av_textblock-0366cc7376be6c9e82a3e9cc8987b64f '   itemscope=\"itemscope\" itemtype=\"https:\/\/schema.org\/CreativeWork\" ><div class='avia_textblock'  itemprop=\"text\" ><div class=\"entry-content-wrapper clearfix\">\n<div class=\"flex_column av_one_full flex_column_div first avia-builder-el-0 avia-builder-el-no-sibling \">\n<section class=\"av_textblock_section\">\n<div class=\"avia_textblock \">\n<p><span class=\"av_dropcap1 \">J<\/span>e propose <strong>3 mod\u00e8les de shakuhachis<\/strong><\/p>\n<ul>\n<li>Le<a href=\"http:\/\/www.chikudo-bamboo-flutes.com\/shakuhachi\/mes-shakuhachis\/shakuhachi-de-meditation\/\"> <strong>Shakuhachi de m\u00e9ditation<\/strong><\/a> : de facture simple, r\u00e9alis\u00e9 dans un <strong>bambou droit<\/strong><\/li>\n<\/ul>\n<ul>\n<li>Le <strong><a href=\"http:\/\/www.chikudo-bamboo-flutes.com\/shakuhachi\/mes-shakuhachis\/shakuhachi-detude\/\">Shakuhachi d\u2019\u00e9tude<\/a><\/strong> : plus \u00e9volu\u00e9 en terme de timbre,justesse et finitions ; r\u00e9alis\u00e9 dans <strong>le pied d\u2019un<\/strong> <strong>bambou droit <\/strong>(sans les racines)<strong><br \/>\n<\/strong><\/li>\n<\/ul>\n<ul>\n<li>Le <a href=\"http:\/\/www.chikudo-bamboo-flutes.com\/shakuhachi\/mes-shakuhachis\/shakuhachi-ji-nashi\/\"><strong>Shakuhachi traditionnel <em>Ji-nashi<\/em><\/strong><\/a> : fabriqu\u00e9 dans le <strong>pied de bambou<\/strong> avec les racines selon la technique traditionnelle.<\/li>\n<\/ul>\n<p>On peut d\u00e9buter sur n\u2019importe lequel de ces mod\u00e8les; le choix est plus fonction de l\u2019usage que l\u2019on veut en faire et de son budget.<\/p>\n<p>Les Shakuhachis modernes <em>Ji-ari<\/em> poss\u00e8dent une perce enti\u00e8rement re-model\u00e9e pour correspondre aux attentes des joueurs professionnels.<\/p>\n<p>J\u2019ai toujours aim\u00e9 dans mon travail l\u2019id\u00e9e de devoir m\u2019adapter \u00e0 chaque morceau de Bambou.<\/p>\n<p><strong>Ma philosophie<\/strong> dans la facture de mes Shakuhachi me porte ainsi plus vers les <strong>Ji-nashi<\/strong> qui repr\u00e9sentent \u00e0 mes yeux <strong>une approche plus sensitive que technique<\/strong> :<\/p>\n<h3><strong>Chercher le meilleur de chaque pied de Bambou pour conserver le caract\u00e8re unique de son timbre.<\/strong><\/h3>\n<\/div>\n<\/section>\n<\/div>\n<\/div>\n<\/div><\/section><\/div><\/p>\n","protected":false},"excerpt":{"rendered":"","protected":false},"author":1,"featured_media":0,"parent":0,"menu_order":0,"comment_status":"closed","ping_status":"closed","template":"","meta":{"footnotes":""},"class_list":["post-1113","page","type-page","status-publish","hentry"],"_links":{"self":[{"href":"https:\/\/www.chikudo-bamboo-flutes.com\/fr\/wp-json\/wp\/v2\/pages\/1113","targetHints":{"allow":["GET"]}}],"collection":[{"href":"https:\/\/www.chikudo-bamboo-flutes.com\/fr\/wp-json\/wp\/v2\/pages"}],"about":[{"href":"https:\/\/www.chikudo-bamboo-flutes.com\/fr\/wp-json\/wp\/v2\/types\/page"}],"author":[{"embeddable":true,"href":"https:\/\/www.chikudo-bamboo-flutes.com\/fr\/wp-json\/wp\/v2\/users\/1"}],"replies":[{"embeddable":true,"href":"https:\/\/www.chikudo-bamboo-flutes.com\/fr\/wp-json\/wp\/v2\/comments?post=1113"}],"version-history":[{"count":8,"href":"https:\/\/www.chikudo-bamboo-flutes.com\/fr\/wp-json\/wp\/v2\/pages\/1113\/revisions"}],"predecessor-version":[{"id":1250,"href":"https:\/\/www.chikudo-bamboo-flutes.com\/fr\/wp-json\/wp\/v2\/pages\/1113\/revisions\/1250"}],"wp:attachment":[{"href":"https:\/\/www.chikudo-bamboo-flutes.com\/fr\/wp-json\/wp\/v2\/media?parent=1113"}],"curies":[{"name":"wp","href":"https:\/\/api.w.org\/{rel}","templated":true}]}}