{"id":1119,"date":"2016-11-20T00:47:51","date_gmt":"2016-11-19T23:47:51","guid":{"rendered":"http:\/\/www.chikudo-bamboo-flutes.com\/?page_id=1119"},"modified":"2025-10-13T10:46:01","modified_gmt":"2025-10-13T09:46:01","slug":"shakuhachi-en-stock","status":"publish","type":"page","link":"https:\/\/www.chikudo-bamboo-flutes.com\/fr\/chikudo-shakuhachi\/shakuhachi-en-stock\/","title":{"rendered":"Shakuhachi en stock"},"content":{"rendered":"\n<style type=\"text\/css\" data-created_by=\"avia_inline_auto\" id=\"style-css-av-qf0s0f-2aef11717cf22b86ad75707597107d5c\">\n.flex_column.av-qf0s0f-2aef11717cf22b86ad75707597107d5c{\nborder-width:2px;\nborder-style:solid;\nborder-radius:10px 10px 10px 10px;\npadding:20px 20px 20px 20px;\nbackground:url(https:\/\/www.chikudo-bamboo-flutes.com\/wp-content\/uploads\/2016\/09\/texture_p_3_by_sirius_sdz.png) 0% 0% no-repeat scroll ;\n}\n<\/style>\n<div  class='flex_column av-qf0s0f-2aef11717cf22b86ad75707597107d5c av_one_full  avia-builder-el-0  el_before_av_one_full  avia-builder-el-first  first flex_column_div  '     ><style type=\"text\/css\" data-created_by=\"avia_inline_auto\" id=\"style-css-av-jqxmgnk2-620b4080db532f9bbd3af678eff10c91\">\n#top .av-special-heading.av-jqxmgnk2-620b4080db532f9bbd3af678eff10c91{\npadding-bottom:10px;\n}\nbody .av-special-heading.av-jqxmgnk2-620b4080db532f9bbd3af678eff10c91 .av-special-heading-tag .heading-char{\nfont-size:25px;\n}\n.av-special-heading.av-jqxmgnk2-620b4080db532f9bbd3af678eff10c91 .av-subheading{\nfont-size:15px;\n}\n<\/style>\n<div  class='av-special-heading av-jqxmgnk2-620b4080db532f9bbd3af678eff10c91 av-special-heading-h1 blockquote classic-quote  avia-builder-el-1  avia-builder-el-no-sibling '><h1 class='av-special-heading-tag '  itemprop=\"headline\"  >Les shakuhachi en stock<\/h1><div class=\"special-heading-border\"><div class=\"special-heading-inner-border\"><\/div><\/div><\/div><\/div>\n\n<style type=\"text\/css\" data-created_by=\"avia_inline_auto\" id=\"style-css-av-i4iw5r-c23df6f6da831b27c91e09d45b6ca5d0\">\n.flex_column.av-i4iw5r-c23df6f6da831b27c91e09d45b6ca5d0{\nborder-radius:0px 0px 0px 0px;\npadding:0px 0px 0px 0px;\n}\n<\/style>\n<div  class='flex_column av-i4iw5r-c23df6f6da831b27c91e09d45b6ca5d0 av_one_full  avia-builder-el-2  el_after_av_one_full  el_before_av_portfolio  avia-builder-el-last  first flex_column_div av-zero-column-padding  column-top-margin'     ><p>\n<style type=\"text\/css\" data-created_by=\"avia_inline_auto\" id=\"style-css-av-1lqn3z-155d8bd3d7ec30eb6afa4cf7d3c6a4c2\">\n.avia-image-container.av-1lqn3z-155d8bd3d7ec30eb6afa4cf7d3c6a4c2 img.avia_image{\nbox-shadow:none;\n}\n.avia-image-container.av-1lqn3z-155d8bd3d7ec30eb6afa4cf7d3c6a4c2 .av-image-caption-overlay-center{\ncolor:#ffffff;\n}\n<\/style>\n<div  class='avia-image-container av-1lqn3z-155d8bd3d7ec30eb6afa4cf7d3c6a4c2 av-styling- avia-align-center  avia-builder-el-3  el_before_av_image  avia-builder-el-first '   itemprop=\"image\" itemscope=\"itemscope\" itemtype=\"https:\/\/schema.org\/ImageObject\" ><div class=\"avia-image-container-inner\"><div class=\"avia-image-overlay-wrap\"><img decoding=\"async\" fetchpriority=\"high\" class='wp-image-1423 avia-img-lazy-loading-not-1423 avia_image ' src=\"https:\/\/www.chikudo-bamboo-flutes.com\/wp-content\/uploads\/2017\/03\/shaku-vrac-2-1500x430.jpg\" alt='' title='shaku-vrac-2'  height=\"430\" width=\"1500\"  itemprop=\"thumbnailUrl\"  \/><\/div><\/div><\/div><br \/>\n\n<style type=\"text\/css\" data-created_by=\"avia_inline_auto\" id=\"style-css-av-dp1xrz-ac119fc68c041a59a6a3bcc366146dd0\">\n.avia-image-container.av-dp1xrz-ac119fc68c041a59a6a3bcc366146dd0 img.avia_image{\nbox-shadow:none;\n}\n.avia-image-container.av-dp1xrz-ac119fc68c041a59a6a3bcc366146dd0 .av-image-caption-overlay-center{\ncolor:#ffffff;\n}\n<\/style>\n<div  class='avia-image-container av-dp1xrz-ac119fc68c041a59a6a3bcc366146dd0 av-styling- avia-align-center  avia-builder-el-4  el_after_av_image  el_before_av_textblock '   itemprop=\"image\" itemscope=\"itemscope\" itemtype=\"https:\/\/schema.org\/ImageObject\" ><div class=\"avia-image-container-inner\"><div class=\"avia-image-overlay-wrap\"><img decoding=\"async\" fetchpriority=\"high\" class='wp-image-1148 avia-img-lazy-loading-not-1148 avia_image ' src=\"https:\/\/www.chikudo-bamboo-flutes.com\/wp-content\/uploads\/2016\/06\/trait-pinceau-hz.png\" alt='' title='trait-pinceau-hz'  height=\"108\" width=\"1500\"  itemprop=\"thumbnailUrl\" srcset=\"https:\/\/www.chikudo-bamboo-flutes.com\/wp-content\/uploads\/2016\/06\/trait-pinceau-hz.png 1500w, https:\/\/www.chikudo-bamboo-flutes.com\/wp-content\/uploads\/2016\/06\/trait-pinceau-hz-400x29.png 400w, https:\/\/www.chikudo-bamboo-flutes.com\/wp-content\/uploads\/2016\/06\/trait-pinceau-hz-768x55.png 768w, https:\/\/www.chikudo-bamboo-flutes.com\/wp-content\/uploads\/2016\/06\/trait-pinceau-hz-800x58.png 800w, https:\/\/www.chikudo-bamboo-flutes.com\/wp-content\/uploads\/2016\/06\/trait-pinceau-hz-705x51.png 705w, https:\/\/www.chikudo-bamboo-flutes.com\/wp-content\/uploads\/2016\/06\/trait-pinceau-hz-450x32.png 450w\" sizes=\"(max-width: 1500px) 100vw, 1500px\" \/><\/div><\/div><\/div><br \/>\n<section  class='av_textblock_section av-cek75b-a3e8dfa1f285515fe7908f17e3f5913e '   itemscope=\"itemscope\" itemtype=\"https:\/\/schema.org\/CreativeWork\" ><div class='avia_textblock'  itemprop=\"text\" ><h2 style=\"text-align: center;\">Vous trouverez ici les flutes actuellement disponibles \u00e0 la vente.<\/h2>\n<p style=\"text-align: center;\">Vous pouvez consulter <a href=\"http:\/\/www.chikudo-bamboo-flutes.com\/chikudo-shakuhachi\/les-differents-modeles\/\">la page de pr\u00e9sentation des diff\u00e9rents mod\u00e8les<\/a> de Shakuhachi que je fabrique pour en connaitre les diff\u00e9rences.<\/p>\n<\/div><\/section><\/p><\/div>\n<div  id=\"av-sc-portfolio-1\"  class=\"av-portfolio-grid-sorting-container\"><div class='sort_width_container  av-sort-yes' data-portfolio-id='1' ><div id='js_sort_items' ><div class='sort_by_cat '><a href=\"#\" data-filter=\"all_sort\" class=\"all_sort_button active_sort\"><span class=\"inner_sort_button\"><span>Tout<\/span><small class=\"av-cat-count\"> 4 <\/small><\/span><\/a><span class=\"text-sep disponible_sort_sep\">\/<\/span><a href=\"#\" data-filter=\"disponible_sort\" class=\"disponible_sort_button\" ><span class=\"inner_sort_button\"><span>Disponible<\/span><small class=\"av-cat-count\"> 3 <\/small><\/span><\/a><span class=\"text-sep ji-ari_sort_sep\">\/<\/span><a href=\"#\" data-filter=\"ji-ari_sort\" class=\"ji-ari_sort_button\" ><span class=\"inner_sort_button\"><span>Ji-ari<\/span><small class=\"av-cat-count\"> 4 <\/small><\/span><\/a><span class=\"text-sep restaure_sort_sep\">\/<\/span><a href=\"#\" data-filter=\"restaure_sort\" class=\"restaure_sort_button\" ><span class=\"inner_sort_button\"><span>Restaur\u00e9<\/span><small class=\"av-cat-count\"> 3 <\/small><\/span><\/a><\/div><\/div><\/div><div  class=' grid-sort-container isotope   no_margin-container with-title-container grid-total-even grid-col-4 grid-links-' data-portfolio-id='1'><div data-ajax-id='5793' class=' grid-entry flex_column isotope-item all_sort no_margin post-entry post-entry-5793 grid-entry-overview grid-loop-1 grid-parity-odd  ji-ari_sort restaure_sort  av_one_fourth first default_av_fullwidth '><article class='main_color inner-entry'  itemscope=\"itemscope\" itemtype=\"https:\/\/schema.org\/CreativeWork\" ><a href=\"https:\/\/www.chikudo-bamboo-flutes.com\/fr\/portfolio-item\/shakuhachi-ji-ari-kinko-restaure-1-8-en-re-doka\/\" title='Shakuhachi Ji-ari kinko restaur\u00e9 1.8 en R\u00e9 &#8211; D\u014cKA'  data-rel='grid-1' class='grid-image avia-hover-fx'> <img decoding=\"async\" fetchpriority=\"high\" width=\"260\" height=\"185\" src=\"https:\/\/www.chikudo-bamboo-flutes.com\/wp-content\/uploads\/2025\/10\/Resto-Ji-Ari-1.8-Douka-10-25-a10-260x185.jpg\" class=\"wp-image-5786 avia-img-lazy-loading-not-5786 attachment-portfolio_small size-portfolio_small wp-post-image\" alt=\"\" \/><\/a><div class='grid-content'><div class='avia-arrow'><\/div><header class=\"entry-content-header\" aria-label=\"Portfolio: Shakuhachi Ji-ari kinko restaur\u00e9 1.8 en R\u00e9 &#8211; D\u014cKA\"><h3 class='grid-entry-title entry-title '  itemprop=\"headline\" ><a href='https:\/\/www.chikudo-bamboo-flutes.com\/fr\/portfolio-item\/shakuhachi-ji-ari-kinko-restaure-1-8-en-re-doka\/' title='Shakuhachi Ji-ari kinko restaur\u00e9 1.8 en R\u00e9 &#8211; D\u014cKA'>Shakuhachi Ji-ari kinko restaur\u00e9 1.8 en R\u00e9 &#8211; D\u014cKA<\/a><\/h3><\/header><\/div><footer class=\"entry-footer\"><\/footer><\/article><\/div><div data-ajax-id='5628' class=' grid-entry flex_column isotope-item all_sort no_margin post-entry post-entry-5628 grid-entry-overview grid-loop-2 grid-parity-even  disponible_sort ji-ari_sort restaure_sort  av_one_fourth  default_av_fullwidth '><article class='main_color inner-entry'  itemscope=\"itemscope\" itemtype=\"https:\/\/schema.org\/CreativeWork\" ><a href=\"https:\/\/www.chikudo-bamboo-flutes.com\/fr\/portfolio-item\/shakuhachi-restaure-ji-ari-kinko-7-trous-2-3-en-sib\/\" title='Shakuhachi restaur\u00e9 &#8211; Ji-ari Kinko 7 trous 2.3 en Sib'  data-rel='grid-1' class='grid-image avia-hover-fx'> <img decoding=\"async\" fetchpriority=\"high\" width=\"260\" height=\"185\" src=\"https:\/\/www.chikudo-bamboo-flutes.com\/wp-content\/uploads\/2025\/08\/Resto-J.A-2.3-Bb-7Holes-08-25-a6-260x185.jpg\" class=\"wp-image-5604 avia-img-lazy-loading-not-5604 attachment-portfolio_small size-portfolio_small wp-post-image\" alt=\"\" \/><\/a><div class='grid-content'><div class='avia-arrow'><\/div><header class=\"entry-content-header\" aria-label=\"Portfolio: Shakuhachi restaur\u00e9 &#8211; Ji-ari Kinko 7 trous 2.3 en Sib\"><h3 class='grid-entry-title entry-title '  itemprop=\"headline\" ><a href='https:\/\/www.chikudo-bamboo-flutes.com\/fr\/portfolio-item\/shakuhachi-restaure-ji-ari-kinko-7-trous-2-3-en-sib\/' title='Shakuhachi restaur\u00e9 &#8211; Ji-ari Kinko 7 trous 2.3 en Sib'>Shakuhachi restaur\u00e9 &#8211; Ji-ari Kinko 7 trous 2.3 en Sib<\/a><\/h3><\/header><\/div><footer class=\"entry-footer\"><\/footer><\/article><\/div><div data-ajax-id='5546' class=' grid-entry flex_column isotope-item all_sort no_margin post-entry post-entry-5546 grid-entry-overview grid-loop-3 grid-parity-odd  disponible_sort ji-ari_sort  av_one_fourth  default_av_fullwidth '><article class='main_color inner-entry'  itemscope=\"itemscope\" itemtype=\"https:\/\/schema.org\/CreativeWork\" ><a href=\"https:\/\/www.chikudo-bamboo-flutes.com\/fr\/portfolio-item\/chikudo-shakuhachi-kinko-ji-ari-2-0-en-do\/\" title='Chikudo shakuhachi Kinko Ji-ari 2.0 en Do'  data-rel='grid-1' class='grid-image avia-hover-fx'> <img decoding=\"async\" fetchpriority=\"high\" width=\"260\" height=\"185\" src=\"https:\/\/www.chikudo-bamboo-flutes.com\/wp-content\/uploads\/2025\/05\/Ji-ari-2.0-C-04-25-a7-260x185.jpg\" class=\"wp-image-5541 avia-img-lazy-loading-not-5541 attachment-portfolio_small size-portfolio_small wp-post-image\" alt=\"\" \/><\/a><div class='grid-content'><div class='avia-arrow'><\/div><header class=\"entry-content-header\" aria-label=\"Portfolio: Chikudo shakuhachi Kinko Ji-ari 2.0 en Do\"><h3 class='grid-entry-title entry-title '  itemprop=\"headline\" ><a href='https:\/\/www.chikudo-bamboo-flutes.com\/fr\/portfolio-item\/chikudo-shakuhachi-kinko-ji-ari-2-0-en-do\/' title='Chikudo shakuhachi Kinko Ji-ari 2.0 en Do'>Chikudo shakuhachi Kinko Ji-ari 2.0 en Do<\/a><\/h3><\/header><\/div><footer class=\"entry-footer\"><\/footer><\/article><\/div><div data-ajax-id='5447' class=' grid-entry flex_column isotope-item all_sort no_margin post-entry post-entry-5447 grid-entry-overview grid-loop-4 grid-parity-even  post-entry-last  disponible_sort ji-ari_sort restaure_sort  av_one_fourth  default_av_fullwidth '><article class='main_color inner-entry'  itemscope=\"itemscope\" itemtype=\"https:\/\/schema.org\/CreativeWork\" ><a href=\"https:\/\/www.chikudo-bamboo-flutes.com\/fr\/portfolio-item\/shakuhachi-ji-ari-kinko-restaure-1-6-en-mi-chikuyo\/\" title='Shakuhachi ji-ari kinko restaur\u00e9 1.6 en Mi &#8211; Chikuy\u014d'  data-rel='grid-1' class='grid-image avia-hover-fx'> <img decoding=\"async\" fetchpriority=\"high\" width=\"260\" height=\"185\" src=\"https:\/\/www.chikudo-bamboo-flutes.com\/wp-content\/uploads\/2025\/03\/resto-Ji-ari-1.6-CHIKUYOU-03-25-a6-260x185.jpg\" class=\"wp-image-5433 avia-img-lazy-loading-not-5433 attachment-portfolio_small size-portfolio_small wp-post-image\" alt=\"\" \/><\/a><div class='grid-content'><div class='avia-arrow'><\/div><header class=\"entry-content-header\" aria-label=\"Portfolio: Shakuhachi ji-ari kinko restaur\u00e9 1.6 en Mi &#8211; Chikuy\u014d\"><h3 class='grid-entry-title entry-title '  itemprop=\"headline\" ><a href='https:\/\/www.chikudo-bamboo-flutes.com\/fr\/portfolio-item\/shakuhachi-ji-ari-kinko-restaure-1-6-en-mi-chikuyo\/' title='Shakuhachi ji-ari kinko restaur\u00e9 1.6 en Mi &#8211; Chikuy\u014d'>Shakuhachi ji-ari kinko restaur\u00e9 1.6 en Mi &#8211; Chikuy\u014d<\/a><\/h3><\/header><\/div><footer class=\"entry-footer\"><\/footer><\/article><\/div><\/div><\/div>   <!--   class=\"av-portfolio-grid-sorting-container\"  -->\n<div  class='avia-button-wrap av-22ax5r-445bf6c348525a8abe7a0a020f559efe-wrap avia-button-center  avia-builder-el-7  el_after_av_portfolio  avia-builder-el-no-sibling '><a href='https:\/\/www.chikudo-bamboo-flutes.com\/fr\/chikudo-shakuhachi\/shakuhachi-vendus\/'  class='avia-button av-22ax5r-445bf6c348525a8abe7a0a020f559efe av-link-btn avia-icon_select-yes-left-icon avia-size-large avia-position-center avia-color-theme-color'   aria-label=\"Shakuhachi vendus pr\u00e9c\u00e9demment\"><span class='avia_button_icon avia_button_icon_left' aria-hidden='true' data-av_icon='\ue81e' data-av_iconfont='entypo-fontello'><\/span><span class='avia_iconbox_title' >Shakuhachi vendus pr\u00e9c\u00e9demment<\/span><\/a><\/div>\n","protected":false},"excerpt":{"rendered":"","protected":false},"author":1,"featured_media":0,"parent":1113,"menu_order":0,"comment_status":"closed","ping_status":"closed","template":"","meta":{"footnotes":""},"class_list":["post-1119","page","type-page","status-publish","hentry"],"_links":{"self":[{"href":"https:\/\/www.chikudo-bamboo-flutes.com\/fr\/wp-json\/wp\/v2\/pages\/1119","targetHints":{"allow":["GET"]}}],"collection":[{"href":"https:\/\/www.chikudo-bamboo-flutes.com\/fr\/wp-json\/wp\/v2\/pages"}],"about":[{"href":"https:\/\/www.chikudo-bamboo-flutes.com\/fr\/wp-json\/wp\/v2\/types\/page"}],"author":[{"embeddable":true,"href":"https:\/\/www.chikudo-bamboo-flutes.com\/fr\/wp-json\/wp\/v2\/users\/1"}],"replies":[{"embeddable":true,"href":"https:\/\/www.chikudo-bamboo-flutes.com\/fr\/wp-json\/wp\/v2\/comments?post=1119"}],"version-history":[{"count":36,"href":"https:\/\/www.chikudo-bamboo-flutes.com\/fr\/wp-json\/wp\/v2\/pages\/1119\/revisions"}],"predecessor-version":[{"id":5765,"href":"https:\/\/www.chikudo-bamboo-flutes.com\/fr\/wp-json\/wp\/v2\/pages\/1119\/revisions\/5765"}],"up":[{"embeddable":true,"href":"https:\/\/www.chikudo-bamboo-flutes.com\/fr\/wp-json\/wp\/v2\/pages\/1113"}],"wp:attachment":[{"href":"https:\/\/www.chikudo-bamboo-flutes.com\/fr\/wp-json\/wp\/v2\/media?parent=1119"}],"curies":[{"name":"wp","href":"https:\/\/api.w.org\/{rel}","templated":true}]}}