{"id":1218,"date":"2016-11-26T09:25:02","date_gmt":"2016-11-26T08:25:02","guid":{"rendered":"http:\/\/www.chikudo-bamboo-flutes.com\/?page_id=1218"},"modified":"2025-09-08T08:44:34","modified_gmt":"2025-09-08T07:44:34","slug":"stages-et-cours","status":"publish","type":"page","link":"https:\/\/www.chikudo-bamboo-flutes.com\/fr\/chikudo-shakuhachi\/stages-et-cours\/","title":{"rendered":"Stages et cours"},"content":{"rendered":"\n<style type=\"text\/css\" data-created_by=\"avia_inline_auto\" id=\"style-css-av-v6wmfm-fe7a280b610c9c9fa454421e23bd3c41\">\n.flex_column.av-v6wmfm-fe7a280b610c9c9fa454421e23bd3c41{\nborder-width:2px;\nborder-style:solid;\nborder-radius:10px 10px 10px 10px;\npadding:20px 20px 20px 20px;\nbackground:url(https:\/\/www.chikudo-bamboo-flutes.com\/wp-content\/uploads\/2016\/09\/texture_p_3_by_sirius_sdz.png) 0% 0% no-repeat scroll ;\n}\n<\/style>\n<div  class='flex_column av-v6wmfm-fe7a280b610c9c9fa454421e23bd3c41 av_one_full  avia-builder-el-0  el_before_av_submenu  avia-builder-el-no-sibling  first flex_column_div  '     ><style type=\"text\/css\" data-created_by=\"avia_inline_auto\" id=\"style-css-av-tmc88y-d16f5ed542eed73f66681e0443a7a832\">\n#top .av-special-heading.av-tmc88y-d16f5ed542eed73f66681e0443a7a832{\npadding-bottom:10px;\n}\nbody .av-special-heading.av-tmc88y-d16f5ed542eed73f66681e0443a7a832 .av-special-heading-tag .heading-char{\nfont-size:25px;\n}\n.av-special-heading.av-tmc88y-d16f5ed542eed73f66681e0443a7a832 .av-subheading{\nfont-size:15px;\n}\n<\/style>\n<div  class='av-special-heading av-tmc88y-d16f5ed542eed73f66681e0443a7a832 av-special-heading-h1 blockquote classic-quote  avia-builder-el-1  avia-builder-el-no-sibling '><h1 class='av-special-heading-tag '  itemprop=\"headline\"  >Stages et cours<\/h1><div class='av-subheading av-subheading_below'><p>d&rsquo;initiation au jeu du Shakuhachi<\/p>\n<\/div><div class=\"special-heading-border\"><div class=\"special-heading-inner-border\"><\/div><\/div><\/div><\/div>\n<\/div><\/div><\/div><!-- close content main div --><\/div><\/div><div class='clear'><\/div><div id='sub_menu1'  class='av-submenu-container av-rror2q-79b4abf91b1a356d43c8ab1b59cf0862 main_color  avia-builder-el-2  el_after_av_one_full  el_before_av_one_full  av-sticky-submenu submenu-not-first container_wrap fullsize' style='z-index:301' ><div class='container av-menu-mobile-disabled av-submenu-pos-center'><ul id=\"menu-menu-chikudo-shakuhachi\" class=\"av-subnav-menu\" role=\"menu\"><li role=\"menuitem\" id=\"menu-item-1650\" class=\"menu-item menu-item-type-post_type menu-item-object-page menu-item-top-level menu-item-top-level-1\"><a href=\"https:\/\/www.chikudo-bamboo-flutes.com\/fr\/chikudo-shakuhachi\/les-differents-modeles\/\" itemprop=\"url\" tabindex=\"0\"><span class=\"avia-bullet\"><\/span><span class=\"avia-menu-text\">Les diff\u00e9rents mod\u00e8les<\/span><span class=\"avia-menu-fx\"><span class=\"avia-arrow-wrap\"><span class=\"avia-arrow\"><\/span><\/span><\/span><\/a><\/li>\n<li role=\"menuitem\" id=\"menu-item-2006\" class=\"menu-item menu-item-type-post_type menu-item-object-page menu-item-top-level menu-item-top-level-2\"><a href=\"https:\/\/www.chikudo-bamboo-flutes.com\/fr\/chikudo-shakuhachi\/reparations-shakuhachi\/\" itemprop=\"url\" tabindex=\"0\"><span class=\"avia-bullet\"><\/span><span class=\"avia-menu-text\">R\u00e9parations<\/span><span class=\"avia-menu-fx\"><span class=\"avia-arrow-wrap\"><span class=\"avia-arrow\"><\/span><\/span><\/span><\/a><\/li>\n<li role=\"menuitem\" id=\"menu-item-4421\" class=\"menu-item menu-item-type-post_type menu-item-object-page menu-item-top-level menu-item-top-level-3\"><a href=\"https:\/\/www.chikudo-bamboo-flutes.com\/fr\/chikudo-shakuhachi\/shakuhachi-fabriques-depuis-2013\/\" itemprop=\"url\" tabindex=\"0\"><span class=\"avia-bullet\"><\/span><span class=\"avia-menu-text\">Shakuhachi d\u00e9j\u00e0 vendus<\/span><span class=\"avia-menu-fx\"><span class=\"avia-arrow-wrap\"><span class=\"avia-arrow\"><\/span><\/span><\/span><\/a><\/li>\n<li role=\"menuitem\" id=\"menu-item-2751\" class=\"menu-item menu-item-type-post_type menu-item-object-page menu-item-top-level menu-item-top-level-4\"><a href=\"https:\/\/www.chikudo-bamboo-flutes.com\/fr\/chikudo-shakuhachi\/manuel-debutant-de-shakuhachi-kinko-ryu\/\" itemprop=\"url\" tabindex=\"0\"><span class=\"avia-bullet\"><\/span><span class=\"avia-menu-text\">Manuel de shakuhachi<\/span><span class=\"avia-menu-fx\"><span class=\"avia-arrow-wrap\"><span class=\"avia-arrow\"><\/span><\/span><\/span><\/a><\/li>\n<li role=\"menuitem\" id=\"menu-item-1878\" class=\"menu-item menu-item-type-post_type menu-item-object-page menu-item-top-level menu-item-top-level-5\"><a href=\"https:\/\/www.chikudo-bamboo-flutes.com\/fr\/chikudo-shakuhachi\/accessoires\/\" itemprop=\"url\" tabindex=\"0\"><span class=\"avia-bullet\"><\/span><span class=\"avia-menu-text\">Accessoires<\/span><span class=\"avia-menu-fx\"><span class=\"avia-arrow-wrap\"><span class=\"avia-arrow\"><\/span><\/span><\/span><\/a><\/li>\n<li role=\"menuitem\" id=\"menu-item-1228\" class=\"menu-item menu-item-type-post_type menu-item-object-page menu-item-top-level menu-item-top-level-6\"><a href=\"https:\/\/www.chikudo-bamboo-flutes.com\/fr\/chikudo-shakuhachi\/stages-et-cours\/\" itemprop=\"url\" tabindex=\"0\"><span class=\"avia-bullet\"><\/span><span class=\"avia-menu-text\">Stages et cours<\/span><span class=\"avia-menu-fx\"><span class=\"avia-arrow-wrap\"><span class=\"avia-arrow\"><\/span><\/span><\/span><\/a><\/li>\n<li role=\"menuitem\" id=\"menu-item-3589\" class=\"menu-item menu-item-type-post_type menu-item-object-page menu-item-top-level menu-item-top-level-7\"><a href=\"https:\/\/www.chikudo-bamboo-flutes.com\/fr\/chikudo-shakuhachi\/bambous-pour-shakuhachi\/\" itemprop=\"url\" tabindex=\"0\"><span class=\"avia-bullet\"><\/span><span class=\"avia-menu-text\">Bambous pour shakuhachi<\/span><span class=\"avia-menu-fx\"><span class=\"avia-arrow-wrap\"><span class=\"avia-arrow\"><\/span><\/span><\/span><\/a><\/li>\n<\/ul><\/div><\/div><div class='sticky_placeholder'><\/div><div id='after_submenu_1'  class='main_color av_default_container_wrap container_wrap fullsize'  ><div class='container av-section-cont-open' ><div class='template-page content  av-content-full alpha units'><div class='post-entry post-entry-type-page post-entry-1218'><div class='entry-content-wrapper clearfix'>\n\n<style type=\"text\/css\" data-created_by=\"avia_inline_auto\" id=\"style-css-av-mkscuq-fc95a630a7155f50e0c5ca4de583d6c6\">\n.flex_column.av-mkscuq-fc95a630a7155f50e0c5ca4de583d6c6{\nborder-radius:0px 0px 0px 0px;\npadding:0px 0px 0px 0px;\n}\n<\/style>\n<div  class='flex_column av-mkscuq-fc95a630a7155f50e0c5ca4de583d6c6 av_one_full  avia-builder-el-3  el_after_av_submenu  el_before_av_hr  avia-builder-el-first  first flex_column_div av-zero-column-padding  '     ><style type=\"text\/css\" data-created_by=\"avia_inline_auto\" id=\"style-css-av-ka0oc2-0012a278ec9e9c7f997cb924b5e4c97a\">\n.avia-image-container.av-ka0oc2-0012a278ec9e9c7f997cb924b5e4c97a img.avia_image{\nbox-shadow:none;\n}\n.avia-image-container.av-ka0oc2-0012a278ec9e9c7f997cb924b5e4c97a .av-image-caption-overlay-center{\ncolor:#ffffff;\n}\n<\/style>\n<div  class='avia-image-container av-ka0oc2-0012a278ec9e9c7f997cb924b5e4c97a av-styling- avia-align-center  avia-builder-el-4  avia-builder-el-no-sibling '   itemprop=\"image\" itemscope=\"itemscope\" itemtype=\"https:\/\/schema.org\/ImageObject\" ><div class=\"avia-image-container-inner\"><div class=\"avia-image-overlay-wrap\"><img decoding=\"async\" fetchpriority=\"high\" class='wp-image-1251 avia-img-lazy-loading-not-1251 avia_image ' src=\"https:\/\/www.chikudo-bamboo-flutes.com\/wp-content\/uploads\/2016\/11\/ban_Shokunin_utaawase_Sanoki-Komoso-805x321.jpg\" alt='' title='ban_shokunin_utaawase_sanoki-komoso'  height=\"321\" width=\"805\"  itemprop=\"thumbnailUrl\"  \/><\/div><\/div><\/div><\/div>\n\n<style type=\"text\/css\" data-created_by=\"avia_inline_auto\" id=\"style-css-av-ikolle-04efdb3ae4f4125f72cfde0ad076e339\">\n#top .hr.hr-invisible.av-ikolle-04efdb3ae4f4125f72cfde0ad076e339{\nheight:50px;\n}\n<\/style>\n<div  class='hr av-ikolle-04efdb3ae4f4125f72cfde0ad076e339 hr-invisible  avia-builder-el-5  el_after_av_one_full  el_before_av_textblock '><span class='hr-inner '><span class=\"hr-inner-style\"><\/span><\/span><\/div>\n<section  class='av_textblock_section av-h1npv6-30bcf0cd36bb1ec9b4843810d0e25f65 '   itemscope=\"itemscope\" itemtype=\"https:\/\/schema.org\/CreativeWork\" ><div class='avia_textblock'  itemprop=\"text\" ><p>Je propose depuis 2016 de partager l&rsquo;enseignement que je re\u00e7ois de Gunnar Jinmei Linder sous forme de cours particuliers et de stages d&rsquo;initiation.<\/p>\n<p>C&rsquo;est suite \u00e0 de nombreuses demandes que je me suis lanc\u00e9; mais me consid\u00e9rant toujours comme \u00e9tudiant, j&rsquo;en ai d&rsquo;abord parl\u00e9 \u00e0 mon ma\u00eetre pour savoir s&rsquo;il m&rsquo;en pensait capable. C&rsquo;est donc avec son assentiment que j&rsquo;ai commenc\u00e9 \u00e0 transmettre ce que j&rsquo;\u00e9tudie avec lui depuis 2013.<\/p>\n<p>L&rsquo;apprentissage se divise en trois phases :<\/p>\n<h4 style=\"padding-left: 30px;\">La prise en main :<\/h4>\n<p style=\"padding-left: 60px;\">Premi\u00e8re approche sensitive de l&rsquo;instrument; comment int\u00e9grer la flute \u00e0 son corps, son souffle. Tenue, postures prise en bouche et recherche du premier son<\/p>\n<h4 style=\"padding-left: 30px;\">Le Son :<\/h4>\n<p style=\"padding-left: 60px;\">D\u00e9couverte et pratique d&rsquo;un ensemble de techniques de jeu ax\u00e9s sur le souffle et le son. comment moduler le timbre, le volume et la hauteur des sons. D\u00e9couverte des diff\u00e9rentes notes<\/p>\n<h4 style=\"padding-left: 30px;\">La musique :<\/h4>\n<p style=\"padding-left: 60px;\">\u00c9tude des gammes et d\u00e9couverte de la notation. D\u00e9couverte du premier r\u00e9pertoire : Les Minyo, chansons folkloriques.<\/p>\n<p>Je peux mettre \u00e0 votre disposition une flute pour la dur\u00e9e de l&rsquo;apprentissage.<\/p>\n<\/div><\/section>\n\n<style type=\"text\/css\" data-created_by=\"avia_inline_auto\" id=\"style-css-av-ftv2lu-01a51ef411b15bfae33090510f070b11\">\n.flex_column.av-ftv2lu-01a51ef411b15bfae33090510f070b11{\nborder-radius:0px 0px 0px 0px;\npadding:0px 0px 0px 0px;\n}\n<\/style>\n<div  class='flex_column av-ftv2lu-01a51ef411b15bfae33090510f070b11 av_one_third  avia-builder-el-7  el_after_av_textblock  el_before_av_one_third  first flex_column_div av-zero-column-padding  column-top-margin'     ><p><div  class='hr av-evei42-2b49243260af41557ea1d877e70ed6d7 hr-short  avia-builder-el-8  el_before_av_textblock  avia-builder-el-first  hr-left'><span class='hr-inner '><span class=\"hr-inner-style\"><\/span><\/span><\/div><br \/>\n<section  class='av_textblock_section av-cfrpky-25b66bac916fdced8ba33f21b627a8ca '   itemscope=\"itemscope\" itemtype=\"https:\/\/schema.org\/CreativeWork\" ><div class='avia_textblock'  itemprop=\"text\" ><h3 style=\"text-align: center;\">Cours particuliers<\/h3>\n<p>Ils se font \u00e0 l&rsquo;atelier dans une atmosph\u00e8re intime et chaleureuse propice \u00e0 la concentration.<\/p>\n<p>Les dates sont \u00e0 choisir ensemble; je pr\u00e9f\u00e8re de mani\u00e8re g\u00e9n\u00e9rale les jours en semaine.<\/p>\n<p>Le tarif est de 25 \u20ac\/heure<\/p>\n<\/div><\/section><\/p><\/div>\n<style type=\"text\/css\" data-created_by=\"avia_inline_auto\" id=\"style-css-av-ao199u-505669bf7666433ae3d9d2db22c1965d\">\n.flex_column.av-ao199u-505669bf7666433ae3d9d2db22c1965d{\nborder-radius:0px 0px 0px 0px;\npadding:0px 0px 0px 0px;\n}\n<\/style>\n<div  class='flex_column av-ao199u-505669bf7666433ae3d9d2db22c1965d av_one_third  avia-builder-el-10  el_after_av_one_third  el_before_av_one_third  flex_column_div av-zero-column-padding  column-top-margin'     ><p><div  class='hr av-wdd3m-7a7c3aaebd5cc11ac8cd46634b2bdd00 hr-short  avia-builder-el-11  el_before_av_image  avia-builder-el-first  hr-center'><span class='hr-inner '><span class=\"hr-inner-style\"><\/span><\/span><\/div><br \/>\n\n<style type=\"text\/css\" data-created_by=\"avia_inline_auto\" id=\"style-css-av-7emd2a-c2ed52f41588f47117075cf01ed1dc2e\">\n.avia-image-container.av-7emd2a-c2ed52f41588f47117075cf01ed1dc2e img.avia_image{\nbox-shadow:none;\n}\n.avia-image-container.av-7emd2a-c2ed52f41588f47117075cf01ed1dc2e .av-image-caption-overlay-center{\ncolor:#ffffff;\n}\n<\/style>\n<div  class='avia-image-container av-7emd2a-c2ed52f41588f47117075cf01ed1dc2e av-styling- av-img-linked avia-align-center  avia-builder-el-12  el_after_av_hr  avia-builder-el-last '   itemprop=\"image\" itemscope=\"itemscope\" itemtype=\"https:\/\/schema.org\/ImageObject\" ><div class=\"avia-image-container-inner\"><div class=\"avia-image-overlay-wrap\"><a href=\"https:\/\/www.chikudo-bamboo-flutes.com\/wp-content\/uploads\/2016\/11\/P1090168-531x800.jpg\" data-srcset=\"https:\/\/www.chikudo-bamboo-flutes.com\/wp-content\/uploads\/2016\/11\/P1090168.jpg 531w, https:\/\/www.chikudo-bamboo-flutes.com\/wp-content\/uploads\/2016\/11\/P1090168-266x400.jpg 266w, https:\/\/www.chikudo-bamboo-flutes.com\/wp-content\/uploads\/2016\/11\/P1090168-468x705.jpg 468w, https:\/\/www.chikudo-bamboo-flutes.com\/wp-content\/uploads\/2016\/11\/P1090168-450x678.jpg 450w\" data-sizes=\"(max-width: 531px) 100vw, 531px\" class='avia_image '  aria-label='p1090168'><img decoding=\"async\" fetchpriority=\"high\" class='wp-image-1272 avia-img-lazy-loading-not-1272 avia_image ' src=\"https:\/\/www.chikudo-bamboo-flutes.com\/wp-content\/uploads\/2016\/11\/P1090168-266x400.jpg\" alt='' title='p1090168'  height=\"400\" width=\"266\"  itemprop=\"thumbnailUrl\" srcset=\"https:\/\/www.chikudo-bamboo-flutes.com\/wp-content\/uploads\/2016\/11\/P1090168-266x400.jpg 266w, https:\/\/www.chikudo-bamboo-flutes.com\/wp-content\/uploads\/2016\/11\/P1090168.jpg 531w, https:\/\/www.chikudo-bamboo-flutes.com\/wp-content\/uploads\/2016\/11\/P1090168-468x705.jpg 468w, https:\/\/www.chikudo-bamboo-flutes.com\/wp-content\/uploads\/2016\/11\/P1090168-450x678.jpg 450w\" sizes=\"(max-width: 266px) 100vw, 266px\" \/><\/a><\/div><\/div><\/div><\/p><\/div><\/p>\n\n<style type=\"text\/css\" data-created_by=\"avia_inline_auto\" id=\"style-css-av-5pu7wy-18e63e41bbb68fe1b25c74f98d25c219\">\n.flex_column.av-5pu7wy-18e63e41bbb68fe1b25c74f98d25c219{\nborder-radius:0px 0px 0px 0px;\npadding:0px 0px 0px 0px;\n}\n<\/style>\n<div  class='flex_column av-5pu7wy-18e63e41bbb68fe1b25c74f98d25c219 av_one_third  avia-builder-el-13  el_after_av_one_third  avia-builder-el-last  flex_column_div av-zero-column-padding  column-top-margin'     ><p><div  class='hr av-4nzwpe-493bde379f11bd5abbd29a95c4f8701b hr-short  avia-builder-el-14  el_before_av_textblock  avia-builder-el-first  hr-right'><span class='hr-inner '><span class=\"hr-inner-style\"><\/span><\/span><\/div><br \/>\n<section  class='av_textblock_section av-36zwfm-230c5c2f11a37942f88ec0855cb757b6 '   itemscope=\"itemscope\" itemtype=\"https:\/\/schema.org\/CreativeWork\" ><div class='avia_textblock'  itemprop=\"text\" ><h3 style=\"text-align: center;\">Stages<\/h3>\n<p>Session de cours intensif se d\u00e9roulant \u00e0 l&rsquo;atelier. (5 \u00e0 6h de cours)<\/p>\n<p>Vous pouvez me contacter pour une demande de stage d&rsquo;une ou plusieurs journ\u00e9es pour une ou deux personnes (l&rsquo;atelier est petit).<\/p>\n<p>Le tarif est de 100 \u20ac\/journ\u00e9e.<\/p>\n<p><em>\u00a0<\/em><\/p>\n<\/div><\/section><\/p><\/div>\n","protected":false},"excerpt":{"rendered":"","protected":false},"author":1,"featured_media":0,"parent":1113,"menu_order":0,"comment_status":"closed","ping_status":"closed","template":"","meta":{"footnotes":""},"class_list":["post-1218","page","type-page","status-publish","hentry"],"_links":{"self":[{"href":"https:\/\/www.chikudo-bamboo-flutes.com\/fr\/wp-json\/wp\/v2\/pages\/1218","targetHints":{"allow":["GET"]}}],"collection":[{"href":"https:\/\/www.chikudo-bamboo-flutes.com\/fr\/wp-json\/wp\/v2\/pages"}],"about":[{"href":"https:\/\/www.chikudo-bamboo-flutes.com\/fr\/wp-json\/wp\/v2\/types\/page"}],"author":[{"embeddable":true,"href":"https:\/\/www.chikudo-bamboo-flutes.com\/fr\/wp-json\/wp\/v2\/users\/1"}],"replies":[{"embeddable":true,"href":"https:\/\/www.chikudo-bamboo-flutes.com\/fr\/wp-json\/wp\/v2\/comments?post=1218"}],"version-history":[{"count":12,"href":"https:\/\/www.chikudo-bamboo-flutes.com\/fr\/wp-json\/wp\/v2\/pages\/1218\/revisions"}],"predecessor-version":[{"id":5643,"href":"https:\/\/www.chikudo-bamboo-flutes.com\/fr\/wp-json\/wp\/v2\/pages\/1218\/revisions\/5643"}],"up":[{"embeddable":true,"href":"https:\/\/www.chikudo-bamboo-flutes.com\/fr\/wp-json\/wp\/v2\/pages\/1113"}],"wp:attachment":[{"href":"https:\/\/www.chikudo-bamboo-flutes.com\/fr\/wp-json\/wp\/v2\/media?parent=1218"}],"curies":[{"name":"wp","href":"https:\/\/api.w.org\/{rel}","templated":true}]}}