{"id":27,"date":"2014-07-26T14:39:48","date_gmt":"2014-07-26T13:39:48","guid":{"rendered":"http:\/\/www.chikudo-bamboo-flutes.com\/?page_id=27"},"modified":"2024-09-10T15:41:51","modified_gmt":"2024-09-10T14:41:51","slug":"contact","status":"publish","type":"page","link":"https:\/\/www.chikudo-bamboo-flutes.com\/fr\/contact\/","title":{"rendered":"Contact"},"content":{"rendered":"<div  class='flex_column av-adopz-14e7b19a833a31a901597dd1ffade687 av_one_full  avia-builder-el-0  el_before_av_one_third  avia-builder-el-first  first flex_column_div  '     ><style type=\"text\/css\" data-created_by=\"avia_inline_auto\" id=\"style-css-av-wvw7-c2135df010186a217cfabf7f827950cb\">\n#top .av-special-heading.av-wvw7-c2135df010186a217cfabf7f827950cb{\npadding-bottom:10px;\n}\nbody .av-special-heading.av-wvw7-c2135df010186a217cfabf7f827950cb .av-special-heading-tag .heading-char{\nfont-size:25px;\n}\n.av-special-heading.av-wvw7-c2135df010186a217cfabf7f827950cb .av-subheading{\nfont-size:15px;\n}\n<\/style>\n<div  class='av-special-heading av-wvw7-c2135df010186a217cfabf7f827950cb av-special-heading-h1 blockquote classic-quote  avia-builder-el-1  avia-builder-el-no-sibling '><h1 class='av-special-heading-tag '  itemprop=\"headline\"  >L\u2018Atelier Chikudo se situe dans la belle cit\u00e9 m\u00e9di\u00e9vale de Figeac dans le Lot.<\/h1><div class=\"special-heading-border\"><div class=\"special-heading-inner-border\"><\/div><\/div><\/div><\/div>\n<div  class='flex_column av-wlpj-f049e69cb046ee82c06a368eba2b670b av_one_third  avia-builder-el-2  el_after_av_one_full  el_before_av_one_third  first flex_column_div  column-top-margin'     ><section  class='av_textblock_section av-8rx3b-3643e8f930faa8c475d553371cbe5adc '   itemscope=\"itemscope\" itemtype=\"https:\/\/schema.org\/CreativeWork\" ><div class='avia_textblock'  itemprop=\"text\" ><h3><span style=\"text-decoration: underline;\"><strong>Adresse :<\/strong><\/span><\/h3>\n<p><strong>Atelier Chikudo<\/strong><\/p>\n<p>Thomas Goulpeau<\/p>\n<p>Ruisseau des Fades<\/p>\n<p>46100 FIGEAC<\/p>\n<p><strong>Tel :<\/strong> 05 65 39 78 81<\/p>\n<p><strong>Mail<\/strong> : chikudo(chez)protonmail.com<\/p>\n<p>(remplacez \u00ab\u00a0(chez)\u00a0\u00bb par \u00ab\u00a0@\u00a0\u00bb)<\/p>\n<p>ou utilisez le formulaire de contact ci-dessous<\/p>\n<\/div><\/section><\/div>\n\n<style type=\"text\/css\" data-created_by=\"avia_inline_auto\" id=\"style-css-av-7yecz-155ee4412a64a8dc89a56bac3ae30563\">\n.flex_column.av-7yecz-155ee4412a64a8dc89a56bac3ae30563{\nborder-radius:0px 0px 0px 0px;\npadding:0px 0px 0px 0px;\n}\n<\/style>\n<div  class='flex_column av-7yecz-155ee4412a64a8dc89a56bac3ae30563 av_one_third  avia-builder-el-4  el_after_av_one_third  el_before_av_one_third  flex_column_div av-zero-column-padding  column-top-margin'     ><section  class='av_textblock_section av-79kdn-60891a77ae28a41ae749ae346590b52a '   itemscope=\"itemscope\" itemtype=\"https:\/\/schema.org\/CreativeWork\" ><div class='avia_textblock'  itemprop=\"text\" ><p><a href=\"http:\/\/www.chikudo-bamboo-flutes.com\/wp-content\/uploads\/2014\/07\/Figeac1.jpg\"><img loading=\"lazy\" decoding=\"async\" class=\"aligncenter wp-image-291 size-medium\" src=\"http:\/\/www.chikudo-bamboo-flutes.com\/wp-content\/uploads\/2014\/07\/Figeac1-400x270.jpg\" alt=\"Figeac\" width=\"400\" height=\"270\" data-wp-imgselect=\"1\" srcset=\"https:\/\/www.chikudo-bamboo-flutes.com\/wp-content\/uploads\/2014\/07\/Figeac1-400x270.jpg 400w, https:\/\/www.chikudo-bamboo-flutes.com\/wp-content\/uploads\/2014\/07\/Figeac1-705x476.jpg 705w, https:\/\/www.chikudo-bamboo-flutes.com\/wp-content\/uploads\/2014\/07\/Figeac1-450x304.jpg 450w, https:\/\/www.chikudo-bamboo-flutes.com\/wp-content\/uploads\/2014\/07\/Figeac1.jpg 800w\" sizes=\"auto, (max-width: 400px) 100vw, 400px\" \/><\/a><\/p>\n<\/div><\/section><\/div>\n\n<style type=\"text\/css\" data-created_by=\"avia_inline_auto\" id=\"style-css-av-73v1z-46ee507c5b9e1d8bf9c8966bb8b86d89\">\n.flex_column.av-73v1z-46ee507c5b9e1d8bf9c8966bb8b86d89{\nborder-radius:0px 0px 0px 0px;\npadding:0px 0px 0px 0px;\n}\n<\/style>\n<div  class='flex_column av-73v1z-46ee507c5b9e1d8bf9c8966bb8b86d89 av_one_third  avia-builder-el-6  el_after_av_one_third  el_before_av_two_third  flex_column_div av-zero-column-padding  column-top-margin'     ><section  class='av_textblock_section av-67e5f-18c3b6849e7085b1fcac9f9264ba6951 '   itemscope=\"itemscope\" itemtype=\"https:\/\/schema.org\/CreativeWork\" ><div class='avia_textblock'  itemprop=\"text\" ><p><iframe loading=\"lazy\" style=\"border: 0;\" src=\"https:\/\/www.google.com\/maps\/embed?pb=!1m18!1m12!1m3!1d4255.049504593485!2d2.0507222344191325!3d44.619419884224186!2m3!1f0!2f0!3f0!3m2!1i1024!2i768!4f13.1!3m3!1m2!1s0x0%3A0xbbd0a2e16a9496f6!2zNDTCsDM3JzA4LjUiTiAywrAwMycwMC4yIkU!5e0!3m2!1sfr!2sfr!4v1638530903800!5m2!1sfr!2sfr\" width=\"600\" height=\"450\" allowfullscreen=\"allowfullscreen\"><\/iframe><\/p>\n<\/div><\/section><\/div>\n<div  class='flex_column av-5fhwn-f523eaf9e76eb678ce26954a93089356 av_two_third  avia-builder-el-8  el_after_av_one_third  el_before_av_one_third  first flex_column_div  column-top-margin'     ><p><div  class='hr av-lybgs8fv-414f5e0c932610aae7c881ae60476a85 hr-short  avia-builder-el-9  el_before_av_contact  avia-builder-el-first  hr-center'><span class='hr-inner '><span class=\"hr-inner-style\"><\/span><\/span><\/div><br \/>\n<form action=\"https:\/\/www.chikudo-bamboo-flutes.com\/fr\/contact\/\" method=\"post\" data-fields-with-error=\"Erreurs trouv\u00e9es dans les champs suivants :\" class=\"avia_ajax_form av-form-labels-visible   avia-builder-el-10  el_after_av_hr  avia-builder-el-last   \" data-avia-form-id=\"1\" data-avia-redirect='' ><h3 class=''>Contactez moi directement<\/h3><fieldset><p class='  first_form  form_element form_fullwidth' id='element_avia_1_1'><label for=\"avia_1_1\">Nom <abbr class=\"required\" title=\"requis(e)\">*<\/abbr><\/label> <input name=\"avia_1_1\" class=\"text_input is_empty\" type=\"text\" id=\"avia_1_1\" value=\"\" \/><\/p><p class='  first_form  form_element form_fullwidth' id='element_avia_2_1'><label for=\"avia_2_1\">Adresse mail <abbr class=\"required\" title=\"requis(e)\">*<\/abbr><\/label> <input name=\"avia_2_1\" class=\"text_input is_email\" type=\"text\" id=\"avia_2_1\" value=\"\" \/><\/p><p class='  first_form  form_element form_fullwidth' id='element_avia_3_1'><label for=\"avia_3_1\">Sujet <abbr class=\"required\" title=\"requis(e)\">*<\/abbr><\/label> <input name=\"avia_3_1\" class=\"text_input is_empty\" type=\"text\" id=\"avia_3_1\" value=\"\" \/><\/p><p class='  first_form  form_element form_fullwidth' id='element_avia_4_1'><label for=\"avia_4_1\" class=\"textare_label hidden textare_label_avia_4_1\">Message <abbr class=\"required\" title=\"requis(e)\">*<\/abbr><\/label><textarea  name=\"avia_4_1\" class=\"text_area is_empty\" cols=\"40\" rows=\"7\" id=\"avia_4_1\" ><\/textarea><\/p><p class=\"hidden\"><input type=\"text\" name=\"avia_5_1\" class=\"hidden \" id=\"avia_5_1\" value=\"\" \/><\/p><p class='   form_element form_fullwidth av-last-visible-form-element' id='element_avia_6_1'><span class='value_verifier_label'>7 + 1 = ?<\/span><input name=\"avia_6_1_verifier\" type=\"hidden\" id=\"avia_6_1_verifier\" value=\"134227778\"\/><label for=\"avia_6_1\">Merci de prouver que vous \u00eates un humain en donnant le r\u00e9sultat de cette op\u00e9ration <abbr class=\"required\" title=\"requis(e)\">*<\/abbr><\/label><input name=\"avia_6_1\" class=\"text_input captcha\" type=\"text\" id=\"avia_6_1\" value=\"\"\/><\/p><p class=' hidden hideany first_form  form_element form_fullwidth' id='element_avia_7_1'><label for=\"avia_7_1\">Your Name <abbr class=\"required\" title=\"requis(e)\">*<\/abbr><\/label> <input name=\"avia_7_1\" class=\"text_input must_empty\" type=\"text\" id=\"avia_7_1\" value=\"\" \/><\/p><p class=\"form_element \"><input type=\"hidden\" value=\"1\" name=\"avia_generated_form1\" \/><input type=\"submit\" value=\"Valider\" class=\"button\"  data-sending-label=\"Envoi\"\/><\/p><\/fieldset><\/form><div id=\"ajaxresponse_1\" class=\"ajaxresponse ajaxresponse_1 hidden\"><\/div><\/p><\/div>\n<style type=\"text\/css\" data-created_by=\"avia_inline_auto\" id=\"style-css-av-1yn8b-32c4d8a570a95139e48728031b5db2b8\">\n.flex_column.av-1yn8b-32c4d8a570a95139e48728031b5db2b8{\nborder-radius:0px 0px 0px 0px;\npadding:0px 0px 0px 0px;\n}\n<\/style>\n<div  class='flex_column av-1yn8b-32c4d8a570a95139e48728031b5db2b8 av_one_third  avia-builder-el-11  el_after_av_two_third  avia-builder-el-last  flex_column_div av-zero-column-padding  column-top-margin'     ><p><div  class='hr av-lybgs8fv-414f5e0c932610aae7c881ae60476a85 hr-short  avia-builder-el-12  el_before_av_textblock  avia-builder-el-first  hr-center'><span class='hr-inner '><span class=\"hr-inner-style\"><\/span><\/span><\/div><br \/>\n<section  class='av_textblock_section av-1nyyz-27a1adfa308f3d2367994d7178083561 '   itemscope=\"itemscope\" itemtype=\"https:\/\/schema.org\/CreativeWork\" ><div class='avia_textblock'  itemprop=\"text\" ><blockquote>\n<p><em>Je suis assez lent de nature et, par esprit de contradiction peut \u00eatre, je tends \u00e0 ralentir plus encore mon rythme \u00e0 mesure que le monde et ses outils de communication s&rsquo;acc\u00e9l\u00e8rent.<\/em><\/p>\n<p><em>C&rsquo;est en ce sens que nous avons choisi de ne pas avoir de connexion internet \u00e0 la maison pour pr\u00e9server notre vie de famille de l&rsquo;envahissement digital&#8230;<br \/>\nLes d\u00e9lais de r\u00e9ponse peuvent donc \u00eatre de quelques jours.<br \/>\n<\/em><\/p>\n<p><em>Je vous remercie d&rsquo;avance de votre compr\u00e9hension !<\/em><\/p>\n<\/blockquote>\n<\/div><\/section><br \/>\n<div  class='hr av-14x63-b35767e098a614b8db783a63fc113ce6 hr-default  avia-builder-el-14  el_after_av_textblock  avia-builder-el-last '><span class='hr-inner '><span class=\"hr-inner-style\"><\/span><\/span><\/div><\/p><\/div><\/p>\n","protected":false},"excerpt":{"rendered":"","protected":false},"author":1,"featured_media":0,"parent":0,"menu_order":0,"comment_status":"open","ping_status":"open","template":"","meta":{"footnotes":""},"class_list":["post-27","page","type-page","status-publish","hentry"],"_links":{"self":[{"href":"https:\/\/www.chikudo-bamboo-flutes.com\/fr\/wp-json\/wp\/v2\/pages\/27","targetHints":{"allow":["GET"]}}],"collection":[{"href":"https:\/\/www.chikudo-bamboo-flutes.com\/fr\/wp-json\/wp\/v2\/pages"}],"about":[{"href":"https:\/\/www.chikudo-bamboo-flutes.com\/fr\/wp-json\/wp\/v2\/types\/page"}],"author":[{"embeddable":true,"href":"https:\/\/www.chikudo-bamboo-flutes.com\/fr\/wp-json\/wp\/v2\/users\/1"}],"replies":[{"embeddable":true,"href":"https:\/\/www.chikudo-bamboo-flutes.com\/fr\/wp-json\/wp\/v2\/comments?post=27"}],"version-history":[{"count":34,"href":"https:\/\/www.chikudo-bamboo-flutes.com\/fr\/wp-json\/wp\/v2\/pages\/27\/revisions"}],"predecessor-version":[{"id":4431,"href":"https:\/\/www.chikudo-bamboo-flutes.com\/fr\/wp-json\/wp\/v2\/pages\/27\/revisions\/4431"}],"wp:attachment":[{"href":"https:\/\/www.chikudo-bamboo-flutes.com\/fr\/wp-json\/wp\/v2\/media?parent=27"}],"curies":[{"name":"wp","href":"https:\/\/api.w.org\/{rel}","templated":true}]}}