{"id":29,"date":"2014-07-26T14:40:03","date_gmt":"2014-07-26T13:40:03","guid":{"rendered":"http:\/\/www.chikudo-bamboo-flutes.com\/?page_id=29"},"modified":"2019-10-01T10:55:20","modified_gmt":"2019-10-01T09:55:20","slug":"commander","status":"publish","type":"page","link":"https:\/\/www.chikudo-bamboo-flutes.com\/fr\/atelier\/commander\/","title":{"rendered":"Commander"},"content":{"rendered":"\n<style type=\"text\/css\" data-created_by=\"avia_inline_auto\" id=\"style-css-av-a1m8d-7c28f50e9f1a6b924c663ad59507fc67\">\n.flex_column.av-a1m8d-7c28f50e9f1a6b924c663ad59507fc67{\nborder-radius:0px 0px 0px 0px;\npadding:0px 0px 0px 0px;\n}\n<\/style>\n<div  class='flex_column av-a1m8d-7c28f50e9f1a6b924c663ad59507fc67 av_one_full  avia-builder-el-0  el_before_av_one_full  avia-builder-el-first  first flex_column_div av-zero-column-padding  '     ><p>\n<style type=\"text\/css\" data-created_by=\"avia_inline_auto\" id=\"style-css-av-jrsz7v1j-2dc61d53d42b0c86150b7360faa923a7\">\n#top .av-special-heading.av-jrsz7v1j-2dc61d53d42b0c86150b7360faa923a7{\npadding-bottom:10px;\n}\nbody .av-special-heading.av-jrsz7v1j-2dc61d53d42b0c86150b7360faa923a7 .av-special-heading-tag .heading-char{\nfont-size:25px;\n}\n.av-special-heading.av-jrsz7v1j-2dc61d53d42b0c86150b7360faa923a7 .av-subheading{\nfont-size:15px;\n}\n<\/style>\n<div  class='av-special-heading av-jrsz7v1j-2dc61d53d42b0c86150b7360faa923a7 av-special-heading-h1 blockquote classic-quote  avia-builder-el-1  el_before_av_image  avia-builder-el-first '><h1 class='av-special-heading-tag '  itemprop=\"headline\"  >Paiements et envois<\/h1><div class=\"special-heading-border\"><div class=\"special-heading-inner-border\"><\/div><\/div><\/div><br \/>\n\n<style type=\"text\/css\" data-created_by=\"avia_inline_auto\" id=\"style-css-av-8fbxh-c8822ad711ad0c78189708e4920a9fb8\">\n.avia-image-container.av-8fbxh-c8822ad711ad0c78189708e4920a9fb8 img.avia_image{\nbox-shadow:none;\n}\n.avia-image-container.av-8fbxh-c8822ad711ad0c78189708e4920a9fb8 .av-image-caption-overlay-center{\ncolor:#ffffff;\n}\n<\/style>\n<div  class='avia-image-container av-8fbxh-c8822ad711ad0c78189708e4920a9fb8 av-styling- avia-align-center  avia-builder-el-2  el_after_av_heading  avia-builder-el-last '   itemprop=\"image\" itemscope=\"itemscope\" itemtype=\"https:\/\/schema.org\/ImageObject\" ><div class=\"avia-image-container-inner\"><div class=\"avia-image-overlay-wrap\"><img decoding=\"async\" fetchpriority=\"high\" class='wp-image-1148 avia-img-lazy-loading-not-1148 avia_image ' src=\"https:\/\/www.chikudo-bamboo-flutes.com\/wp-content\/uploads\/2016\/06\/trait-pinceau-hz.png\" alt='' title='trait-pinceau-hz'  height=\"108\" width=\"1500\"  itemprop=\"thumbnailUrl\" srcset=\"https:\/\/www.chikudo-bamboo-flutes.com\/wp-content\/uploads\/2016\/06\/trait-pinceau-hz.png 1500w, https:\/\/www.chikudo-bamboo-flutes.com\/wp-content\/uploads\/2016\/06\/trait-pinceau-hz-400x29.png 400w, https:\/\/www.chikudo-bamboo-flutes.com\/wp-content\/uploads\/2016\/06\/trait-pinceau-hz-768x55.png 768w, https:\/\/www.chikudo-bamboo-flutes.com\/wp-content\/uploads\/2016\/06\/trait-pinceau-hz-800x58.png 800w, https:\/\/www.chikudo-bamboo-flutes.com\/wp-content\/uploads\/2016\/06\/trait-pinceau-hz-705x51.png 705w, https:\/\/www.chikudo-bamboo-flutes.com\/wp-content\/uploads\/2016\/06\/trait-pinceau-hz-450x32.png 450w\" sizes=\"(max-width: 1500px) 100vw, 1500px\" \/><\/div><\/div><\/div><\/p><\/div>\n\n<style type=\"text\/css\" data-created_by=\"avia_inline_auto\" id=\"style-css-av-80i21-6574a6bd3cffa7033a0df17cd81ee592\">\n.flex_column.av-80i21-6574a6bd3cffa7033a0df17cd81ee592{\nborder-width:2px;\nborder-color:#000000;\nborder-style:solid;\nborder-radius:10px 10px 10px 10px;\npadding:0px 0px 0px 0px;\nbackground:url(https:\/\/www.chikudo-bamboo-flutes.com\/wp-content\/uploads\/2016\/09\/texture_p_3_by_sirius_sdz-400x300.png) 50% 50% no-repeat scroll ;\n}\n<\/style>\n<div  class='flex_column av-80i21-6574a6bd3cffa7033a0df17cd81ee592 av_one_full  avia-builder-el-3  el_after_av_one_full  el_before_av_hr  first flex_column_div av-zero-column-padding avia-full-stretch  column-top-margin'     ><p>\n<style type=\"text\/css\" data-created_by=\"avia_inline_auto\" id=\"style-css-av-781r1-600c5ea2381cfa269f6ac68b08bab1b7\">\n#top .hr.av-781r1-600c5ea2381cfa269f6ac68b08bab1b7{\nmargin-top:10px;\nmargin-bottom:20px;\n}\n.hr.av-781r1-600c5ea2381cfa269f6ac68b08bab1b7 .hr-inner{\nwidth:33%;\nmax-width:45%;\n}\n.hr.av-781r1-600c5ea2381cfa269f6ac68b08bab1b7 .av-seperator-icon{\ncolor:#f91111;\n}\n<\/style>\n<div  class='hr av-781r1-600c5ea2381cfa269f6ac68b08bab1b7 hr-custom  avia-builder-el-4  el_before_av_textblock  avia-builder-el-first  hr-center hr-icon-yes'><span class='hr-inner inner-border-av-border-fat'><span class=\"hr-inner-style\"><\/span><\/span><span class='av-seperator-icon' aria-hidden='true' data-av_icon='\ue83e' data-av_iconfont='entypo-fontello'><\/span><span class='hr-inner inner-border-av-border-fat'><span class=\"hr-inner-style\"><\/span><\/span><\/div><br \/>\n<section  class='av_textblock_section av-6qrzp-9abc8b183ba4eaf1e852acf2cfc6ff6f '   itemscope=\"itemscope\" itemtype=\"https:\/\/schema.org\/CreativeWork\" ><div class='avia_textblock'  itemprop=\"text\" ><h3 style=\"text-align: center;\">Seules les <span style=\"color: #ff6600;\"><a style=\"color: #ff6600;\" href=\"http:\/\/www.chikudo-bamboo-flutes.com\/chikudo-shakuhachi\/shakuhachi-en-stock\/\">flutes disponibles en stock<\/a><\/span> sont propos\u00e9es \u00e0 la vente.<\/h3>\n<h4 style=\"text-align: center;\"><\/h4>\n<\/div><\/section><br \/>\n\n<style type=\"text\/css\" data-created_by=\"avia_inline_auto\" id=\"style-css-av-6e19t-3d4e8db73c42f850c0c2b746cd5c5b38\">\n#top .hr.av-6e19t-3d4e8db73c42f850c0c2b746cd5c5b38{\nmargin-top:20px;\nmargin-bottom:10px;\n}\n.hr.av-6e19t-3d4e8db73c42f850c0c2b746cd5c5b38 .hr-inner{\nwidth:33%;\nmax-width:45%;\n}\n.hr.av-6e19t-3d4e8db73c42f850c0c2b746cd5c5b38 .av-seperator-icon{\ncolor:#f91111;\n}\n<\/style>\n<div  class='hr av-6e19t-3d4e8db73c42f850c0c2b746cd5c5b38 hr-custom  avia-builder-el-6  el_after_av_textblock  avia-builder-el-last  hr-center hr-icon-yes'><span class='hr-inner inner-border-av-border-fat'><span class=\"hr-inner-style\"><\/span><\/span><span class='av-seperator-icon' aria-hidden='true' data-av_icon='\ue83e' data-av_iconfont='entypo-fontello'><\/span><span class='hr-inner inner-border-av-border-fat'><span class=\"hr-inner-style\"><\/span><\/span><\/div><\/p><\/div>\n\n<style type=\"text\/css\" data-created_by=\"avia_inline_auto\" id=\"style-css-av-5tcd5-d584884376da65256db30f3e7cc57be6\">\n#top .hr.hr-invisible.av-5tcd5-d584884376da65256db30f3e7cc57be6{\nheight:50px;\n}\n<\/style>\n<div  class='hr av-5tcd5-d584884376da65256db30f3e7cc57be6 hr-invisible  avia-builder-el-7  el_after_av_one_full  el_before_av_two_third '><span class='hr-inner '><span class=\"hr-inner-style\"><\/span><\/span><\/div>\n<div class='flex_column_table av-56mjh-1c936b36464024d42ee9f733f8974768 sc-av_two_third av-equal-height-column-flextable'>\n<style type=\"text\/css\" data-created_by=\"avia_inline_auto\" id=\"style-css-av-56mjh-1c936b36464024d42ee9f733f8974768\">\n.flex_column.av-56mjh-1c936b36464024d42ee9f733f8974768{\nborder-radius:0px 0px 0px 0px;\npadding:0px 0px 0px 0px;\n}\n<\/style>\n<div  class='flex_column av-56mjh-1c936b36464024d42ee9f733f8974768 av_two_third  avia-builder-el-8  el_after_av_hr  el_before_av_one_third  first flex_column_table_cell av-equal-height-column av-align-top av-zero-column-padding  '     ><p><div  class='hr av-41s8x-62376c8e58bbcbd16a417b6ba5af9b97 hr-short  avia-builder-el-9  el_before_av_textblock  avia-builder-el-first  hr-center'><span class='hr-inner '><span class=\"hr-inner-style\"><\/span><\/span><\/div><br \/>\n<section  class='av_textblock_section av-3gkwd-c03e691bc4127fb18a5ac5ee5de3d0d9 '   itemscope=\"itemscope\" itemtype=\"https:\/\/schema.org\/CreativeWork\" ><div class='avia_textblock'  itemprop=\"text\" ><p><strong>Les paiements se font avant l&rsquo;envoi du colis<\/strong><\/p>\n<p>&#8211;<strong>Par ch\u00e8que<\/strong>, vous pouvez m&rsquo;envoyer le <span style=\"text-decoration: underline;\">ch\u00e8que \u00e0 l&rsquo;ordre de Thomas Goulpeau<\/span> (adresse sur la<a title=\"Contact\" href=\"http:\/\/www.chikudo-bamboo-flutes.com\/contact\/\"> page contact<\/a>) d\u00e8s que la commande est pass\u00e9e.<\/p>\n<p>Je n&rsquo;encaisserai ce ch\u00e8que qu&rsquo;une fois que vous aurez re\u00e7u votre instrument.<\/p>\n<p>&#8211;<strong>Par virement<\/strong>, je vous envoie un RIB d\u00e8s que la flute est pr\u00eate \u00e0 l&rsquo;envoi.<\/p>\n<p>&#8211;<strong>Par Paypal<\/strong>, pr\u00e9voir un suppl\u00e9ment de frais PP.<\/p>\n<p>J&rsquo;envoie, une fois le paiement re\u00e7u, l&rsquo;instrument par colissimo postal (livr\u00e9, en Fance, sous 48h).<\/p>\n<p><strong>Possibilit\u00e9 de facturation sur demande<\/strong>.<\/p>\n<\/div><\/section><\/p><\/div><div class='av-flex-placeholder'><\/div>\n<style type=\"text\/css\" data-created_by=\"avia_inline_auto\" id=\"style-css-av-2x9ol-673d1494cec67073f63a66f293aa4aa3\">\n.flex_column.av-2x9ol-673d1494cec67073f63a66f293aa4aa3{\nborder-width:1px;\nborder-color:#80442a;\nborder-style:solid;\nborder-radius:5px 5px 5px 5px;\npadding:15px 10px 15px 10px;\nbackground:url(https:\/\/www.chikudo-bamboo-flutes.com\/wp-content\/uploads\/2016\/06\/texture-kraft-transparent-1.png) 0% 0% no-repeat scroll ;\n}\n<\/style>\n<div  class='flex_column av-2x9ol-673d1494cec67073f63a66f293aa4aa3 av_one_third  avia-builder-el-11  el_after_av_two_third  avia-builder-el-last  flex_column_table_cell av-equal-height-column av-align-top  '     ><p>\n<style type=\"text\/css\" data-created_by=\"avia_inline_auto\" id=\"style-css-av-249e5-6d2bec4f8d53ff788046171fd39b2fa4\">\n#top .hr.av-249e5-6d2bec4f8d53ff788046171fd39b2fa4{\nmargin-top:5px;\nmargin-bottom:5px;\n}\n.hr.av-249e5-6d2bec4f8d53ff788046171fd39b2fa4 .hr-inner{\nwidth:40px;\nborder-color:#80442a;\nmax-width:45%;\n}\n.hr.av-249e5-6d2bec4f8d53ff788046171fd39b2fa4 .av-seperator-icon{\ncolor:#246604;\n}\n<\/style>\n<div  class='hr av-249e5-6d2bec4f8d53ff788046171fd39b2fa4 hr-custom  avia-builder-el-12  el_before_av_icon_box  avia-builder-el-first  hr-center hr-icon-yes'><span class='hr-inner inner-border-av-border-fat'><span class=\"hr-inner-style\"><\/span><\/span><span class='av-seperator-icon' aria-hidden='true' data-av_icon='\ue8b8' data-av_iconfont='entypo-fontello'><\/span><span class='hr-inner inner-border-av-border-fat'><span class=\"hr-inner-style\"><\/span><\/span><\/div><br \/>\n<article  class='iconbox iconbox_left av-1mgq9-c8d3c4a9f65e32bbecb143a3cdecc4df  avia-builder-el-13  el_after_av_hr  el_before_av_hr '  itemscope=\"itemscope\" itemtype=\"https:\/\/schema.org\/CreativeWork\" ><div class=\"iconbox_content\"><header class=\"entry-content-header\" aria-label=\"Icon: Frais de port\"><div class=\"iconbox_icon heading-color\" aria-hidden='true' data-av_icon='\ue805' data-av_iconfont='entypo-fontello'><\/div><h3 class='iconbox_content_title '  itemprop=\"headline\" >Frais de port<\/h3><\/header><div class='iconbox_content_container '  itemprop=\"text\" ><p>Les colis sont envoy\u00e9s par <strong>Colissimo<\/strong> postal.<br \/>\nles colis sont syst\u00e9matiquement assur\u00e9s<br \/>\net poss\u00e8dent un num\u00e9ro de suivi.<\/p>\n<p><strong>-envoi en France m\u00e9tropolitaine : 15\u20ac<\/strong><br \/>\n<strong> -envoi en Europe : 20\u20ac<\/strong><\/p>\n<p>Pour les envois en dehors d\u2019Europe, les prix varient entre 20 et 40 EUR selon les destinations et le poids du colis.<br \/>\nPour les envois avec une assurance au-del\u00e0 de 1000\u20ac les tarifs varient en fonction de la destination.<\/p>\n<\/div><\/div><footer class=\"entry-footer\"><\/footer><\/article><br \/>\n\n<style type=\"text\/css\" data-created_by=\"avia_inline_auto\" id=\"style-css-av-13wd5-d18e30ddaa2320359bdf0a266595be0a\">\n#top .hr.av-13wd5-d18e30ddaa2320359bdf0a266595be0a{\nmargin-top:5px;\nmargin-bottom:5px;\n}\n.hr.av-13wd5-d18e30ddaa2320359bdf0a266595be0a .hr-inner{\nwidth:40px;\nborder-color:#80442a;\nmax-width:45%;\n}\n.hr.av-13wd5-d18e30ddaa2320359bdf0a266595be0a .av-seperator-icon{\ncolor:#246604;\n}\n<\/style>\n<div  class='hr av-13wd5-d18e30ddaa2320359bdf0a266595be0a hr-custom  avia-builder-el-14  el_after_av_icon_box  avia-builder-el-last  hr-center hr-icon-yes'><span class='hr-inner inner-border-av-border-fat'><span class=\"hr-inner-style\"><\/span><\/span><span class='av-seperator-icon' aria-hidden='true' data-av_icon='\ue8b8' data-av_iconfont='entypo-fontello'><\/span><span class='hr-inner inner-border-av-border-fat'><span class=\"hr-inner-style\"><\/span><\/span><\/div><\/p><\/div><\/div><!--close column table wrapper. Autoclose: 1 --><\/p>\n","protected":false},"excerpt":{"rendered":"","protected":false},"author":1,"featured_media":0,"parent":1017,"menu_order":0,"comment_status":"open","ping_status":"open","template":"","meta":{"footnotes":""},"class_list":["post-29","page","type-page","status-publish","hentry"],"_links":{"self":[{"href":"https:\/\/www.chikudo-bamboo-flutes.com\/fr\/wp-json\/wp\/v2\/pages\/29","targetHints":{"allow":["GET"]}}],"collection":[{"href":"https:\/\/www.chikudo-bamboo-flutes.com\/fr\/wp-json\/wp\/v2\/pages"}],"about":[{"href":"https:\/\/www.chikudo-bamboo-flutes.com\/fr\/wp-json\/wp\/v2\/types\/page"}],"author":[{"embeddable":true,"href":"https:\/\/www.chikudo-bamboo-flutes.com\/fr\/wp-json\/wp\/v2\/users\/1"}],"replies":[{"embeddable":true,"href":"https:\/\/www.chikudo-bamboo-flutes.com\/fr\/wp-json\/wp\/v2\/comments?post=29"}],"version-history":[{"count":23,"href":"https:\/\/www.chikudo-bamboo-flutes.com\/fr\/wp-json\/wp\/v2\/pages\/29\/revisions"}],"predecessor-version":[{"id":2891,"href":"https:\/\/www.chikudo-bamboo-flutes.com\/fr\/wp-json\/wp\/v2\/pages\/29\/revisions\/2891"}],"up":[{"embeddable":true,"href":"https:\/\/www.chikudo-bamboo-flutes.com\/fr\/wp-json\/wp\/v2\/pages\/1017"}],"wp:attachment":[{"href":"https:\/\/www.chikudo-bamboo-flutes.com\/fr\/wp-json\/wp\/v2\/media?parent=29"}],"curies":[{"name":"wp","href":"https:\/\/api.w.org\/{rel}","templated":true}]}}