{"id":33,"date":"2014-07-26T14:40:31","date_gmt":"2014-07-26T13:40:31","guid":{"rendered":"http:\/\/www.chikudo-bamboo-flutes.com\/?page_id=33"},"modified":"2018-06-14T11:41:52","modified_gmt":"2018-06-14T10:41:52","slug":"liens","status":"publish","type":"page","link":"https:\/\/www.chikudo-bamboo-flutes.com\/fr\/atelier\/liens\/","title":{"rendered":"Liens"},"content":{"rendered":"\n<style type=\"text\/css\" data-created_by=\"avia_inline_auto\" id=\"style-css-av-av_one_full-6126cab7d8fab8d08143dd2dacdf673c\">\n.flex_column.av-av_one_full-6126cab7d8fab8d08143dd2dacdf673c{\nborder-radius:0px 0px 0px 0px;\npadding:0px 0px 0px 0px;\n}\n<\/style>\n<div  class='flex_column av-av_one_full-6126cab7d8fab8d08143dd2dacdf673c av_one_full  avia-builder-el-0  el_before_av_one_fourth  avia-builder-el-first  first flex_column_div av-zero-column-padding  '     ><p>\n<style type=\"text\/css\" data-created_by=\"avia_inline_auto\" id=\"style-css-av-av_heading-0e66abc8e8d512611484a08e73b0c48c\">\n#top .av-special-heading.av-av_heading-0e66abc8e8d512611484a08e73b0c48c{\npadding-bottom:10px;\n}\nbody .av-special-heading.av-av_heading-0e66abc8e8d512611484a08e73b0c48c .av-special-heading-tag .heading-char{\nfont-size:25px;\n}\n.av-special-heading.av-av_heading-0e66abc8e8d512611484a08e73b0c48c .av-subheading{\nfont-size:15px;\n}\n<\/style>\n<div  class='av-special-heading av-av_heading-0e66abc8e8d512611484a08e73b0c48c av-special-heading-h1 blockquote classic-quote  avia-builder-el-1  el_before_av_image  avia-builder-el-first '><h1 class='av-special-heading-tag '  itemprop=\"headline\"  >Liens<\/h1><div class=\"special-heading-border\"><div class=\"special-heading-inner-border\"><\/div><\/div><\/div><br \/>\n\n<style type=\"text\/css\" data-created_by=\"avia_inline_auto\" id=\"style-css-av-av_image-7ded83e64218d3fb4e097fd6a3ac7361\">\n.avia-image-container.av-av_image-7ded83e64218d3fb4e097fd6a3ac7361 img.avia_image{\nbox-shadow:none;\n}\n.avia-image-container.av-av_image-7ded83e64218d3fb4e097fd6a3ac7361 .av-image-caption-overlay-center{\ncolor:#ffffff;\n}\n<\/style>\n<div  class='avia-image-container av-av_image-7ded83e64218d3fb4e097fd6a3ac7361 av-styling- avia-align-center  avia-builder-el-2  el_after_av_heading  avia-builder-el-last '   itemprop=\"image\" itemscope=\"itemscope\" itemtype=\"https:\/\/schema.org\/ImageObject\" ><div class=\"avia-image-container-inner\"><div class=\"avia-image-overlay-wrap\"><img decoding=\"async\" fetchpriority=\"high\" class='wp-image-1148 avia-img-lazy-loading-not-1148 avia_image ' src=\"https:\/\/www.chikudo-bamboo-flutes.com\/wp-content\/uploads\/2016\/06\/trait-pinceau-hz.png\" alt='' title='trait-pinceau-hz'  height=\"108\" width=\"1500\"  itemprop=\"thumbnailUrl\" srcset=\"https:\/\/www.chikudo-bamboo-flutes.com\/wp-content\/uploads\/2016\/06\/trait-pinceau-hz.png 1500w, https:\/\/www.chikudo-bamboo-flutes.com\/wp-content\/uploads\/2016\/06\/trait-pinceau-hz-400x29.png 400w, https:\/\/www.chikudo-bamboo-flutes.com\/wp-content\/uploads\/2016\/06\/trait-pinceau-hz-768x55.png 768w, https:\/\/www.chikudo-bamboo-flutes.com\/wp-content\/uploads\/2016\/06\/trait-pinceau-hz-800x58.png 800w, https:\/\/www.chikudo-bamboo-flutes.com\/wp-content\/uploads\/2016\/06\/trait-pinceau-hz-705x51.png 705w, https:\/\/www.chikudo-bamboo-flutes.com\/wp-content\/uploads\/2016\/06\/trait-pinceau-hz-450x32.png 450w\" sizes=\"(max-width: 1500px) 100vw, 1500px\" \/><\/div><\/div><\/div><\/p><\/div>\n<div  class='flex_column av-av_one_fourth-2a9015ff38129c418a3f2eafba3e9512 av_one_fourth  avia-builder-el-3  el_after_av_one_full  el_before_av_one_half  first flex_column_div  column-top-margin'     ><\/div>\n\n<style type=\"text\/css\" data-created_by=\"avia_inline_auto\" id=\"style-css-av-av_one_half-2a64de42b738552fe666ca889af77e28\">\n.flex_column.av-av_one_half-2a64de42b738552fe666ca889af77e28{\nborder-radius:0px 0px 0px 0px;\npadding:0px 0px 0px 0px;\n}\n<\/style>\n<div  class='flex_column av-av_one_half-2a64de42b738552fe666ca889af77e28 av_one_half  avia-builder-el-4  el_after_av_one_fourth  el_before_av_one_fourth  flex_column_div av-zero-column-padding  column-top-margin'     ><p><div  class='hr av-av_hr-c69e1af1bad63c3964cc522caf796498 hr-short  avia-builder-el-5  el_before_av_toggle_container  avia-builder-el-first  hr-center'><span class='hr-inner '><span class=\"hr-inner-style\"><\/span><\/span><\/div><br \/>\n<div  class='togglecontainer av-av_toggle_container-3db3bf9baa9aa7fee59103dfaf5a6e4b  avia-builder-el-6  el_after_av_hr  el_before_av_hr  toggle_close_all' >\n<section class='av_toggle_section av-av_toggle-956ecd2f06560df7a94e92d093eb4afe'  itemscope=\"itemscope\" itemtype=\"https:\/\/schema.org\/CreativeWork\" ><div role=\"tablist\" class=\"single_toggle\" data-tags=\"{Tout} \"  ><p id='toggle-toggle-id-1' data-fake-id='#toggle-id-1' class='toggler  av-title-above '  itemprop=\"headline\"  role='tab' tabindex='0' aria-controls='toggle-id-1' data-slide-speed=\"200\" data-title=\"Shakuhachi\" data-title-open=\"\" data-aria_collapsed=\"Click to expand: Shakuhachi\" data-aria_expanded=\"Click to collapse: Shakuhachi\">Shakuhachi<span class=\"toggle_icon\"><span class=\"vert_icon\"><\/span><span class=\"hor_icon\"><\/span><\/span><\/p><div id='toggle-id-1' aria-labelledby='toggle-toggle-id-1' role='region' class='toggle_wrap  av-title-above'  ><div class='toggle_content invers-color '  itemprop=\"text\" ><h3>R\u00e9seaux :<\/h3>\n<p><a href=\"http:\/\/www.komuso.com\/top\/index.pl\" target=\"_blank\" rel=\"noopener\">International Shakuhachi Society<\/a><\/p>\n<p><a href=\"http:\/\/shakuhachisociety.eu\/\" target=\"_blank\" rel=\"noopener\">European Shakuhachi Society<\/a><\/p>\n<p><a href=\"http:\/\/nipponicom.com\/shakuhachi\/index.php?ChikumeishaEU\" target=\"_blank\" rel=\"noopener\">Chikumeisha Europe<\/a><\/p>\n<p><a href=\"https:\/\/kskeurope.wordpress.com\/\" target=\"_blank\" rel=\"noopener\">KSK Europe<\/a><\/p>\n<p><a href=\"http:\/\/www.shintozanryu-france.com\/\">Shin Tozan Ryu France<\/a><\/p>\n<p><a href=\"http:\/\/www.shakuhachi.fr\/\">La Voie du Bambou<\/a><\/p>\n<h3>Enseignants :<\/h3>\n<h4>Kinko :<\/h4>\n<p><a href=\"http:\/\/www.nipponicom.com\" target=\"_blank\" rel=\"noopener\">Gunnar Jinmei Linder<\/a> (CHIKUMEISHA) &#8211; Su\u00e8de et France<\/p>\n<p><a href=\"http:\/\/www.veroniquepiron.com\/\">V\u00e9ronique Piron<\/a> (KSK) &#8211; France et Belgique<\/p>\n<p><a href=\"http:\/\/www.shakuhachi.fr\/\">Daniel Liefermann<\/a> &#8211; <em>Hijiri-Kai<\/em> \u00ab\u00a0Sainte \u00e9cole\u00a0\u00bb (Teruhisa Fukuda) &#8211; France<\/p>\n<p><a href=\"https:\/\/hijirishakuhachi.com\/about\/\" target=\"_blank\" rel=\"noopener\">H\u00e9l\u00e8ne SEIYU Codjo<\/a> &#8211; (<em>Hijiri-Kay<\/em>) &#8211; Pays Bas (cours en fran\u00e7ais sur Skype)<\/p>\n<p><a href=\"https:\/\/soumeishakuhachi.wordpress.com\/\">Michael Coxall<\/a> (Chikumeisha) &#8211; Angleterre<\/p>\n<p><a href=\"http:\/\/www.shakuhachi.es\" target=\"_blank\" rel=\"noopener\">Horacio Curti<\/a>\u00a0 (KSK) &#8211; Espagne<\/p>\n<p><a href=\"http:\/\/www.kikuday.com\" target=\"_blank\" rel=\"noopener\">Kiku Day<\/a> (Zensabo) &#8211; Danemark<\/p>\n<p><a href=\"http:\/\/www.bambusherz.de\" target=\"_blank\" rel=\"noopener\">Jim Franklin<\/a>\u00a0 (KSK) &#8211; Allemagne<\/p>\n<h4>Tozan :<\/h4>\n<p><a href=\"http:\/\/www.flute-shakuhachi.com\/flute-shakuhachi\/Accueil.html\" target=\"_blank\" rel=\"noopener\">Jean Fran\u00e7ois Lagrost<\/a> &#8211; Paris<\/p>\n<p><a href=\"http:\/\/www.shintozanryu-france.com\/shintozanryufrance\/sozan.html\" target=\"_blank\" rel=\"noopener\">Sozan Kariya<\/a> &#8211; Paris<\/p>\n<p><a href=\"http:\/\/shakuhachitozan91.e-monsite.com\/\" target=\"_blank\" rel=\"noopener\">Christophe Gaston<\/a> &#8211; Paris<\/p>\n<\/div><\/div><\/div><\/section>\n<section class='av_toggle_section av-av_toggle-1c4c240deab3f2e88598a244e89abd84'  itemscope=\"itemscope\" itemtype=\"https:\/\/schema.org\/CreativeWork\" ><div role=\"tablist\" class=\"single_toggle\" data-tags=\"{Tout} \"  ><p id='toggle-toggle-id-2' data-fake-id='#toggle-id-2' class='toggler  av-title-above '  itemprop=\"headline\"  role='tab' tabindex='0' aria-controls='toggle-id-2' data-slide-speed=\"200\" data-title=\"Les facteurs de flutes\" data-title-open=\"\" data-aria_collapsed=\"Click to expand: Les facteurs de flutes\" data-aria_expanded=\"Click to collapse: Les facteurs de flutes\">Les facteurs de flutes<span class=\"toggle_icon\"><span class=\"vert_icon\"><\/span><span class=\"hor_icon\"><\/span><\/span><\/p><div id='toggle-id-2' aria-labelledby='toggle-toggle-id-2' role='region' class='toggle_wrap  av-title-above'  ><div class='toggle_content invers-color '  itemprop=\"text\" ><h3>Shakuhachis :<\/h3>\n<p><a href=\"http:\/\/www.shakuhachi.com\/\" target=\"_blank\" rel=\"noopener\">-Monty H. Levenson<\/a><br \/>\n<a href=\"http:\/\/www.yungflutes.com\/\/\" target=\"_blank\" rel=\"noopener\">-Yung Flutes<\/a><br \/>\n<a href=\"http:\/\/www.mujitsu.com\/\" target=\"_blank\" rel=\"noopener\">-Mujitsu Shakuhachis<\/a><br \/>\n&#8211;<a href=\"http:\/\/bamboushakuhachi.blog4ever.com\/\">Jean-luc Peihlon<\/a><\/p>\n<h3>En Bambou<\/h3>\n<p><a href=\"http:\/\/www.eriktheflutemaker.com\/\" target=\"_blank\" rel=\"noopener\">&#8211; Erik the flutemaker<\/a><br \/>\n<a href=\"http:\/\/www.bamboosaxcreation.com\/\" target=\"_blank\" rel=\"noopener\">&#8211; Julien Meissl<\/a><br \/>\n<a href=\"http:\/\/www.unmundodebambu.com.ar\/\" target=\"_blank\" rel=\"noopener\">&#8211; Un Mundo de Bambu<\/a><\/p>\n<h3><strong>Autres<\/strong><\/h3>\n<p><a href=\"http:\/\/notedafrique.wordpress.com\/les-flutes-peuls\/\" target=\"_blank\" rel=\"noopener\">Samuel Lares<\/a><br \/>\nMon ami Sam fait les Flutes Peuhles, Koras et N&rsquo;gonis<br \/>\n<a href=\"http:\/\/www.maxbrumbergflutes.eu\/\" target=\"_blank\" rel=\"noopener\"> Max Brumberg<\/a><br \/>\nMon ami Max facteur de Flutes en Sureau; harmoniques, Fujaras, doubles&#8230;<br \/>\n<a href=\"http:\/\/lucasfovetflutes.fr\/\" target=\"_blank\" rel=\"noopener\">Lucas Fovet<\/a><br \/>\nLucas fabrique en Ari\u00e8ge de belles flutes traversi\u00e8res et obliques en bambou, roseaux et sureau<br \/>\n<a href=\"http:\/\/www.atelier-eo.com\/\" target=\"_blank\" rel=\"noopener\">Atelier EO<\/a><br \/>\nJean-Philippe Minchin est un ami luthier qui r\u00e9alise de nombreux instruments traditionnels<br \/>\n<a href=\"http:\/\/www.jeff-barbe.fr\/\">Jeff Barbe<\/a><br \/>\nFlutes en bambou, sureau, os et cornes (Ard\u00e8che)<br \/>\n<a href=\"http:\/\/www.elbock.fr\/fr\/index.html\" target=\"_blank\" rel=\"noopener\">El Bock<\/a><br \/>\nJean daniel Talma est Fluthier Populaire, ancien \u00e9l\u00e8ve de Jeff Barbe<br \/>\n<a href=\"http:\/\/www.flutesbaroques.com\/\">Pierre Etchegoyen<\/a><br \/>\nFacteur de flutes baroques et qu\u00e9nas<\/p>\n<h3>Revente<\/h3>\n<p><a href=\"http:\/\/tradyson.free.fr\/\" target=\"_blank\" rel=\"noopener\">TradySon<\/a><br \/>\n: Vente d&rsquo;Instruments de musique du monde<br \/>\n<a href=\"http:\/\/www.pick-et-boch.com\/\" target=\"_blank\" rel=\"noopener\">Pick et Boch<\/a><br \/>\n: Magasien d&rsquo;instruments du monde \u00e0 Lyon<br \/>\n<a href=\"http:\/\/www.djoliba.com\/\" target=\"_blank\" rel=\"noopener\">Djoliba<\/a><br \/>\n: djoliba , instruments de musique traditionnelle<\/p>\n<\/div><\/div><\/div><\/section>\n<section class='av_toggle_section av-av_toggle-1bddb473bb3a824a93faa756080171f2'  itemscope=\"itemscope\" itemtype=\"https:\/\/schema.org\/CreativeWork\" ><div role=\"tablist\" class=\"single_toggle\" data-tags=\"{Tout} \"  ><p id='toggle-toggle-id-3' data-fake-id='#toggle-id-3' class='toggler  av-title-above '  itemprop=\"headline\"  role='tab' tabindex='0' aria-controls='toggle-id-3' data-slide-speed=\"200\" data-title=\"Autres flutes\" data-title-open=\"\" data-aria_collapsed=\"Click to expand: Autres flutes\" data-aria_expanded=\"Click to collapse: Autres flutes\">Autres flutes<span class=\"toggle_icon\"><span class=\"vert_icon\"><\/span><span class=\"hor_icon\"><\/span><\/span><\/p><div id='toggle-id-3' aria-labelledby='toggle-toggle-id-3' role='region' class='toggle_wrap  av-title-above'  ><div class='toggle_content invers-color '  itemprop=\"text\" ><h3>G\u00c9N\u00c9RAL<\/h3>\n<p><a href=\"http:\/\/fr.wikipedia.org\/wiki\/Fl%C3%BBte\" target=\"_blank\" rel=\"noopener\">Les flutes sur wikip\u00e9dia<\/a><\/p>\n<p><a href=\"http:\/\/www.ethnomusicologie.net\/eo6.htm\" target=\"_blank\" rel=\"noopener\">&#8211; Typologie des flutes<\/a><\/p>\n<p><a href=\"http:\/\/jeanluc.matte.free.fr\/articles\/typologie\/becsflute.htm\" target=\"_blank\" rel=\"noopener\">&#8211; Typologie des instruments \u00e0 vent<\/a><\/p>\n<p><a href=\"http:\/\/flutes-de-bambou.com\/\" target=\"_blank\" rel=\"noopener\">-La guilde fan\u00e7aise des Flutes en Bambou<\/a><\/p>\n<h3>LE BANSURI<\/h3>\n<p><a href=\"http:\/\/www.knowyourraga.com\/\" target=\"_blank\" rel=\"noopener\">Knowyourraga.com<\/a><br \/>\n(en anglais)<\/p>\n<h3>LE KAVAL<\/h3>\n<p><a href=\"http:\/\/www.kaval.org\/\" target=\"_blank\" rel=\"noopener\">&#8211; Kaval Bulgare et Caval Roumain<\/a><br \/>\nLe site d&rsquo;Isabelle Courroy joueuse renomm\u00e9 de Kaval<br \/>\n<a href=\"http:\/\/www.robertsnider.com\/Kavals\/\" target=\"_blank\" rel=\"noopener\">&#8211; Le Kaval<\/a><br \/>\nflute oblique bulgare grecque et balkanique (en anglais)<\/p>\n<p><a href=\"http:\/\/outchakaval.blogspot.fr\/\" target=\"_blank\" rel=\"noopener\">-Blog<\/a> pour apprendre le Kaval<\/p>\n<h3>Autres<\/h3>\n<p><a href=\"http:\/\/www.fujara.sk\/\" target=\"_blank\" rel=\"noopener\">-La Fujara<\/a><br \/>\nLe site Slovaque de cet instrument incroyable (en anglais)<\/p>\n<p><a href=\"http:\/\/www.ksanti.net\/free-reed\/history\/sheng.html\" target=\"_blank\" rel=\"noopener\">&#8211; Les flutes Asiatiques<\/a><br \/>\nLes flutes \u00e0 anches libres d&rsquo;asie (tr\u00e8s complet; en anglais)<\/p>\n<\/div><\/div><\/div><\/section>\n<section class='av_toggle_section av-av_toggle-f27cbec2ac3564230ae4813629acd2e0'  itemscope=\"itemscope\" itemtype=\"https:\/\/schema.org\/CreativeWork\" ><div role=\"tablist\" class=\"single_toggle\" data-tags=\"{Tout} \"  ><p id='toggle-toggle-id-4' data-fake-id='#toggle-id-4' class='toggler  av-title-above '  itemprop=\"headline\"  role='tab' tabindex='0' aria-controls='toggle-id-4' data-slide-speed=\"200\" data-title=\"La fabrication de flutes\" data-title-open=\"\" data-aria_collapsed=\"Click to expand: La fabrication de flutes\" data-aria_expanded=\"Click to collapse: La fabrication de flutes\">La fabrication de flutes<span class=\"toggle_icon\"><span class=\"vert_icon\"><\/span><span class=\"hor_icon\"><\/span><\/span><\/p><div id='toggle-id-4' aria-labelledby='toggle-toggle-id-4' role='region' class='toggle_wrap  av-title-above'  ><div class='toggle_content invers-color '  itemprop=\"text\" ><p><a href=\"http:\/\/www.vents-sauvages.fr\/-Roseaux-et-bambous-\" target=\"_blank\" rel=\"noopener\">&#8211; Les vents sauvages d&rsquo;Eric<\/a><br \/>\n: exp\u00e9rimentateur pataphonien, il \u00e0 r\u00e9alis\u00e9 des clarinettes et saxs en bambou. son site est une mine d&rsquo;information sur les r\u00eagles d&rsquo;accoustique.<br \/>\n<a href=\"http:\/\/www.shakuhachi.com\/L-FluteMaking.html\" target=\"_blank\" rel=\"noopener\">&#8211; flute making links :<\/a><br \/>\nune s\u00e9rie de liens en anglais tr\u00e8s interessants avec notement un lien vers un programe de calcul de placement de trous.<br \/>\n<a href=\"http:\/\/www.flute-a-bec.com\/fabrication.html\" target=\"_blank\" rel=\"noopener\">&#8211; fabrication d&rsquo;une flute \u00e0 bec<\/a><br \/>\npar Philipe Bolton<br \/>\n<a href=\"http:\/\/www.shakuhachi.com\/TOC-CM.html\" target=\"_blank\" rel=\"noopener\">&#8211; Des livres sur la fabrication de flutes<\/a><br \/>\n(en anglais)<br \/>\n<a href=\"http:\/\/www.shakuhachizen.com\/making.html\" target=\"_blank\" rel=\"noopener\">Shakuhachi Making<\/a><br \/>\n(en Anglais)<br \/>\n<a href=\"http:\/\/www.mujitsu.com\/howtomakeshakuhachi.pdf\" target=\"_blank\" rel=\"noopener\">Making Shakuhachi<\/a><br \/>\n: document en pdf (en Anglais)<\/p>\n<\/div><\/div><\/div><\/section>\n<section class='av_toggle_section av-av_toggle-d4493444d428d0823bbd8cc427a0145f'  itemscope=\"itemscope\" itemtype=\"https:\/\/schema.org\/CreativeWork\" ><div role=\"tablist\" class=\"single_toggle\" data-tags=\"{Tout} \"  ><p id='toggle-toggle-id-5' data-fake-id='#toggle-id-5' class='toggler  av-title-above '  itemprop=\"headline\"  role='tab' tabindex='0' aria-controls='toggle-id-5' data-slide-speed=\"200\" data-title=\"Autour du Bambou\" data-title-open=\"\" data-aria_collapsed=\"Click to expand: Autour du Bambou\" data-aria_expanded=\"Click to collapse: Autour du Bambou\">Autour du Bambou<span class=\"toggle_icon\"><span class=\"vert_icon\"><\/span><span class=\"hor_icon\"><\/span><\/span><\/p><div id='toggle-id-5' aria-labelledby='toggle-toggle-id-5' role='region' class='toggle_wrap  av-title-above'  ><div class='toggle_content invers-color '  itemprop=\"text\" ><p><a href=\"http:\/\/www.aebfrance.com\/\" target=\"_blank\" rel=\"noopener\">L&rsquo;AEB<\/a><br \/>\n: association europ\u00e9enne du bambou et son forum<\/p>\n<p><a href=\"http:\/\/planbuisson.com\/\" target=\"_blank\" rel=\"noopener\">La bambouseraie de plan buisson en Dordogne<\/a><\/p>\n<p><a href=\"http:\/\/www.bambouseraie.com\/\" target=\"_blank\" rel=\"noopener\">La bambouseraie d&rsquo;anduze<\/a><br \/>\n: plus grande bambouseraie d&rsquo;Europe au pied des cevennes<br \/>\n<a href=\"http:\/\/www.bamboocraft.net\/\" target=\"_blank\" rel=\"noopener\">Bamboocraft.net<\/a><br \/>\n: un super site (en anglais) dont un forum avec une partie sur les instruments de musique en bambou<br \/>\n<a href=\"http:\/\/bambouctou.wixsite.com\/bambouctou\" target=\"_blank\" rel=\"noopener\">Bambouctou<\/a><br \/>\nstructures tentes et chapiteaux en bambou &#8211; made in France<br \/>\n<a href=\"http:\/\/odcfutur.free.fr\/liens.htm\" target=\"_blank\" rel=\"noopener\">Liens Bambous<\/a><br \/>\n: pleins de liens!<br \/>\n<a href=\"http:\/\/www.paquereau-blanchier.com\/\" target=\"_blank\" rel=\"noopener\">P\u00e9pini\u00e8res Paquereau Blanchier<\/a><br \/>\n: Pepini\u00e8re de bambous en Vend\u00e9e<br \/>\n<a href=\"https:\/\/www.ted.com\/talks\/elora_hardy_magical_houses_made_of_bamboo?language=fr\" target=\"_blank\" rel=\"noopener\">R\u00eaves de constructions en bambou<\/a><br \/>\nArchitectures \u00e0 Bali<br \/>\n<a href=\"http:\/\/www.bamboo-orchestra.com\/\" target=\"_blank\" rel=\"noopener\">Bamboo Orchestra<\/a><br \/>\n: Un ensemble d&rsquo;instruments de bambou \u00e0 Marseille<br \/>\n<a href=\"http:\/\/bamboobicycleclub.org\/\" target=\"_blank\" rel=\"noopener\">Bamboo Bicycle club<\/a><br \/>\nfabriquez votre v\u00e9lo en bambou \u00e0 Londres.<\/p>\n<\/div><\/div><\/div><\/section>\n<section class='av_toggle_section av-av_toggle-d86d554422432cb5eb3a57ecf9aab631'  itemscope=\"itemscope\" itemtype=\"https:\/\/schema.org\/CreativeWork\" ><div role=\"tablist\" class=\"single_toggle\" data-tags=\"{Tout} \"  ><p id='toggle-toggle-id-6' data-fake-id='#toggle-id-6' class='toggler  av-title-above '  itemprop=\"headline\"  role='tab' tabindex='0' aria-controls='toggle-id-6' data-slide-speed=\"200\" data-title=\"Liens copains\" data-title-open=\"\" data-aria_collapsed=\"Click to expand: Liens copains\" data-aria_expanded=\"Click to collapse: Liens copains\">Liens copains<span class=\"toggle_icon\"><span class=\"vert_icon\"><\/span><span class=\"hor_icon\"><\/span><\/span><\/p><div id='toggle-id-6' aria-labelledby='toggle-toggle-id-6' role='region' class='toggle_wrap  av-title-above'  ><div class='toggle_content invers-color '  itemprop=\"text\" ><p><a href=\"http:\/\/www.sacoches-velo.com\/\" target=\"blank\">-Sacacycle<\/a><br \/>\n: Ir\u00e8ne fabrique des belles sacoches de v\u00e9lo en toile coton imperm\u00e9able et cuir<br \/>\n<a href=\"http:\/\/www.viellestraunecker.com\/\" target=\"_blank\" rel=\"noopener\">Joel Traunecker<\/a><br \/>\nFabrication de vielles \u00e0 roue<\/p>\n<\/div><\/div><\/div><\/section>\n<\/div><br \/>\n\n<style type=\"text\/css\" data-created_by=\"avia_inline_auto\" id=\"style-css-av-av_hr-2683186cf6c434c3fdebf44adb9dc21f\">\n#top .hr.hr-invisible.av-av_hr-2683186cf6c434c3fdebf44adb9dc21f{\nheight:20px;\n}\n<\/style>\n<div  class='hr av-av_hr-2683186cf6c434c3fdebf44adb9dc21f hr-invisible  avia-builder-el-7  el_after_av_toggle_container  el_before_av_hr '><span class='hr-inner '><span class=\"hr-inner-style\"><\/span><\/span><\/div><br \/>\n<div  class='hr av-av_hr-c69e1af1bad63c3964cc522caf796498 hr-short  avia-builder-el-8  el_after_av_hr  avia-builder-el-last  hr-center'><span class='hr-inner '><span class=\"hr-inner-style\"><\/span><\/span><\/div><\/p><\/div>\n<style type=\"text\/css\" data-created_by=\"avia_inline_auto\" id=\"style-css-av-av_one_fourth-2a64de42b738552fe666ca889af77e28\">\n.flex_column.av-av_one_fourth-2a64de42b738552fe666ca889af77e28{\nborder-radius:0px 0px 0px 0px;\npadding:0px 0px 0px 0px;\n}\n<\/style>\n<div  class='flex_column av-av_one_fourth-2a64de42b738552fe666ca889af77e28 av_one_fourth  avia-builder-el-9  el_after_av_one_half  avia-builder-el-last  flex_column_div av-zero-column-padding  column-top-margin'     ><\/div><\/p>\n","protected":false},"excerpt":{"rendered":"","protected":false},"author":1,"featured_media":0,"parent":1017,"menu_order":0,"comment_status":"closed","ping_status":"open","template":"","meta":{"footnotes":""},"class_list":["post-33","page","type-page","status-publish","hentry"],"_links":{"self":[{"href":"https:\/\/www.chikudo-bamboo-flutes.com\/fr\/wp-json\/wp\/v2\/pages\/33","targetHints":{"allow":["GET"]}}],"collection":[{"href":"https:\/\/www.chikudo-bamboo-flutes.com\/fr\/wp-json\/wp\/v2\/pages"}],"about":[{"href":"https:\/\/www.chikudo-bamboo-flutes.com\/fr\/wp-json\/wp\/v2\/types\/page"}],"author":[{"embeddable":true,"href":"https:\/\/www.chikudo-bamboo-flutes.com\/fr\/wp-json\/wp\/v2\/users\/1"}],"replies":[{"embeddable":true,"href":"https:\/\/www.chikudo-bamboo-flutes.com\/fr\/wp-json\/wp\/v2\/comments?post=33"}],"version-history":[{"count":14,"href":"https:\/\/www.chikudo-bamboo-flutes.com\/fr\/wp-json\/wp\/v2\/pages\/33\/revisions"}],"predecessor-version":[{"id":2105,"href":"https:\/\/www.chikudo-bamboo-flutes.com\/fr\/wp-json\/wp\/v2\/pages\/33\/revisions\/2105"}],"up":[{"embeddable":true,"href":"https:\/\/www.chikudo-bamboo-flutes.com\/fr\/wp-json\/wp\/v2\/pages\/1017"}],"wp:attachment":[{"href":"https:\/\/www.chikudo-bamboo-flutes.com\/fr\/wp-json\/wp\/v2\/media?parent=33"}],"curies":[{"name":"wp","href":"https:\/\/api.w.org\/{rel}","templated":true}]}}