{"id":47,"date":"2014-07-26T14:54:49","date_gmt":"2014-07-26T13:54:49","guid":{"rendered":"http:\/\/www.chikudo-bamboo-flutes.com\/?page_id=47"},"modified":"2016-11-26T21:43:33","modified_gmt":"2016-11-26T20:43:33","slug":"shakuhachi","status":"publish","type":"page","link":"https:\/\/www.chikudo-bamboo-flutes.com\/fr\/shakuhachi\/","title":{"rendered":"Le Shakuhachi"},"content":{"rendered":"\n<style type=\"text\/css\" data-created_by=\"avia_inline_auto\" id=\"style-css-av-av_one_full-69c7629644e7bfc7b18df6277907a5b3\">\n.flex_column.av-av_one_full-69c7629644e7bfc7b18df6277907a5b3{\nborder-width:2px;\nborder-style:solid;\nborder-radius:10px 10px 10px 10px;\npadding:20px 20px 20px 20px;\nbackground:url(https:\/\/www.chikudo-bamboo-flutes.com\/wp-content\/uploads\/2016\/09\/texture_p_3_by_sirius_sdz.png) 0% 0% no-repeat scroll ;\n}\n<\/style>\n<div  class='flex_column av-av_one_full-69c7629644e7bfc7b18df6277907a5b3 av_one_full  avia-builder-el-0  el_before_av_submenu  avia-builder-el-no-sibling  first flex_column_div  '     ><style type=\"text\/css\" data-created_by=\"avia_inline_auto\" id=\"style-css-av-av_heading-d51ec17046f7c7624b0e97f15f516e34\">\n#top .av-special-heading.av-av_heading-d51ec17046f7c7624b0e97f15f516e34{\npadding-bottom:10px;\ncolor:#ff601c;\n}\nbody .av-special-heading.av-av_heading-d51ec17046f7c7624b0e97f15f516e34 .av-special-heading-tag .heading-char{\nfont-size:25px;\n}\n.av-special-heading.av-av_heading-d51ec17046f7c7624b0e97f15f516e34 .special-heading-inner-border{\nborder-color:#ff601c;\n}\n.av-special-heading.av-av_heading-d51ec17046f7c7624b0e97f15f516e34 .av-subheading{\nfont-size:15px;\n}\n<\/style>\n<div  class='av-special-heading av-av_heading-d51ec17046f7c7624b0e97f15f516e34 av-special-heading-h1 custom-color-heading blockquote classic-quote  avia-builder-el-1  avia-builder-el-no-sibling '><h1 class='av-special-heading-tag '  itemprop=\"headline\"  >Le Shakuhachi<\/h1><div class='av_custom_color av-subheading av-subheading_below'><p>Pr\u00e9sentation<\/p>\n<\/div><div class=\"special-heading-border\"><div class=\"special-heading-inner-border\"><\/div><\/div><\/div><\/div><\/div><\/div><\/div><!-- close content main div --><\/div><\/div><div class='clear'><\/div><div id='sub_menu1'  class='av-submenu-container av-av_submenu-b57d461ce19f80231afbc788d8557f9e main_color  avia-builder-el-2  el_after_av_one_full  el_before_av_two_third  av-sticky-submenu submenu-not-first container_wrap fullsize' style='z-index:301' ><div class='container av-menu-mobile-disabled av-submenu-pos-center'><ul id=\"menu-menu-le-shakuhachi\" class=\"av-subnav-menu\" role=\"menu\"><li role=\"menuitem\" id=\"menu-item-1246\" class=\"menu-item menu-item-type-post_type menu-item-object-page menu-item-top-level menu-item-top-level-1\"><a href=\"https:\/\/www.chikudo-bamboo-flutes.com\/fr\/shakuhachi\/shakuhachi-histoire\/\" itemprop=\"url\" tabindex=\"0\"><span class=\"avia-bullet\"><\/span><span class=\"avia-menu-text\">Histoire<\/span><span class=\"avia-menu-fx\"><span class=\"avia-arrow-wrap\"><span class=\"avia-arrow\"><\/span><\/span><\/span><\/a><\/li>\n<li role=\"menuitem\" id=\"menu-item-1247\" class=\"menu-item menu-item-type-post_type menu-item-object-page menu-item-top-level menu-item-top-level-2\"><a href=\"https:\/\/www.chikudo-bamboo-flutes.com\/fr\/shakuhachi\/jeu\/\" itemprop=\"url\" tabindex=\"0\"><span class=\"avia-bullet\"><\/span><span class=\"avia-menu-text\">Jeu<\/span><span class=\"avia-menu-fx\"><span class=\"avia-arrow-wrap\"><span class=\"avia-arrow\"><\/span><\/span><\/span><\/a><\/li>\n<\/ul><\/div><\/div><div class='sticky_placeholder'><\/div><div id='after_submenu_1'  class='main_color av_default_container_wrap container_wrap fullsize'  ><div class='container av-section-cont-open' ><div class='template-page content  av-content-full alpha units'><div class='post-entry post-entry-type-page post-entry-47'><div class='entry-content-wrapper clearfix'><\/p>\n<div  class='flex_column av-av_two_third-2a9015ff38129c418a3f2eafba3e9512 av_two_third  avia-builder-el-3  el_after_av_submenu  el_before_av_one_third  avia-builder-el-first  first flex_column_div  '     ><p><div  class='hr av-av_hr-7baa9936fe5691b53f4ae1c79d4cc23f hr-short  avia-builder-el-4  el_before_av_textblock  avia-builder-el-first  hr-left'><span class='hr-inner '><span class=\"hr-inner-style\"><\/span><\/span><\/div><br \/>\n<section  class='av_textblock_section av-av_textblock-0366cc7376be6c9e82a3e9cc8987b64f '   itemscope=\"itemscope\" itemtype=\"https:\/\/schema.org\/CreativeWork\" ><div class='avia_textblock'  itemprop=\"text\" ><p><span class='av_dropcap1 av-av_dropcap1-3cd9da5fea0ef5fb27aee617571c39a3'>L<\/span><span style=\"font-weight: normal;\"><span class=\"lang-ja\" lang=\"ja\" title=\"Japonais\">e Shakuhachi\u00a0 (<strong>\u5c3a\u516b<\/strong> en Japonais) est une <strong>flute droite \u00e0 encoche<\/strong> embl\u00e9matique de la musique Japonaise.<br \/>\n<\/span><\/span><\/p>\n<p><strong>Perc\u00e9 de 5 trous<\/strong>, le Shakuhachi est accord\u00e9 sur une <strong>gamme pentatonique<\/strong> typique des musiques asiatiques.<\/p>\n<p>Venu de Chine, en passant par la Cor\u00e9e, il s&rsquo;est d&rsquo;abord int\u00e9gr\u00e9 \u00e0 la musique de cour puis se d\u00e9veloppa au sein d&rsquo;une secte bouddhiste comme <strong>instrument de m\u00e9ditation<\/strong> avant de devenir un instrument essentiel de la musique classique Japonaise.<\/p>\n<p>Instrument riche d&rsquo;une tradition s\u00e9culaire, repr\u00e9sent\u00e9 par diff\u00e9rentes \u00e9coles, il fit son entr\u00e9e aux \u00c9tats-Unis avant de se faire connaitre en Europe o\u00f9 il jouit aujourd&rsquo;hui d&rsquo;un int\u00e9r\u00eat croissant.<\/p>\n<\/div><\/section><\/p><\/div>\n<style type=\"text\/css\" data-created_by=\"avia_inline_auto\" id=\"style-css-av-av_one_third-9c1d454dc06f7247226bc4e8f931daae\">\n.flex_column.av-av_one_third-9c1d454dc06f7247226bc4e8f931daae{\nborder-radius:0px 0px 0px 0px;\npadding:0px 0px 0px 0px;\n}\n<\/style>\n<div  class='flex_column av-av_one_third-9c1d454dc06f7247226bc4e8f931daae av_one_third  avia-builder-el-6  el_after_av_two_third  el_before_av_one_half  flex_column_div av-zero-column-padding  '     ><p>\n<style type=\"text\/css\" data-created_by=\"avia_inline_auto\" id=\"style-css-av-av_hr-b8584efad9d40bc93c17d50c901b3edc\">\n#top .hr.hr-invisible.av-av_hr-b8584efad9d40bc93c17d50c901b3edc{\nheight:80px;\n}\n<\/style>\n<div  class='hr av-av_hr-b8584efad9d40bc93c17d50c901b3edc hr-invisible  avia-builder-el-7  el_before_av_textblock  avia-builder-el-first '><span class='hr-inner '><span class=\"hr-inner-style\"><\/span><\/span><\/div><br \/>\n<section  class='av_textblock_section av-av_textblock-0366cc7376be6c9e82a3e9cc8987b64f '   itemscope=\"itemscope\" itemtype=\"https:\/\/schema.org\/CreativeWork\" ><div class='avia_textblock'  itemprop=\"text\" ><p style=\"text-align: center;\"><a href=\"http:\/\/www.chikudo-bamboo-flutes.com\/wp-content\/uploads\/2014\/07\/estampe-shaku.jpg\"><img loading=\"lazy\" decoding=\"async\" class=\"alignnone size-full wp-image-140\" src=\"http:\/\/www.chikudo-bamboo-flutes.com\/wp-content\/uploads\/2014\/07\/estampe-shaku.jpg\" alt=\"estampe-shaku\" width=\"224\" height=\"300\" \/><\/a><\/p>\n<\/div><\/section><\/p><\/div><div  class='flex_column av-av_one_half-2a9015ff38129c418a3f2eafba3e9512 av_one_half  avia-builder-el-9  el_after_av_one_third  el_before_av_one_half  first flex_column_div  column-top-margin'     ><p><div  class='avia-video av-av_video-ce3279f0293175cfc2635d46f4552984 avia-video-16-9 av-no-preview-image avia-video-load-always av-lazyload-immediate av-lazyload-video-embed'  itemprop=\"video\" itemtype=\"https:\/\/schema.org\/VideoObject\"  data-original_url='https:\/\/www.youtube.com\/watch?v=ilOUICPW5zg'><script type='text\/html' class='av-video-tmpl'><div class='avia-iframe-wrap'><iframe loading=\"lazy\" title=\"Yamaguchi Goro : &quot;Sokaku Reibo&quot;\u3000\u300c\u5de3\u9db4\u9234\u6155\u300d\" width=\"1333\" height=\"1000\" src=\"https:\/\/www.youtube.com\/embed\/ilOUICPW5zg?feature=oembed&autoplay=0&loop=0&controls=1&mute=0\" frameborder=\"0\" allow=\"accelerometer; autoplay; clipboard-write; encrypted-media; gyroscope; picture-in-picture; web-share\" referrerpolicy=\"strict-origin-when-cross-origin\" allowfullscreen><\/iframe><\/div><\/script><div class='av-click-to-play-overlay'><div class=\"avia_playpause_icon\"><\/div><\/div><\/div><br \/>\n<section  class='av_textblock_section av-av_textblock-0366cc7376be6c9e82a3e9cc8987b64f '   itemscope=\"itemscope\" itemtype=\"https:\/\/schema.org\/CreativeWork\" ><div class='avia_textblock'  itemprop=\"text\" ><p style=\"text-align: center;\">Ecoutez le ma\u00eetre<strong> Yamaguchi Goro<\/strong><\/p>\n<p style=\"text-align: center;\">jouant \u00ab\u00a0<em>Sokaku Reibo<\/em>\u00ab\u00a0<\/p>\n<\/div><\/section><\/p><\/div><\/p>\n\n<style type=\"text\/css\" data-created_by=\"avia_inline_auto\" id=\"style-css-av-av_one_half-9c1d454dc06f7247226bc4e8f931daae\">\n.flex_column.av-av_one_half-9c1d454dc06f7247226bc4e8f931daae{\nborder-radius:0px 0px 0px 0px;\npadding:0px 0px 0px 0px;\n}\n<\/style>\n<div  class='flex_column av-av_one_half-9c1d454dc06f7247226bc4e8f931daae av_one_half  avia-builder-el-12  el_after_av_one_half  avia-builder-el-last  flex_column_div av-zero-column-padding  column-top-margin'     ><p><div  class='hr av-av_hr-c69e1af1bad63c3964cc522caf796498 hr-short  avia-builder-el-13  el_before_av_textblock  avia-builder-el-first  hr-center'><span class='hr-inner '><span class=\"hr-inner-style\"><\/span><\/span><\/div><br \/>\n<section  class='av_textblock_section av-av_textblock-5423793a0e82d2455362b4eba580b48d '   itemscope=\"itemscope\" itemtype=\"https:\/\/schema.org\/CreativeWork\" ><div class='avia_textblock'  itemprop=\"text\" ><p style=\"text-align: center;\"><strong>La musique du Shakuhachi est profonde, intense et m\u00e9ditative <\/strong><\/p>\n<p style=\"text-align: center;\"><strong>son timbre unique est une invitation au voyage int\u00e9rieur.<\/strong><\/p>\n<\/div><\/section><br \/>\n<div  class='hr av-av_hr-c69e1af1bad63c3964cc522caf796498 hr-short  avia-builder-el-15  el_after_av_textblock  avia-builder-el-last  hr-center'><span class='hr-inner '><span class=\"hr-inner-style\"><\/span><\/span><\/div><\/p><\/div>\n","protected":false},"excerpt":{"rendered":"","protected":false},"author":1,"featured_media":0,"parent":0,"menu_order":0,"comment_status":"closed","ping_status":"open","template":"","meta":{"footnotes":""},"class_list":["post-47","page","type-page","status-publish","hentry"],"_links":{"self":[{"href":"https:\/\/www.chikudo-bamboo-flutes.com\/fr\/wp-json\/wp\/v2\/pages\/47","targetHints":{"allow":["GET"]}}],"collection":[{"href":"https:\/\/www.chikudo-bamboo-flutes.com\/fr\/wp-json\/wp\/v2\/pages"}],"about":[{"href":"https:\/\/www.chikudo-bamboo-flutes.com\/fr\/wp-json\/wp\/v2\/types\/page"}],"author":[{"embeddable":true,"href":"https:\/\/www.chikudo-bamboo-flutes.com\/fr\/wp-json\/wp\/v2\/users\/1"}],"replies":[{"embeddable":true,"href":"https:\/\/www.chikudo-bamboo-flutes.com\/fr\/wp-json\/wp\/v2\/comments?post=47"}],"version-history":[{"count":16,"href":"https:\/\/www.chikudo-bamboo-flutes.com\/fr\/wp-json\/wp\/v2\/pages\/47\/revisions"}],"predecessor-version":[{"id":1259,"href":"https:\/\/www.chikudo-bamboo-flutes.com\/fr\/wp-json\/wp\/v2\/pages\/47\/revisions\/1259"}],"wp:attachment":[{"href":"https:\/\/www.chikudo-bamboo-flutes.com\/fr\/wp-json\/wp\/v2\/media?parent=47"}],"curies":[{"name":"wp","href":"https:\/\/api.w.org\/{rel}","templated":true}]}}